{"id":797,"date":"2018-04-25T14:27:39","date_gmt":"2018-04-25T12:27:39","guid":{"rendered":"http:\/\/virtuapartner.com\/?page_id=797"},"modified":"2025-11-11T23:45:59","modified_gmt":"2025-11-11T22:45:59","slug":"agence-digitale","status":"publish","type":"page","link":"https:\/\/virtuapartner.com\/pt\/agence-digitale\/","title":{"rendered":"Ag\u00eancia Digital"},"content":{"rendered":"<div class=\"wpb-content-wrapper\"><p>[vc_row][vc_column][vc_column_text]<\/p>\n<p style=\"text-align: center;\">Du simple site vitrine, aux projets plus complexes, nous mettons tout en \u0153uvre pour mener \u00e0 bien vos projets de site internet\u2026<\/p>\n<p>[\/vc_column_text][vc_separator style=&#8221;shadow&#8221; el_width=&#8221;70&#8243;][vc_empty_space][\/vc_column][\/vc_row][vc_row][vc_column width=&#8221;1\/2&#8243;][vc_single_image image=&#8221;804&#8243; img_size=&#8221;full&#8221;][\/vc_column][vc_column width=&#8221;1\/2&#8243;]<div class=\"dt-fancy-separator title-left h3-size style-disabled title-color accent-border-color\" style=\"width: 100%;\"><div class=\"dt-fancy-title\"><span class=\"separator-holder separator-left\"><\/span>Votre environnement digital<span class=\"separator-holder separator-right\"><\/span><\/div><\/div>[vc_separator color=&#8221;custom&#8221; align=&#8221;align_left&#8221; border_width=&#8221;2&#8243; el_width=&#8221;30&#8243; accent_color=&#8221;#3589bc&#8221;][vc_column_text css=&#8221;&#8221;]<\/p>\n<div style=\"text-align: justify;\">\n<p><span class=\"txt-blanc\">La cr\u00e9ation de site internet est constitu\u00e9e de plusieurs <a href=\"https:\/\/coffee-profi.com.ua\">more<\/a> \u00e9tapes aussi importantes les unes que les autres, dont chacune doit \u00eatre respect\u00e9e.<\/span><\/p>\n<p>La philosophie de <strong><span style=\"color: #3589bc;\">Virtua<\/span>Partner<\/strong> est tr\u00e8s simple: cr\u00e9er des sites internet au design de qualit\u00e9 et qui transmettent votre message de mani\u00e8re claire, simple et efficace. Nous facilitons toutes les \u00e9tapes en nous occupant de la cr\u00e9ation de votre projet de A \u00e0 Z avec un&nbsp;<strong>interlocuteur unique,&nbsp;<span style=\"color: #3589bc;\">Virtua<\/span>Partner.<br \/>\n<\/strong><\/p>\n<p>Notre premi\u00e8re approche est de mieux vous conna\u00eetre pour mieux cr\u00e9er et de cibler pr\u00e9cis\u00e9ment quels sont vos besoins et ceux de vos prospects. Nous <a href=\"https:\/\/orlovsky1.com.ua\/\"><span data-sheets-root=\"1\">\u041a\u043e\u043c\u043f\u0430\u043d\u0456\u044f Financial Freedom Academy<\/span><\/a> vous proposons des solutions intuitives et cr\u00e9atives qui d\u00e9finiront un plan de communication en continuit\u00e9 avec l\u2019identit\u00e9 de votre entreprise. Nos solutions ont pour but d\u2019\u00eatre le plus efficace possible, adapt\u00e9es, \u00e9volutives, simples et modulables.<\/p>\n<\/div>\n<p>[\/vc_column_text][\/vc_column][\/vc_row][vc_row][vc_column][vc_separator style=&#8221;shadow&#8221;][vc_custom_heading text=&#8221;Des outils puissants\u2026&#8221; font_container=&#8221;tag:h2|text_align:center|color:%235e5e5e&#8221;][vc_column_text]<\/p>\n<p style=\"text-align: center;\">\u2026pour g\u00e9rer seul votre site internet et augmenter la e-notoriot\u00e9 de votre projet digital.<\/p>\n<p>[\/vc_column_text][vc_separator color=&#8221;custom&#8221; border_width=&#8221;2&#8243; el_width=&#8221;20&#8243; accent_color=&#8221;#3589bc&#8221;][vc_empty_space][\/vc_column][\/vc_row][vc_row][vc_column width=&#8221;7\/12&#8243;][vc_row_inner][vc_column_inner width=&#8221;1\/3&#8243;][vc_icon icon_fontawesome=&#8221;fa fa-wordpress&#8221; color=&#8221;custom&#8221; size=&#8221;lg&#8221; align=&#8221;center&#8221; custom_color=&#8221;#aaaaaa&#8221;][vc_column_text]<\/p>\n<p style=\"text-align: center;\"><span style=\"color: #999999; font-size: 20px;\">WordPress<\/span><\/p>\n<p>[\/vc_column_text][vc_column_text]<\/p>\n<div style=\"text-align: justify;\">Simple \u00e0 utiliser pour ajouter du contenu, cr\u00e9er des pages, t\u00e9l\u00e9charger des photos, organiser les menus, avec tr\u00e8s peu d\u2019apprentissage\u2026.<\/div>\n<p>[\/vc_column_text][\/vc_column_inner][vc_column_inner width=&#8221;1\/3&#8243;][vc_icon icon_fontawesome=&#8221;fa fa-mobile&#8221; color=&#8221;custom&#8221; size=&#8221;lg&#8221; align=&#8221;center&#8221; custom_color=&#8221;#aaaaaa&#8221;][vc_column_text]<\/p>\n<p style=\"text-align: center;\"><span style=\"color: #999999; font-size: 20px;\">Mobile<\/span><\/p>\n<p>[\/vc_column_text][vc_column_text]<\/p>\n<div style=\"text-align: justify;\">Tous nos sites sont d\u00e9sormais dot\u00e9s d\u2019une version responsive et s\u2019adaptent parfaitement sur n\u2019importe quels smartphones ou tablettes sur le march\u00e9\u2026<\/div>\n<p>[\/vc_column_text][\/vc_column_inner][vc_column_inner width=&#8221;1\/3&#8243;][vc_icon icon_fontawesome=&#8221;fa fa-money&#8221; color=&#8221;custom&#8221; size=&#8221;lg&#8221; align=&#8221;center&#8221; custom_color=&#8221;#aaaaaa&#8221;][vc_column_text]<\/p>\n<p style=\"text-align: center;\"><span style=\"color: #999999; font-size: 18px;\">E-commerce<\/span><\/p>\n<p>[\/vc_column_text][vc_column_text]<\/p>\n<div style=\"text-align: justify;\">Commencez d\u00e9s maintenant \u00e0 promouvoir votre commerce en ligne gr\u00e2ce \u00e0 notre solution web et vendez vos produits depuis notre plateforme simple d\u2019acc\u00e8s !<\/div>\n<p>[\/vc_column_text][\/vc_column_inner][\/vc_row_inner][\/vc_column][vc_column width=&#8221;5\/12&#8243;][vc_row_inner][vc_column_inner width=&#8221;1\/2&#8243;][vc_icon icon_fontawesome=&#8221;fa fa-table&#8221; color=&#8221;custom&#8221; size=&#8221;lg&#8221; align=&#8221;center&#8221; custom_color=&#8221;#aaaaaa&#8221;][vc_column_text]<\/p>\n<p style=\"text-align: center;\"><span style=\"color: #999999; font-size: 18px;\">Module de r\u00e9servation<\/span><\/p>\n<p>[\/vc_column_text][vc_column_text]<\/p>\n<div style=\"text-align: justify;\">Profitez de notre module de r\u00e9servation, chambres d\u2019h\u00f4tel, gites, location voiture, et g\u00e9rer les r\u00e9servations de vos clients directement depuis votre interface web d\u00e9di\u00e9e\u2026<\/div>\n<p>[\/vc_column_text][\/vc_column_inner][vc_column_inner width=&#8221;1\/2&#8243;][vc_icon type=&#8221;openiconic&#8221; icon_openiconic=&#8221;vc-oi vc-oi-popup&#8221; color=&#8221;custom&#8221; size=&#8221;lg&#8221; align=&#8221;center&#8221; custom_color=&#8221;#aaaaaa&#8221;][vc_column_text css=&#8221;.vc_custom_1524662157989{margin-top: 15px !important;}&#8221;]<\/p>\n<p style=\"text-align: center;\"><span style=\"color: #999999; font-size: 18px;\">Portail immo<\/span><\/p>\n<p>[\/vc_column_text][vc_column_text]<\/p>\n<div style=\"text-align: justify;\">Notre solution de portail immobilier est LA solution pour tous les professionnels de l&#8217;immobiler. Et 100% adapt\u00e9e \u00e0 la VR!<\/div>\n<p>[\/vc_column_text][\/vc_column_inner][\/vc_row_inner][\/vc_column][\/vc_row][vc_row type=&#8221;vc_default&#8221; full_width=&#8221;stretch_row_content_no_spaces&#8221; css=&#8221;.vc_custom_1524664464294{margin-bottom: -30px !important;}&#8221;][vc_column][vc_separator color=&#8221;custom&#8221; border_width=&#8221;5&#8243; accent_color=&#8221;#3589bc&#8221;][\/vc_column][\/vc_row][vc_row type=&#8221;vc_default&#8221; full_width=&#8221;stretch_row&#8221; parallax=&#8221;content-moving&#8221; parallax_image=&#8221;807&#8243;][vc_column][vc_empty_space height=&#8221;52px&#8221;][vc_row_inner content_placement=&#8221;middle&#8221;][vc_column_inner width=&#8221;1\/2&#8243;]<div class=\"dt-fancy-separator title-left h1-size\" style=\"width: 100%;\"><div class=\"dt-fancy-title\" style=\"color: #ffffff;\"><span class=\"separator-holder separator-left\"><\/span>Le responsive design<span class=\"separator-holder separator-right\"><\/span><\/div><\/div>[vc_column_text]<span style=\"color: #ffffff; font-size: 18px;\">Pour que votre site s&#8217;adapte sur tout support &#8230;<\/span>[\/vc_column_text][vc_column_text]<\/p>\n<div style=\"text-align: justify;\"><span style=\"color: #ffffff;\">Un site compatible sur ces plates-formes est aujourd\u2019hui indispensable pour \u00eatre vu au yeux de tous , que ce soit \u00e0 la maison, au travail ou en d\u00e9placement. Avec pr\u00e8s de 5 milliards d&#8217;unit\u00e9s dans le monde (source <em>We are social<\/em>, avril 2017), les smartphones et tablettes ont r\u00e9volutionn\u00e9 le monde du surf mobile. Ces supports sont consid\u00e9r\u00e9s comme un v\u00e9ritable ordinateur \u00e0 part enti\u00e8re, l\u2019email et la navigation sur le web sont les fonctions les plus utilis\u00e9es.<\/span><br \/>\n<span style=\"color: #ffffff;\">Ce type de site est \u00e0 consid\u00e9rer comme une carte de visite au format Smartphone. Il int\u00e9grera \u00e9galement les boutons d\u2019usage (appel t\u00e9l\u00e9phonique automatique, contact par mail, localisation GoogleMaps \u00a9).<\/span><br \/>\n<span style=\"color: #ffffff;\">Une redirection sera assur\u00e9e pour tous vos visiteurs vers votre site \u00abMobile \u00bb d\u00e8s lors qu\u2019ils surferont avec ce mobile vers votre site web.<\/span><\/div>\n<p>[\/vc_column_text][\/vc_column_inner][vc_column_inner width=&#8221;1\/2&#8243;][vc_single_image image=&#8221;808&#8243; img_size=&#8221;full&#8221; css=&#8221;.vc_custom_1524666946847{margin-bottom: -53px !important;}&#8221;][\/vc_column_inner][\/vc_row_inner][vc_empty_space height=&#8221;52px&#8221;][\/vc_column][\/vc_row][vc_row type=&#8221;vc_default&#8221; full_width=&#8221;stretch_row_content_no_spaces&#8221; css=&#8221;.vc_custom_1524664507280{margin-top: -36px !important;}&#8221;][vc_column][vc_separator color=&#8221;custom&#8221; border_width=&#8221;5&#8243; accent_color=&#8221;#3589bc&#8221;][\/vc_column][\/vc_row][vc_row type=&#8221;vc_default&#8221;][vc_column][vc_empty_space][vc_column_text]<\/p>\n<p style=\"text-align: center;\"><span style=\"font-size: 30px;\"><span style=\"color: #333333;\">Quelques une de nos r\u00e9alisations digitales<\/span><\/span><\/p>\n<p>[\/vc_column_text][vc_column_text]<\/p>\n<p style=\"text-align: center;\">Sites internet avec reportage photos hd, video drone, modules de gestion simplifies, portails immobilier\u2026<\/p>\n<p>[\/vc_column_text][vc_separator color=&#8221;custom&#8221; border_width=&#8221;2&#8243; el_width=&#8221;20&#8243; accent_color=&#8221;#3589bc&#8221;][vc_separator style=&#8221;shadow&#8221;][\/vc_column][\/vc_row][vc_row type=&#8221;vc_default&#8221; full_width=&#8221;stretch_row_content_no_spaces&#8221;][vc_column]<div id=\"ult-carousel-364501935269f1fcd3edbd9\" class=\"ult-carousel-wrapper   ult_horizontal\" data-gutter=\"15\" data-rtl=\"false\" ><div class=\"ult-carousel-196364540469f1fcd3ed750 \" >[vc_single_image image=&#8221;1112&#8243; img_size=&#8221;full&#8221; alignment=&#8221;center&#8221; onclick=&#8221;custom_link&#8221; img_link_target=&#8221;_blank&#8221; link=&#8221;https:\/\/www.coco-kafe.restaurantguadeloupe.biz\/&#8221; title=&#8221;Restaurant&#8221;][vc_single_image image=&#8221;1115&#8243; img_size=&#8221;full&#8221; alignment=&#8221;center&#8221; onclick=&#8221;custom_link&#8221; img_link_target=&#8221;_blank&#8221; link=&#8221;https:\/\/www.livea.fr\/&#8221; title=&#8221;E-commerce&#8221;][vc_single_image image=&#8221;815&#8243; img_size=&#8221;full&#8221; alignment=&#8221;center&#8221; onclick=&#8221;custom_link&#8221; img_link_target=&#8221;_blank&#8221; link=&#8221;http:\/\/bleucitron.virtuimo.com\/&#8221; title=&#8221;Agence immo&#8221;][vc_single_image image=&#8221;816&#8243; img_size=&#8221;full&#8221; alignment=&#8221;center&#8221; onclick=&#8221;custom_link&#8221; img_link_target=&#8221;_blank&#8221; link=&#8221;http:\/\/domaine-lucinthe-idalie.com\/&#8221; title=&#8221;Jardin botanique&#8221;][vc_single_image image=&#8221;817&#8243; img_size=&#8221;full&#8221; alignment=&#8221;center&#8221; onclick=&#8221;custom_link&#8221; img_link_target=&#8221;_blank&#8221; link=&#8221;http:\/\/fregatedesiles.com\/&#8221; title=&#8221;Agence de voyage&#8221;][vc_single_image image=&#8221;818&#8243; img_size=&#8221;full&#8221; alignment=&#8221;center&#8221; onclick=&#8221;custom_link&#8221; img_link_target=&#8221;_blank&#8221; link=&#8221;http:\/\/jekonomiz.com\/&#8221; title=&#8221;Assurances&#8221;][vc_single_image image=&#8221;819&#8243; img_size=&#8221;full&#8221; alignment=&#8221;center&#8221; onclick=&#8221;custom_link&#8221; img_link_target=&#8221;_blank&#8221; link=&#8221;http:\/\/kjd.digitallis.fr\/&#8221; title=&#8221;Investir&#8221;][vc_single_image image=&#8221;820&#8243; img_size=&#8221;full&#8221; alignment=&#8221;center&#8221; onclick=&#8221;custom_link&#8221; img_link_target=&#8221;_blank&#8221; link=&#8221;http:\/\/www.larandeau.com\/&#8221; title=&#8221;Plong\u00e9e&#8221;][vc_single_image image=&#8221;821&#8243; img_size=&#8221;full&#8221; alignment=&#8221;center&#8221; onclick=&#8221;custom_link&#8221; img_link_target=&#8221;_blank&#8221; link=&#8221;http:\/\/www.veterinaire-guadeloupe.com\/&#8221; title=&#8221;V\u00e9t\u00e9rinaire&#8221;]<\/div><\/div>\t\t\t<script type=\"text\/javascript\">\n\t\t\t\tjQuery(document).ready(function ($) {\n\t\t\t\t\tif( typeof jQuery('.ult-carousel-196364540469f1fcd3ed750').slick == \"function\"){\n\t\t\t\t\t\t$('.ult-carousel-196364540469f1fcd3ed750').slick({dots: true,autoplay: true,autoplaySpeed: \"5000\",speed: \"300\",infinite: true,arrows: true,nextArrow: '<button type=\"button\" role=\"button\" aria-label=\"Next\" style=\"color:#333333; font-size:20px;\" class=\"slick-next default\"><i class=\"ultsl-arrow-right4\"><\/i><\/button>',prevArrow: '<button type=\"button\" role=\"button\" aria-label=\"Previous\" style=\"color:#333333; font-size:20px;\" class=\"slick-prev default\"><i class=\"ultsl-arrow-left4\"><\/i><\/button>',slidesToScroll:1,slidesToShow:5,swipe: true,draggable: true,touchMove: true,pauseOnHover: true,pauseOnFocus: false,responsive: [\n\t\t\t\t\t\t\t{\n\t\t\t\t\t\t\t  breakpoint: 1026,\n\t\t\t\t\t\t\t  settings: {\n\t\t\t\t\t\t\t\tslidesToShow: 5,\n\t\t\t\t\t\t\t\tslidesToScroll: 1,  \n\t\t\t\t\t\t\t  }\n\t\t\t\t\t\t\t},\n\t\t\t\t\t\t\t{\n\t\t\t\t\t\t\t  breakpoint: 1025,\n\t\t\t\t\t\t\t  settings: {\n\t\t\t\t\t\t\t\tslidesToShow: 3,\n\t\t\t\t\t\t\t\tslidesToScroll: 1\n\t\t\t\t\t\t\t  }\n\t\t\t\t\t\t\t},\n\t\t\t\t\t\t\t{\n\t\t\t\t\t\t\t  breakpoint: 760,\n\t\t\t\t\t\t\t  settings: {\n\t\t\t\t\t\t\t\tslidesToShow: 2,\n\t\t\t\t\t\t\t\tslidesToScroll: 1\n\t\t\t\t\t\t\t  }\n\t\t\t\t\t\t\t}\n\t\t\t\t\t\t],pauseOnDotsHover: true,customPaging: function(slider, i) {\n                   return '<i type=\"button\" style= \"color:#333333;\" class=\"ultsl-record\" data-role=\"none\"><\/i>';\n                },});\n\t\t\t\t\t}\n\t\t\t\t});\n\t\t\t<\/script>\n\t\t\t[\/vc_column][\/vc_row]<\/p>\n<\/div>","protected":false},"excerpt":{"rendered":"<p>[vc_row][vc_column][vc_column_text] Du simple site vitrine, aux projets plus complexes, nous mettons tout en \u0153uvre pour mener \u00e0 bien vos projets de site internet\u2026 [\/vc_column_text][vc_separator style=&#8221;shadow&#8221; el_width=&#8221;70&#8243;][vc_empty_space][\/vc_column][\/vc_row][vc_row][vc_column width=&#8221;1\/2&#8243;][vc_single_image image=&#8221;804&#8243; img_size=&#8221;full&#8221;][\/vc_column][vc_column width=&#8221;1\/2&#8243;][vc_separator color=&#8221;custom&#8221; align=&#8221;align_left&#8221; border_width=&#8221;2&#8243; el_width=&#8221;30&#8243; accent_color=&#8221;#3589bc&#8221;][vc_column_text css=&#8221;&#8221;] La cr\u00e9ation de site internet est constitu\u00e9e de plusieurs more \u00e9tapes aussi importantes les unes que les autres, dont&hellip;<\/p>\n","protected":false},"author":1,"featured_media":804,"parent":0,"menu_order":0,"comment_status":"closed","ping_status":"closed","template":"","meta":{"_exactmetrics_skip_tracking":false,"_exactmetrics_sitenote_active":false,"_exactmetrics_sitenote_note":"","_exactmetrics_sitenote_category":0,"footnotes":""},"class_list":["post-797","page","type-page","status-publish","has-post-thumbnail","hentry","description-off"],"yoast_head":"<!-- This site is optimized with the Yoast SEO plugin v27.5 - https:\/\/yoast.com\/product\/yoast-seo-wordpress\/ -->\n<title>VIRTUA PARTNER - Agence digital innovante<\/title>\n<meta name=\"robots\" content=\"index, follow, max-snippet:-1, max-image-preview:large, max-video-preview:-1\" \/>\n<link rel=\"canonical\" href=\"https:\/\/virtuapartner.com\/agence-digitale\/\" \/>\n<meta property=\"og:locale\" content=\"pt_PT\" \/>\n<meta property=\"og:type\" content=\"article\" \/>\n<meta property=\"og:title\" content=\"[:fr]VIRTUA PARTNER - Agence digital innovante [:]\" \/>\n<meta property=\"og:description\" content=\"[vc_row][vc_column][vc_column_text] Du simple site vitrine, aux projets plus complexes, nous mettons tout en \u0153uvre pour mener \u00e0 bien vos projets de site internet\u2026 [\/vc_column_text][vc_separator style=&#8221;shadow&#8221; el_width=&#8221;70&#8243;][vc_empty_space][\/vc_column][\/vc_row][vc_row][vc_column width=&#8221;1\/2&#8243;][vc_single_image image=&#8221;804&#8243; img_size=&#8221;full&#8221;][\/vc_column][vc_column width=&#8221;1\/2&#8243;][vc_separator color=&#8221;custom&#8221; align=&#8221;align_left&#8221; border_width=&#8221;2&#8243; el_width=&#8221;30&#8243; accent_color=&#8221;#3589bc&#8221;][vc_column_text css=&#8221;&#8221;] La cr\u00e9ation de site internet est constitu\u00e9e de plusieurs more \u00e9tapes aussi importantes les unes que les autres, dont&hellip;\" \/>\n<meta property=\"og:url\" content=\"https:\/\/virtuapartner.com\/agence-digitale\/\" \/>\n<meta property=\"og:site_name\" content=\"Virtuapartner\" \/>\n<meta property=\"article:modified_time\" content=\"2025-11-11T22:45:59+00:00\" \/>\n<meta property=\"og:image\" content=\"https:\/\/virtuapartner.com\/wp-content\/uploads\/2018\/04\/ordiavecweb.jpg\" \/>\n\t<meta property=\"og:image:width\" content=\"569\" \/>\n\t<meta property=\"og:image:height\" content=\"386\" \/>\n\t<meta property=\"og:image:type\" content=\"image\/jpeg\" \/>\n<meta name=\"twitter:card\" content=\"summary_large_image\" \/>\n<meta name=\"twitter:label1\" content=\"Tempo estimado de leitura\" \/>\n\t<meta name=\"twitter:data1\" content=\"16 minutos\" \/>\n<script type=\"application\/ld+json\" class=\"yoast-schema-graph\">{\"@context\":\"https:\\\/\\\/schema.org\",\"@graph\":[{\"@type\":\"WebPage\",\"@id\":\"https:\\\/\\\/virtuapartner.com\\\/agence-digitale\\\/\",\"url\":\"https:\\\/\\\/virtuapartner.com\\\/agence-digitale\\\/\",\"name\":\"[:fr]VIRTUA PARTNER - Agence digital innovante [:]\",\"isPartOf\":{\"@id\":\"https:\\\/\\\/virtuapartner.com\\\/fr\\\/#website\"},\"primaryImageOfPage\":{\"@id\":\"https:\\\/\\\/virtuapartner.com\\\/agence-digitale\\\/#primaryimage\"},\"image\":{\"@id\":\"https:\\\/\\\/virtuapartner.com\\\/agence-digitale\\\/#primaryimage\"},\"thumbnailUrl\":\"https:\\\/\\\/virtuapartner.com\\\/wp-content\\\/uploads\\\/2018\\\/04\\\/ordiavecweb.jpg\",\"datePublished\":\"2018-04-25T12:27:39+00:00\",\"dateModified\":\"2025-11-11T22:45:59+00:00\",\"breadcrumb\":{\"@id\":\"https:\\\/\\\/virtuapartner.com\\\/agence-digitale\\\/#breadcrumb\"},\"inLanguage\":\"pt-PT\",\"potentialAction\":[{\"@type\":\"ReadAction\",\"target\":[\"https:\\\/\\\/virtuapartner.com\\\/agence-digitale\\\/\"]}]},{\"@type\":\"ImageObject\",\"inLanguage\":\"pt-PT\",\"@id\":\"https:\\\/\\\/virtuapartner.com\\\/agence-digitale\\\/#primaryimage\",\"url\":\"https:\\\/\\\/virtuapartner.com\\\/wp-content\\\/uploads\\\/2018\\\/04\\\/ordiavecweb.jpg\",\"contentUrl\":\"https:\\\/\\\/virtuapartner.com\\\/wp-content\\\/uploads\\\/2018\\\/04\\\/ordiavecweb.jpg\",\"width\":569,\"height\":386},{\"@type\":\"BreadcrumbList\",\"@id\":\"https:\\\/\\\/virtuapartner.com\\\/agence-digitale\\\/#breadcrumb\",\"itemListElement\":[{\"@type\":\"ListItem\",\"position\":1,\"name\":\"Accueil\",\"item\":\"https:\\\/\\\/virtuapartner.com\\\/\"},{\"@type\":\"ListItem\",\"position\":2,\"name\":\"[:fr]Agence digitale[:es]Agencia digital[:en]Digital Agency[:pt]Ag\u00eancia Digital[:]\"}]},{\"@type\":\"WebSite\",\"@id\":\"https:\\\/\\\/virtuapartner.com\\\/fr\\\/#website\",\"url\":\"https:\\\/\\\/virtuapartner.com\\\/fr\\\/\",\"name\":\"Virtuapartner\",\"description\":\"visite virtuelle - Visites virtuelles 360 interactives\",\"potentialAction\":[{\"@type\":\"SearchAction\",\"target\":{\"@type\":\"EntryPoint\",\"urlTemplate\":\"https:\\\/\\\/virtuapartner.com\\\/fr\\\/?s={search_term_string}\"},\"query-input\":{\"@type\":\"PropertyValueSpecification\",\"valueRequired\":true,\"valueName\":\"search_term_string\"}}],\"inLanguage\":\"pt-PT\"}]}<\/script>\n<!-- \/ Yoast SEO plugin. -->","yoast_head_json":{"title":"VIRTUA PARTNER - Agence digital innovante","robots":{"index":"index","follow":"follow","max-snippet":"max-snippet:-1","max-image-preview":"max-image-preview:large","max-video-preview":"max-video-preview:-1"},"canonical":"https:\/\/virtuapartner.com\/agence-digitale\/","og_locale":"pt_PT","og_type":"article","og_title":"[:fr]VIRTUA PARTNER - Agence digital innovante [:]","og_description":"[vc_row][vc_column][vc_column_text] Du simple site vitrine, aux projets plus complexes, nous mettons tout en \u0153uvre pour mener \u00e0 bien vos projets de site internet\u2026 [\/vc_column_text][vc_separator style=&#8221;shadow&#8221; el_width=&#8221;70&#8243;][vc_empty_space][\/vc_column][\/vc_row][vc_row][vc_column width=&#8221;1\/2&#8243;][vc_single_image image=&#8221;804&#8243; img_size=&#8221;full&#8221;][\/vc_column][vc_column width=&#8221;1\/2&#8243;][vc_separator color=&#8221;custom&#8221; align=&#8221;align_left&#8221; border_width=&#8221;2&#8243; el_width=&#8221;30&#8243; accent_color=&#8221;#3589bc&#8221;][vc_column_text css=&#8221;&#8221;] La cr\u00e9ation de site internet est constitu\u00e9e de plusieurs more \u00e9tapes aussi importantes les unes que les autres, dont&hellip;","og_url":"https:\/\/virtuapartner.com\/agence-digitale\/","og_site_name":"Virtuapartner","article_modified_time":"2025-11-11T22:45:59+00:00","og_image":[{"width":569,"height":386,"url":"https:\/\/virtuapartner.com\/wp-content\/uploads\/2018\/04\/ordiavecweb.jpg","type":"image\/jpeg"}],"twitter_card":"summary_large_image","twitter_misc":{"Tempo estimado de leitura":"16 minutos"},"schema":{"@context":"https:\/\/schema.org","@graph":[{"@type":"WebPage","@id":"https:\/\/virtuapartner.com\/agence-digitale\/","url":"https:\/\/virtuapartner.com\/agence-digitale\/","name":"[:fr]VIRTUA PARTNER - Agence digital innovante [:]","isPartOf":{"@id":"https:\/\/virtuapartner.com\/fr\/#website"},"primaryImageOfPage":{"@id":"https:\/\/virtuapartner.com\/agence-digitale\/#primaryimage"},"image":{"@id":"https:\/\/virtuapartner.com\/agence-digitale\/#primaryimage"},"thumbnailUrl":"https:\/\/virtuapartner.com\/wp-content\/uploads\/2018\/04\/ordiavecweb.jpg","datePublished":"2018-04-25T12:27:39+00:00","dateModified":"2025-11-11T22:45:59+00:00","breadcrumb":{"@id":"https:\/\/virtuapartner.com\/agence-digitale\/#breadcrumb"},"inLanguage":"pt-PT","potentialAction":[{"@type":"ReadAction","target":["https:\/\/virtuapartner.com\/agence-digitale\/"]}]},{"@type":"ImageObject","inLanguage":"pt-PT","@id":"https:\/\/virtuapartner.com\/agence-digitale\/#primaryimage","url":"https:\/\/virtuapartner.com\/wp-content\/uploads\/2018\/04\/ordiavecweb.jpg","contentUrl":"https:\/\/virtuapartner.com\/wp-content\/uploads\/2018\/04\/ordiavecweb.jpg","width":569,"height":386},{"@type":"BreadcrumbList","@id":"https:\/\/virtuapartner.com\/agence-digitale\/#breadcrumb","itemListElement":[{"@type":"ListItem","position":1,"name":"Accueil","item":"https:\/\/virtuapartner.com\/"},{"@type":"ListItem","position":2,"name":"[:fr]Agence digitale[:es]Agencia digital[:en]Digital Agency[:pt]Ag\u00eancia Digital[:]"}]},{"@type":"WebSite","@id":"https:\/\/virtuapartner.com\/fr\/#website","url":"https:\/\/virtuapartner.com\/fr\/","name":"Virtuapartner","description":"visite virtuelle - Visites virtuelles 360 interactives","potentialAction":[{"@type":"SearchAction","target":{"@type":"EntryPoint","urlTemplate":"https:\/\/virtuapartner.com\/fr\/?s={search_term_string}"},"query-input":{"@type":"PropertyValueSpecification","valueRequired":true,"valueName":"search_term_string"}}],"inLanguage":"pt-PT"}]}},"_links":{"self":[{"href":"https:\/\/virtuapartner.com\/pt\/wp-json\/wp\/v2\/pages\/797","targetHints":{"allow":["GET"]}}],"collection":[{"href":"https:\/\/virtuapartner.com\/pt\/wp-json\/wp\/v2\/pages"}],"about":[{"href":"https:\/\/virtuapartner.com\/pt\/wp-json\/wp\/v2\/types\/page"}],"author":[{"embeddable":true,"href":"https:\/\/virtuapartner.com\/pt\/wp-json\/wp\/v2\/users\/1"}],"replies":[{"embeddable":true,"href":"https:\/\/virtuapartner.com\/pt\/wp-json\/wp\/v2\/comments?post=797"}],"version-history":[{"count":29,"href":"https:\/\/virtuapartner.com\/pt\/wp-json\/wp\/v2\/pages\/797\/revisions"}],"predecessor-version":[{"id":2753,"href":"https:\/\/virtuapartner.com\/pt\/wp-json\/wp\/v2\/pages\/797\/revisions\/2753"}],"wp:featuredmedia":[{"embeddable":true,"href":"https:\/\/virtuapartner.com\/pt\/wp-json\/wp\/v2\/media\/804"}],"wp:attachment":[{"href":"https:\/\/virtuapartner.com\/pt\/wp-json\/wp\/v2\/media?parent=797"}],"curies":[{"name":"wp","href":"https:\/\/api.w.org\/{rel}","templated":true}]}}