{"id":48,"date":"2017-02-24T12:36:30","date_gmt":"2017-02-24T11:36:30","guid":{"rendered":"http:\/\/virtuapartner.com\/?page_id=48"},"modified":"2025-11-09T10:16:07","modified_gmt":"2025-11-09T09:16:07","slug":"contact","status":"publish","type":"page","link":"https:\/\/virtuapartner.com\/pt\/contact\/","title":{"rendered":"Contato"},"content":{"rendered":"<div class=\"wpb-content-wrapper\"><p>[vc_row][vc_column][vc_column_text]<\/p>\n<h2 style=\"text-align: center;\">Estamos \u00e0 sua disposi\u00e7\u00e3o<\/h2>\n<p>[\/vc_column_text][vc_column_text]Precisa de informa\u00e7\u00f5es? De um or\u00e7amento? Ou mesmo de uma demonstra\u00e7\u00e3o de nossas solu\u00e7\u00f5es? N\u00e3o hesite em contactar-nos, se necess\u00e1rio. Teremos o maior prazer em conhec\u00ea-lo.[\/vc_column_text][vc_separator style=&#8221;shadow&#8221; el_width=&#8221;70&#8243;][vc_empty_space][\/vc_column][\/vc_row][vc_row type=&#8221;vc_default&#8221; full_width=&#8221;stretch_row&#8221; css=&#8221;.vc_custom_1488378077701{background-color: rgba(234,234,234,0.35) !important;*background-color: rgb(234,234,234) !important;}&#8221;][vc_column width=&#8221;1\/6&#8243;][vc_column_text]<\/p>\n<h3 style=\"text-align: center;\">Fran\u00e7a<\/h3>\n<p>[\/vc_column_text][vc_column_text]<\/p>\n<p style=\"text-align: center;\"><strong>+33 6 02 18 20 20<br \/>\n<\/strong><strong>+33 6 10 43 61 79<\/strong><br \/>\n<a href=\"mailto:fpech@virtuapartner.com\">Enviar email<\/a><\/p>\n<p>[\/vc_column_text][vc_gmaps link=&#8221;#E-8_JTNDaWZyYW1lJTIwc3JjJTNEJTIyaHR0cHMlM0ElMkYlMkZ3d3cuZ29vZ2xlLmNvbSUyRm1hcHMlMkZlbWJlZCUzRnBiJTNEJTIxMW0xNCUyMTFtMTIlMjExbTMlMjExZDQyNTMzNTAuNDQ4NzgxMDI3JTIxMmQzLjM4MzY4OTEzMTY3OTU5NDclMjEzZDQ2Ljk3NzE4NTI4ODc2MDg4NiUyMTJtMyUyMTFmMCUyMTJmMCUyMTNmMCUyMTNtMiUyMTFpMTAyNCUyMTJpNzY4JTIxNGYxMy4xJTIxNWUxJTIxM20yJTIxMXNlbiUyMTJzZnIlMjE0djE0OTIwOTQxNjM3ODklMjIlMjB3aWR0aCUzRCUyMjYwMCUyMiUyMGhlaWdodCUzRCUyMjQ1MCUyMiUyMGZyYW1lYm9yZGVyJTNEJTIyMCUyMiUyMHN0eWxlJTNEJTIyYm9yZGVyJTNBMCUyMiUyMGFsbG93ZnVsbHNjcmVlbiUzRSUzQyUyRmlmcmFtZSUzRQ==&#8221;][\/vc_column][vc_column width=&#8221;1\/6&#8243;][vc_column_text]<\/p>\n<h3 style=\"text-align: center;\">Monaco<\/h3>\n<p>[\/vc_column_text][vc_column_text]<\/p>\n<p style=\"text-align: center;\"><strong>06 02 18 20 20<br \/>\n<\/strong><br \/>\n<a href=\"mailto:fpech@virtuapartner.com\">Enviar email<\/a><\/p>\n<p>[\/vc_column_text][vc_gmaps link=&#8221;#E-8_JTNDaWZyYW1lJTIwc3JjJTNEJTIyaHR0cHMlM0ElMkYlMkZ3d3cuZ29vZ2xlLmNvbSUyRm1hcHMlMkZlbWJlZCUzRnBiJTNEJTIxMW0xNCUyMTFtMTIlMjExbTMlMjExZDE5NDA5LjMxMzk0MDI5ODE1NCUyMTJkNy40MjczOTYwMTcxOTU2NiUyMTNkNDMuNzMwOTI0NDcwMjI4MjklMjEybTMlMjExZjAlMjEyZjAlMjEzZjAlMjEzbTIlMjExaTEwMjQlMjEyaTc2OCUyMTRmMTMuMSUyMTVlMSUyMTNtMiUyMTFzZW4lMjEyc2ZyJTIxNHYxNDkyMDk0MjUwNTI3JTIyJTIwd2lkdGglM0QlMjI2MDAlMjIlMjBoZWlnaHQlM0QlMjI0NTAlMjIlMjBmcmFtZWJvcmRlciUzRCUyMjAlMjIlMjBzdHlsZSUzRCUyMmJvcmRlciUzQTAlMjIlMjBhbGxvd2Z1bGxzY3JlZW4lM0UlM0MlMkZpZnJhbWUlM0U=&#8221;][\/vc_column][vc_column width=&#8221;1\/6&#8243;][vc_column_text]<\/p>\n<h3 style=\"text-align: center;\">Caribe<\/h3>\n<p>[\/vc_column_text][vc_column_text]<\/p>\n<p style=\"text-align: center;\"><strong>06 90 31 02 31<br \/>\n<\/strong><br \/>\n<a href=\"mailto:lpeyramaure@virtuapartner.com\">Enviar email<\/a><\/p>\n<p>[\/vc_column_text][vc_gmaps link=&#8221;#E-8_JTNDaWZyYW1lJTIwc3JjJTNEJTIyaHR0cHMlM0ElMkYlMkZ3d3cuZ29vZ2xlLmNvbSUyRm1hcHMlMkZlbWJlZCUzRnBiJTNEJTIxMW0xNCUyMTFtMTIlMjExbTMlMjExZDMzODk2MTUuMDkwNTU1NSUyMTJkLTYwLjc1MzE4ODA0NDY3NDUzJTIxM2QxNS4xMjkwMTM5OTI4MTIzMzYlMjEybTMlMjExZjAlMjEyZjAlMjEzZjAlMjEzbTIlMjExaTEwMjQlMjEyaTc2OCUyMTRmMTMuMSUyMTVlMSUyMTNtMiUyMTFzZW4lMjEyc2ZyJTIxNHYxNDkyMDk0MzA3NDk2JTIyJTIwd2lkdGglM0QlMjI2MDAlMjIlMjBoZWlnaHQlM0QlMjI0NTAlMjIlMjBmcmFtZWJvcmRlciUzRCUyMjAlMjIlMjBzdHlsZSUzRCUyMmJvcmRlciUzQTAlMjIlMjBhbGxvd2Z1bGxzY3JlZW4lM0UlM0MlMkZpZnJhbWUlM0U=&#8221;][\/vc_column][vc_column width=&#8221;1\/6&#8243;][vc_column_text]<\/p>\n<h3 style=\"text-align: center;\">Sui\u00e7a<\/h3>\n<p>[\/vc_column_text][vc_column_text]<\/p>\n<p style=\"text-align: center;\"><strong>+41 79 847 21 38<br \/>\n+41 79 775 91 41<\/strong><br \/>\n<a href=\"mailto:vandrey@virtuapartner.ch\">Enviar email<\/a><\/p>\n<p>[\/vc_column_text][vc_gmaps link=&#8221;#E-8_JTNDaWZyYW1lJTIwc3JjJTNEJTIyaHR0cHMlM0ElMkYlMkZ3d3cuZ29vZ2xlLmNvbSUyRm1hcHMlMkZlbWJlZCUzRnBiJTNEJTIxMW0xOCUyMTFtMTIlMjExbTMlMjExZDE0OTYuMzY3NTE3MTQ5NSUyMTJkNi4wOTY5MTE5OTc2ODY1NzElMjEzZDQ2LjE1Njc0NTQ4MDc1MDY2NSUyMTJtMyUyMTFmMCUyMTJmMCUyMTNmMCUyMTNtMiUyMTFpMTAyNCUyMTJpNzY4JTIxNGYxMy4xJTIxM20zJTIxMW0yJTIxMXMweDQ3OGM3YjljYWIwZmUyYWYlMjUzQTB4NWNkMGFiNDVkYzJlYzRiMCUyMTJzUm91dGUlMkJkZSUyQlNhaW50LUp1bGllbiUyQjI1OCUyNTJDJTJCMTI1OCUyQlBlcmx5LUNlcnRvdXglMjUyQyUyQlN3aXR6ZXJsYW5kJTIxNWUxJTIxM20yJTIxMXNlbiUyMTJzZnIlMjE0djE1MTc0ODM4MDYxNTclMjIlMjB3aWR0aCUzRCUyMjYwMCUyMiUyMGhlaWdodCUzRCUyMjQ1MCUyMiUyMGZyYW1lYm9yZGVyJTNEJTIyMCUyMiUyMHN0eWxlJTNEJTIyYm9yZGVyJTNBMCUyMiUyMGFsbG93ZnVsbHNjcmVlbiUzRSUzQyUyRmlmcmFtZSUzRQ==&#8221;][\/vc_column][vc_column width=&#8221;1\/6&#8243;][vc_column_text]<\/p>\n<h3 style=\"text-align: center;\">Espanha<\/h3>\n<p>[\/vc_column_text][vc_column_text]<\/p>\n<p style=\"text-align: center;\"><strong>+34 691 21 35 17<br \/>\n<\/strong><br \/>\n<a href=\"mailto:anna@virtuapartner.com\">Enviar email<\/a><\/p>\n<p>[\/vc_column_text][vc_gmaps link=&#8221;#E-8_JTNDaWZyYW1lJTIwc3JjJTNEJTIyaHR0cHMlM0ElMkYlMkZ3d3cuZ29vZ2xlLmNvbSUyRm1hcHMlMkZlbWJlZCUzRnBiJTNEJTIxMW0xOCUyMTFtMTIlMjExbTMlMjExZDM1NTU0LjI2MzU4NTMzMTglMjEyZDIuMTU3NTA4NTMxODczMDUyMiUyMTNkNDEuMzg4MTAzOTY3MjI1MjM0JTIxMm0zJTIxMWYwJTIxMmYwJTIxM2YwJTIxM20yJTIxMWkxMDI0JTIxMmk3NjglMjE0ZjEzLjElMjEzbTMlMjExbTIlMjExczB4MCUyNTNBMHgwJTIxMnpOREhDc0RJekp6RTVMamNpVGlBeXdyQXhNQ2MwTWk0MElrVSUyMTVlMSUyMTNtMiUyMTFzZW4lMjEyc2ZyJTIxNHYxNTA2MDg2NjkzMTQwJTIyJTIwd2lkdGglM0QlMjI2MDAlMjIlMjBoZWlnaHQlM0QlMjI0NTAlMjIlMjBmcmFtZWJvcmRlciUzRCUyMjAlMjIlMjBzdHlsZSUzRCUyMmJvcmRlciUzQTAlMjIlMjBhbGxvd2Z1bGxzY3JlZW4lM0UlM0MlMkZpZnJhbWUlM0U=&#8221;][\/vc_column][vc_column width=&#8221;1\/6&#8243;][vc_column_text]<\/p>\n<h3 style=\"text-align: center;\">Marrocos<\/h3>\n<p>[\/vc_column_text][vc_column_text]<\/p>\n<p style=\"text-align: center;\"><strong>+33 6 10 43 61 79<br \/>\n<\/strong><br \/>\n<a href=\"mailto:gbonnefoy@virtuapartner.com\">Enviar email<\/a><\/p>\n<p>[\/vc_column_text][vc_gmaps link=&#8221;#E-8_JTNDaWZyYW1lJTIwc3JjJTNEJTIyaHR0cHMlM0ElMkYlMkZ3d3cuZ29vZ2xlLmNvbSUyRm1hcHMlMkZlbWJlZCUzRnBiJTNEJTIxMW0xNCUyMTFtMTIlMjExbTMlMjExZDQ5MjQ3NDYuODIyNzM2MTc0JTIxMmQtNy4zNDA4MTAzOTMxNjMxNDUlMjEzZDMxLjY4NzAxNzM1MzYwMDQ4JTIxMm0zJTIxMWYwJTIxMmYwJTIxM2YwJTIxM20yJTIxMWkxMDI0JTIxMmk3NjglMjE0ZjEzLjElMjE1ZTElMjEzbTIlMjExc2VuJTIxMnNmciUyMTR2MTQ5MjA5NjIwNDc5MSUyMiUyMHdpZHRoJTNEJTIyNjAwJTIyJTIwaGVpZ2h0JTNEJTIyNDUwJTIyJTIwZnJhbWVib3JkZXIlM0QlMjIwJTIyJTIwc3R5bGUlM0QlMjJib3JkZXIlM0EwJTIyJTIwYWxsb3dmdWxsc2NyZWVuJTNFJTNDJTJGaWZyYW1lJTNF&#8221;][\/vc_column][\/vc_row][vc_row][vc_column][vc_column_text]<\/p>\n<p>[\/vc_column_text][\/vc_column][\/vc_row][vc_row type=&#8221;vc_default&#8221; full_width=&#8221;stretch_row&#8221; css=&#8221;.vc_custom_1488378077701{background-color: rgba(234,234,234,0.35) !important;*background-color: rgb(234,234,234) !important;}&#8221;][vc_column width=&#8221;1\/6&#8243;][\/vc_column][vc_column width=&#8221;1\/6&#8243;][\/vc_column][vc_column width=&#8221;1\/6&#8243;][vc_column_text]<\/p>\n<h3 style=\"text-align: center;\">Brasil<\/h3>\n<p>[\/vc_column_text][vc_column_text]<\/p>\n<p style=\"text-align: center;\"><strong>+55 21 9968-89454<br \/>\n<\/strong><br \/>\n<a href=\"mailto:vpbrasil@virtuapartner.com\">Enviar email<\/a><\/p>\n<p>[\/vc_column_text][vc_gmaps link=&#8221;#E-8_JTNDaWZyYW1lJTIwc3JjJTNEJTIyaHR0cHMlM0ElMkYlMkZ3d3cuZ29vZ2xlLmNvbSUyRm1hcHMlMkZlbWJlZCUzRnBiJTNEJTIxMW0xOCUyMTFtMTIlMjExbTMlMjExZDIyMjEuNDY3ODY4MzE3NTUzJTIxMmQtNDMuMzYwNTg3MDk5NDA4MzclMjEzZC0yMi45ODg3MDM5MzA0ODAxNzQlMjEybTMlMjExZjAlMjEyZjAlMjEzZjAlMjEzbTIlMjExaTEwMjQlMjEyaTc2OCUyMTRmMTMuMSUyMTNtMyUyMTFtMiUyMTFzMHg5YmRhMzAxNzdlYzdmMSUyNTNBMHg0ZGM4ZGI1MGQwYTRmYzgzJTIxMnNCYXJyYSUyQmRhJTJCVGlqdWNhJTIxNWUxJTIxM20yJTIxMXNlbiUyMTJzZnIlMjE0djE1MjY0NzU2NDg2MzIlMjIlMjB3aWR0aCUzRCUyMjYwMCUyMiUyMGhlaWdodCUzRCUyMjQ1MCUyMiUyMGZyYW1lYm9yZGVyJTNEJTIyMCUyMiUyMHN0eWxlJTNEJTIyYm9yZGVyJTNBMCUyMiUyMGFsbG93ZnVsbHNjcmVlbiUzRSUzQyUyRmlmcmFtZSUzRQ==&#8221;][\/vc_column][vc_column width=&#8221;1\/6&#8243;][vc_column_text]<\/p>\n<h3 style=\"text-align: center;\">Vietn\u00e3<\/h3>\n<p>[\/vc_column_text][vc_column_text]<\/p>\n<p style=\"text-align: center;\"><strong>Em breve<\/strong><\/p>\n<p>[\/vc_column_text][vc_empty_space height=&#8221;50px&#8221;][vc_gmaps link=&#8221;#E-8_JTNDaWZyYW1lJTIwc3JjJTNEJTIyaHR0cHMlM0ElMkYlMkZ3d3cuZ29vZ2xlLmNvbSUyRm1hcHMlMkZlbWJlZCUzRnBiJTNEJTIxMW0xOCUyMTFtMTIlMjExbTMlMjExZDY0NjEwMi4wMzA2NDc5OTMlMjEyZDEwNi40MTUwNDE0MzE4Mzk3JTIxM2QxMC43NTUzNDEwNzAzODkwNDIlMjEybTMlMjExZjAlMjEyZjAlMjEzZjAlMjEzbTIlMjExaTEwMjQlMjEyaTc2OCUyMTRmMTMuMSUyMTNtMyUyMTFtMiUyMTFzMHgzMTc1MjkyOTJlOGQzZGQxJTI1M0EweGYxNWY1YWFkNzczYzExMmIlMjEyc0hvJTJCQ2hpJTJCTWluaCUyQkNpdHklMjUyQyUyQlZpZXRuYW0lMjE1ZTElMjEzbTIlMjExc2VuJTIxMnNmciUyMTR2MTUxODQ0NjIzNTUwMiUyMiUyMHdpZHRoJTNEJTIyNjAwJTIyJTIwaGVpZ2h0JTNEJTIyNDUwJTIyJTIwZnJhbWVib3JkZXIlM0QlMjIwJTIyJTIwc3R5bGUlM0QlMjJib3JkZXIlM0EwJTIyJTIwYWxsb3dmdWxsc2NyZWVuJTNFJTNDJTJGaWZyYW1lJTNF&#8221;][\/vc_column][vc_column width=&#8221;1\/6&#8243;][\/vc_column][vc_column width=&#8221;1\/6&#8243;][\/vc_column][\/vc_row][vc_row][vc_column][vc_column_text]<div id=\"smformcont-751\">\n<form class=\"yui3-cssreset smform smform-labelpostop\" id=\"smform-751\" method=\"POST\" action=\"https:\/\/virtuapartner.com\/wp-admin\/admin-ajax.php?action=smuzform-storage&method=submit&formId=751&nonce=7fea20127f\" role=\"form\" enctype=\"multipart\/form-data\" data-formid=\"751\">\n\t\n\t<div class=\"smform-errors-cont\"><\/div>\n\t\n\t\n\t<legend class=\"smform-header\">\n\t\t\n\t\t<h3 class=\"smform-title\">Fale conosco<\/h3>\n\n\t\t<div class=\"smform-description\">\n\t\t\t<p>N\u00e3o hesite em nos enviar uma mensagem. Teremos o maior prazer em inform\u00e1-lo o mais breve poss\u00edvel.<\/p>\n\t\t<\/div>\n\n\t<\/legend>\n\n\t\n\n\t<div class=\"smform-fieldcont smform-fieldcontsingletext \" id=\"smform-fieldcont7510\" \n\t\tdata-key=\"smform-field7510\" \n\t\tdata-rule=\"disabled\" \n\t\tdata-ruleoperator=\"is\"\n\t\tdata-ruleaction=\"show\"\n\t\tdata-rulecmpvalue=\"\"\n\t\tdata-rulefield=\"\" >\n\n\t\t\t\n\t\t\t\t\n\t\t<label for=\"smform-field7510\" class=\"smform-field-label required \">Nome<\/label>\n\n\t\t<input name=\"smFieldData[wpformfield12541]\" id=\"smform-field7510\"\n\t\t \tvalue=\"Nome*\"\n\t\t \tplaceholder=\"\"\n\t\t   \tclass=\"smform-control smform-controllabelpos required  smform-field-sizelarge\"\n\t\t   \ttype=\"text\" required  date-type=\"text\" \/>\n\n\t\t\n\t\t\n\t\t\n\t\t\n\t\t\n\t\t\n\t\t\n\t\t\n\t\t\n\n\n\n\n\n\n\n\t\t\n\t\t\n\t<\/div>\n\n\t\n\n\t<div class=\"smform-fieldcont smform-fieldcontsingletext \" id=\"smform-fieldcont7511\" \n\t\tdata-key=\"smform-field7511\" \n\t\tdata-rule=\"disabled\" \n\t\tdata-ruleoperator=\"is\"\n\t\tdata-ruleaction=\"show\"\n\t\tdata-rulecmpvalue=\"\"\n\t\tdata-rulefield=\"\" >\n\n\t\t\t\n\t\t\t\t\n\t\t<label for=\"smform-field7511\" class=\"smform-field-label required \">Email<\/label>\n\n\t\t<input name=\"smFieldData[wpformfield164307]\" id=\"smform-field7511\"\n\t\t \tvalue=\"Email*\"\n\t\t \tplaceholder=\"\"\n\t\t   \tclass=\"smform-control smform-controllabelpos required  smform-field-sizelarge\"\n\t\t   \ttype=\"text\" required  date-type=\"text\" \/>\n\n\t\t\n\t\t\n\t\t\n\t\t\n\t\t\n\t\t\n\t\t\n\t\t\n\t\t\n\n\n\n\n\n\n\n\t\t\n\t\t\n\t<\/div>\n\n\t\n\n\t<div class=\"smform-fieldcont smform-fieldcontsingletext \" id=\"smform-fieldcont7512\" \n\t\tdata-key=\"smform-field7512\" \n\t\tdata-rule=\"disabled\" \n\t\tdata-ruleoperator=\"is\"\n\t\tdata-ruleaction=\"show\"\n\t\tdata-rulecmpvalue=\"\"\n\t\tdata-rulefield=\"\" >\n\n\t\t\t\n\t\t\t\t\n\t\t<label for=\"smform-field7512\" class=\"smform-field-label \">Telefone<\/label>\n\n\t\t<input name=\"smFieldData[wpformfield120020]\" id=\"smform-field7512\"\n\t\t \tvalue=\"Telefone\"\n\t\t \tplaceholder=\"\"\n\t\t   \tclass=\"smform-control smform-controllabelpos  smform-field-sizelarge\"\n\t\t   \ttype=\"text\"  date-type=\"text\" \/>\n\n\t\t\n\t\t\n\t\t\n\t\t\n\t\t\n\t\t\n\t\t\n\t\t\n\t\t\n\n\n\n\n\n\n\n\t\t\n\t\t\n\t<\/div>\n\n\t\n\n\t<div class=\"smform-fieldcont smform-fieldconttextarea \" id=\"smform-fieldcont7513\" \n\t\tdata-key=\"smform-field7513\" \n\t\tdata-rule=\"disabled\" \n\t\tdata-ruleoperator=\"is\"\n\t\tdata-ruleaction=\"show\"\n\t\tdata-rulecmpvalue=\"\"\n\t\tdata-rulefield=\"\" >\n\n\t\t\t\n\t\t\n\t\t\n\t\t\t\t\n\t\t<label for=\"smform-field7513\" class=\"smform-field-label \">Coment\u00e1rios<\/label>\n\n\t\t<textarea name=\"smFieldData[wpformfield79541]\" id=\"smform-field7513\" \n\t\t\tplaceholder=\"\" \n\t\t\tclass=\"smform-control smform-controllabelpos  smform-field-sizelarge smform-control smform-controllabelpostextarea\" \n\t\t\t \n\t\t\tdata-type=\"textarea\" \n\t\t\t><\/textarea>\n\n\t\t\n\t\t\n\t\t\n\t\t\n\t\t\n\t\t\n\t\t\n\n\n\n\n\n\n\n\t\t\n\t\t\n\t<\/div>\n\n\t\n\n\t<div class=\"smform-fieldcont smform-fieldcontcheckbox \" id=\"smform-fieldcont7514\" \n\t\tdata-key=\"smform-field7514\" \n\t\tdata-rule=\"disabled\" \n\t\tdata-ruleoperator=\"is\"\n\t\tdata-ruleaction=\"show\"\n\t\tdata-rulecmpvalue=\"\"\n\t\tdata-rulefield=\"\" >\n\n\t\t\t\n\t\t\n\t\t\n\t\t\n\t\t\n\t\t\n\t\t\t\t\n\t\t<label for=\"smform-field7514\" class=\"smform-field-label required \">Vida privada<\/label>\n\t\t\t\n\t\t\t<div class=\"smform-checkbox-cont\">\n\t\t\t\t\t\t\n\t\t\t<div class=\"smform-control smform-controllabelpos-radio checkbox\">\n\t\t\t\t<label><input name=\"smFieldData[wpformfield27043][checkbox][]\" type=\"checkbox\"  value=\"Ao enviar este formul\u00e1rio, concordo que as informa\u00e7\u00f5es inseridas neste formul\u00e1rio ser\u00e3o usadas, exploradas e processadas para que eu possa entrar em contato com voc\u00ea novamente no contexto do relacionamento comercial resultante desse contato.\" required  data-type=\"checkbox\" \/> Ao enviar este formul\u00e1rio, concordo que as informa\u00e7\u00f5es inseridas neste formul\u00e1rio ser\u00e3o usadas, exploradas e processadas para que eu possa entrar em contato com voc\u00ea novamente no contexto do relacionamento comercial resultante desse contato.<\/label>\n\t\t\t<\/div>\n\t\t\n\t\t\t\t\t\t<\/div>\n\n\t\t\n\t\t\n\t\t\n\t\t\n\n\n\n\n\n\n\n\t\t\n\t\t\n\t<\/div>\n\n\t\n\t\n\t<div id=\"smuzform-robot\" style=\"display: none\">\n\t\t<label>If you're not a fish leave this field blank:<\/label>\n\t\t<input name=\"smuztrapfish\" type=\"text\" style=\"display: none\" \/>\n\t<\/div>\n\n\t\n\t\n\t<div class=\"smform-submitbtn-cont\">\n\t\t<input type=\"submit\" value=\"Enviar\" name=\"submitForm\" class=\"smform-submit\" \/>\n\t\t<div class=\"smform-ajax-spinner\">\n\t\t\t<div class=\"sk-circle\">\n\t\t        <div class=\"sk-circle1 sk-child\"><\/div>\n\t\t        <div class=\"sk-circle2 sk-child\"><\/div>\n\t\t        <div class=\"sk-circle3 sk-child\"><\/div>\n\t\t        <div class=\"sk-circle4 sk-child\"><\/div>\n\t\t        <div class=\"sk-circle5 sk-child\"><\/div>\n\t\t        <div class=\"sk-circle6 sk-child\"><\/div>\n\t\t        <div class=\"sk-circle7 sk-child\"><\/div>\n\t\t        <div class=\"sk-circle8 sk-child\"><\/div>\n\t\t        <div class=\"sk-circle9 sk-child\"><\/div>\n\t\t        <div class=\"sk-circle10 sk-child\"><\/div>\n\t\t        <div class=\"sk-circle11 sk-child\"><\/div>\n\t\t        <div class=\"sk-circle12 sk-child\"><\/div>\n\t\t     <\/div>\n\t\t<\/div>\n\t<\/div>\n\n\t<div class=\"smform-ajax-msg\"><p class=\"smform-ajax-msg-p\"><\/p><\/div>\n\n\t<input type=\"hidden\" name=\"_formId\" value=\"751\" \/>\n\t<input type=\"hidden\" name=\"_returnLink\" value=\"https:\/\/virtuapartner.com\/pt\/contact\/\" \/>\n\n\t<input type=\"hidden\" data-formid=\"751\" value='[]' id=\"smformstyle-751\" class=\"smformstylehidden\" \/>\n\n\t\t\n<\/form>\n<\/div>[\/vc_column_text][\/vc_column][\/vc_row][vc_row type=&#8221;vc_default&#8221; full_width=&#8221;stretch_row_content_no_spaces&#8221;][vc_column][vc_gmaps link=&#8221;#E-8_JTNDaWZyYW1lJTIwc3JjJTNEJTIyaHR0cHMlM0ElMkYlMkZ3d3cuZ29vZ2xlLmNvbSUyRm1hcHMlMkZkJTJGZW1iZWQlM0ZtaWQlM0QxQVRXcUt4UXZxdTQ2cDBZOENlenUzdkxVLVRRVTh0N0klMjIlMjB3aWR0aCUzRCUyMjEwMCUyNSUyMiUyMGhlaWdodCUzRCUyMjQ4MCUyMiUzRSUzQyUyRmlmcmFtZSUzRQ==&#8221;][\/vc_column][\/vc_row]<\/p>\n<\/div>","protected":false},"excerpt":{"rendered":"<p>[vc_row][vc_column][vc_column_text] Estamos \u00e0 sua disposi\u00e7\u00e3o [\/vc_column_text][vc_column_text]Precisa de informa\u00e7\u00f5es? De um or\u00e7amento? Ou mesmo de uma demonstra\u00e7\u00e3o de nossas solu\u00e7\u00f5es? N\u00e3o hesite em contactar-nos, se necess\u00e1rio. Teremos o maior prazer em conhec\u00ea-lo.[\/vc_column_text][vc_separator style=&#8221;shadow&#8221; el_width=&#8221;70&#8243;][vc_empty_space][\/vc_column][\/vc_row][vc_row type=&#8221;vc_default&#8221; full_width=&#8221;stretch_row&#8221; css=&#8221;.vc_custom_1488378077701{background-color: rgba(234,234,234,0.35) !important;*background-color: rgb(234,234,234) !important;}&#8221;][vc_column width=&#8221;1\/6&#8243;][vc_column_text] Fran\u00e7a [\/vc_column_text][vc_column_text] +33 6 02 18 20 20 +33 6 10 43 61 79&hellip;<\/p>\n","protected":false},"author":1,"featured_media":0,"parent":0,"menu_order":0,"comment_status":"closed","ping_status":"open","template":"","meta":{"_exactmetrics_skip_tracking":false,"_exactmetrics_sitenote_active":false,"_exactmetrics_sitenote_note":"","_exactmetrics_sitenote_category":0,"footnotes":""},"class_list":["post-48","page","type-page","status-publish","hentry","description-off"],"yoast_head":"<!-- This site is optimized with the Yoast SEO plugin v27.5 - https:\/\/yoast.com\/product\/yoast-seo-wordpress\/ -->\n<title>Contato - Virtuapartner<\/title>\n<meta name=\"robots\" content=\"index, follow, max-snippet:-1, max-image-preview:large, max-video-preview:-1\" \/>\n<link rel=\"canonical\" href=\"https:\/\/virtuapartner.com\/contact\/\" \/>\n<meta property=\"og:locale\" content=\"pt_PT\" \/>\n<meta property=\"og:type\" content=\"article\" \/>\n<meta property=\"og:title\" content=\"Contato - Virtuapartner\" \/>\n<meta property=\"og:description\" content=\"[vc_row][vc_column][vc_column_text] Estamos \u00e0 sua disposi\u00e7\u00e3o [\/vc_column_text][vc_column_text]Precisa de informa\u00e7\u00f5es? De um or\u00e7amento? Ou mesmo de uma demonstra\u00e7\u00e3o de nossas solu\u00e7\u00f5es? N\u00e3o hesite em contactar-nos, se necess\u00e1rio. Teremos o maior prazer em conhec\u00ea-lo.[\/vc_column_text][vc_separator style=&#8221;shadow&#8221; el_width=&#8221;70&#8243;][vc_empty_space][\/vc_column][\/vc_row][vc_row type=&#8221;vc_default&#8221; full_width=&#8221;stretch_row&#8221; css=&#8221;.vc_custom_1488378077701{background-color: rgba(234,234,234,0.35) !important;*background-color: rgb(234,234,234) !important;}&#8221;][vc_column width=&#8221;1\/6&#8243;][vc_column_text] Fran\u00e7a [\/vc_column_text][vc_column_text] +33 6 02 18 20 20 +33 6 10 43 61 79&hellip;\" \/>\n<meta property=\"og:url\" content=\"https:\/\/virtuapartner.com\/contact\/\" \/>\n<meta property=\"og:site_name\" content=\"Virtuapartner\" \/>\n<meta property=\"article:modified_time\" content=\"2025-11-09T09:16:07+00:00\" \/>\n<meta name=\"twitter:card\" content=\"summary_large_image\" \/>\n<meta name=\"twitter:label1\" content=\"Tempo estimado de leitura\" \/>\n\t<meta name=\"twitter:data1\" content=\"4 minutos\" \/>\n<script type=\"application\/ld+json\" class=\"yoast-schema-graph\">{\"@context\":\"https:\\\/\\\/schema.org\",\"@graph\":[{\"@type\":\"WebPage\",\"@id\":\"https:\\\/\\\/virtuapartner.com\\\/contact\\\/\",\"url\":\"https:\\\/\\\/virtuapartner.com\\\/contact\\\/\",\"name\":\"Contato - Virtuapartner\",\"isPartOf\":{\"@id\":\"https:\\\/\\\/virtuapartner.com\\\/fr\\\/#website\"},\"datePublished\":\"2017-02-24T11:36:30+00:00\",\"dateModified\":\"2025-11-09T09:16:07+00:00\",\"breadcrumb\":{\"@id\":\"https:\\\/\\\/virtuapartner.com\\\/contact\\\/#breadcrumb\"},\"inLanguage\":\"pt-PT\",\"potentialAction\":[{\"@type\":\"ReadAction\",\"target\":[\"https:\\\/\\\/virtuapartner.com\\\/contact\\\/\"]}]},{\"@type\":\"BreadcrumbList\",\"@id\":\"https:\\\/\\\/virtuapartner.com\\\/contact\\\/#breadcrumb\",\"itemListElement\":[{\"@type\":\"ListItem\",\"position\":1,\"name\":\"Accueil\",\"item\":\"https:\\\/\\\/virtuapartner.com\\\/\"},{\"@type\":\"ListItem\",\"position\":2,\"name\":\"Contact\"}]},{\"@type\":\"WebSite\",\"@id\":\"https:\\\/\\\/virtuapartner.com\\\/fr\\\/#website\",\"url\":\"https:\\\/\\\/virtuapartner.com\\\/fr\\\/\",\"name\":\"Virtuapartner\",\"description\":\"visite virtuelle - Visites virtuelles 360 interactives\",\"potentialAction\":[{\"@type\":\"SearchAction\",\"target\":{\"@type\":\"EntryPoint\",\"urlTemplate\":\"https:\\\/\\\/virtuapartner.com\\\/fr\\\/?s={search_term_string}\"},\"query-input\":{\"@type\":\"PropertyValueSpecification\",\"valueRequired\":true,\"valueName\":\"search_term_string\"}}],\"inLanguage\":\"pt-PT\"}]}<\/script>\n<!-- \/ Yoast SEO plugin. -->","yoast_head_json":{"title":"Contato - Virtuapartner","robots":{"index":"index","follow":"follow","max-snippet":"max-snippet:-1","max-image-preview":"max-image-preview:large","max-video-preview":"max-video-preview:-1"},"canonical":"https:\/\/virtuapartner.com\/contact\/","og_locale":"pt_PT","og_type":"article","og_title":"Contato - Virtuapartner","og_description":"[vc_row][vc_column][vc_column_text] Estamos \u00e0 sua disposi\u00e7\u00e3o [\/vc_column_text][vc_column_text]Precisa de informa\u00e7\u00f5es? De um or\u00e7amento? Ou mesmo de uma demonstra\u00e7\u00e3o de nossas solu\u00e7\u00f5es? N\u00e3o hesite em contactar-nos, se necess\u00e1rio. Teremos o maior prazer em conhec\u00ea-lo.[\/vc_column_text][vc_separator style=&#8221;shadow&#8221; el_width=&#8221;70&#8243;][vc_empty_space][\/vc_column][\/vc_row][vc_row type=&#8221;vc_default&#8221; full_width=&#8221;stretch_row&#8221; css=&#8221;.vc_custom_1488378077701{background-color: rgba(234,234,234,0.35) !important;*background-color: rgb(234,234,234) !important;}&#8221;][vc_column width=&#8221;1\/6&#8243;][vc_column_text] Fran\u00e7a [\/vc_column_text][vc_column_text] +33 6 02 18 20 20 +33 6 10 43 61 79&hellip;","og_url":"https:\/\/virtuapartner.com\/contact\/","og_site_name":"Virtuapartner","article_modified_time":"2025-11-09T09:16:07+00:00","twitter_card":"summary_large_image","twitter_misc":{"Tempo estimado de leitura":"4 minutos"},"schema":{"@context":"https:\/\/schema.org","@graph":[{"@type":"WebPage","@id":"https:\/\/virtuapartner.com\/contact\/","url":"https:\/\/virtuapartner.com\/contact\/","name":"Contato - Virtuapartner","isPartOf":{"@id":"https:\/\/virtuapartner.com\/fr\/#website"},"datePublished":"2017-02-24T11:36:30+00:00","dateModified":"2025-11-09T09:16:07+00:00","breadcrumb":{"@id":"https:\/\/virtuapartner.com\/contact\/#breadcrumb"},"inLanguage":"pt-PT","potentialAction":[{"@type":"ReadAction","target":["https:\/\/virtuapartner.com\/contact\/"]}]},{"@type":"BreadcrumbList","@id":"https:\/\/virtuapartner.com\/contact\/#breadcrumb","itemListElement":[{"@type":"ListItem","position":1,"name":"Accueil","item":"https:\/\/virtuapartner.com\/"},{"@type":"ListItem","position":2,"name":"Contact"}]},{"@type":"WebSite","@id":"https:\/\/virtuapartner.com\/fr\/#website","url":"https:\/\/virtuapartner.com\/fr\/","name":"Virtuapartner","description":"visite virtuelle - Visites virtuelles 360 interactives","potentialAction":[{"@type":"SearchAction","target":{"@type":"EntryPoint","urlTemplate":"https:\/\/virtuapartner.com\/fr\/?s={search_term_string}"},"query-input":{"@type":"PropertyValueSpecification","valueRequired":true,"valueName":"search_term_string"}}],"inLanguage":"pt-PT"}]}},"_links":{"self":[{"href":"https:\/\/virtuapartner.com\/pt\/wp-json\/wp\/v2\/pages\/48","targetHints":{"allow":["GET"]}}],"collection":[{"href":"https:\/\/virtuapartner.com\/pt\/wp-json\/wp\/v2\/pages"}],"about":[{"href":"https:\/\/virtuapartner.com\/pt\/wp-json\/wp\/v2\/types\/page"}],"author":[{"embeddable":true,"href":"https:\/\/virtuapartner.com\/pt\/wp-json\/wp\/v2\/users\/1"}],"replies":[{"embeddable":true,"href":"https:\/\/virtuapartner.com\/pt\/wp-json\/wp\/v2\/comments?post=48"}],"version-history":[{"count":103,"href":"https:\/\/virtuapartner.com\/pt\/wp-json\/wp\/v2\/pages\/48\/revisions"}],"predecessor-version":[{"id":2731,"href":"https:\/\/virtuapartner.com\/pt\/wp-json\/wp\/v2\/pages\/48\/revisions\/2731"}],"wp:attachment":[{"href":"https:\/\/virtuapartner.com\/pt\/wp-json\/wp\/v2\/media?parent=48"}],"curies":[{"name":"wp","href":"https:\/\/api.w.org\/{rel}","templated":true}]}}