{"id":44,"date":"2017-02-24T12:33:00","date_gmt":"2017-02-24T11:33:00","guid":{"rendered":"http:\/\/virtuapartner.com\/?page_id=44"},"modified":"2018-04-24T19:17:10","modified_gmt":"2018-04-24T17:17:10","slug":"tourisme","status":"publish","type":"page","link":"https:\/\/virtuapartner.com\/pt\/tourisme\/","title":{"rendered":"Turismo"},"content":{"rendered":"<div class=\"wpb-content-wrapper\"><p>[vc_row][vc_column][vc_column_text]<\/p>\n<h1 style=\"text-align: center;\">Planeje f\u00e9rias sem surpresas !<\/h1>\n<p>[\/vc_column_text][vc_column_text]<\/p>\n<p style=\"text-align: center;\">Voc\u00ea tem um hotel, uma pousada ou mesmo uma casa de h\u00f3spedes? Gra\u00e7as \u00e0s nossas visitas virtuais imersivas, fa\u00e7a visitar o seu estabelecimento e ganhe a confian\u00e7a de seus clientes potenciais.<\/p>\n<p>[\/vc_column_text][vc_separator style=&#8221;shadow&#8221; el_width=&#8221;70&#8243;][vc_empty_space][\/vc_column][\/vc_row][vc_row type=&#8221;vc_default&#8221; full_width=&#8221;stretch_row&#8221; css=&#8221;.vc_custom_1488554584973{background-image: url(http:\/\/virtuapartner.com\/wp-content\/uploads\/2017\/02\/bckgrd_virtuatourisme2.jpg?id=155) !important;}&#8221;][vc_column width=&#8221;5\/6&#8243;][vc_empty_space height=&#8221;180px&#8221;][vc_column_text]<\/p>\n<h6><span style=\"color: #ffffff;\">\u00ab Gra\u00e7as a visita virtual <\/span><span style=\"color: #348abc; font-family: raleway; font-weight: 200; font-size: 34px;\">Virtua<\/span><span style=\"color: #ffffff; font-family: raleway; font-weight: 200; font-size: 34px;\">Partner<\/span><span style=\"color: #ffffff; font-family: raleway; font-weight: 200; font-size: 20px;\"><sup>\u00a9<\/sup><\/span><span style=\"color: #ffffff;\">, consegui garantir que a habita\u00e7\u00e3o fosse exatamente o que eu esperava. E eu confirmei uma vez l\u00e1 ! \u00bb<\/span><\/h6>\n<p>[\/vc_column_text][vc_column_text]<\/p>\n<p style=\"text-align: right;\"><em><span style=\"color: #ffffff;\">Cliente de um hotel que confiou na <span style=\"color: #348abc;\">Virtua<\/span>Partner<\/span><\/em><\/p>\n<p>[\/vc_column_text][vc_empty_space height=&#8221;150px&#8221;][\/vc_column][vc_column width=&#8221;1\/6&#8243;][\/vc_column][\/vc_row][vc_row][vc_column][vc_empty_space height=&#8221;52px&#8221;][\/vc_column][\/vc_row][vc_row][vc_column][vc_column_text]<\/p>\n<h2><span style=\"color: #000000;\">O segredo das f\u00e9rias bem sucedidas : fa\u00e7a as escolhas certas!<\/span><\/h2>\n<p>[\/vc_column_text][\/vc_column][\/vc_row][vc_row type=&#8221;vc_default&#8221; content_placement=&#8221;middle&#8221;][vc_column width=&#8221;1\/3&#8243;][vc_single_image image=&#8221;98&#8243; img_size=&#8221;full&#8221; style=&#8221;vc_box_shadow_circle_2&#8243;][\/vc_column][vc_column width=&#8221;1\/3&#8243;][vc_column_text]<\/p>\n<h5>Para os anfitri\u00f5es :<\/h5>\n<p>[\/vc_column_text]<div class=\"standard-arrow bullet-top\"><ul>\n<li>Melhorar a imagem da sua\u00a0propriedade<\/li>\n<li>Ferramenta de venda adicional para profissionais do turismo (plataformas de reserva, portais, ag\u00eancias, etc.)<\/li>\n<li>Tranquilize seus futuros clientes<\/li>\n<\/ul>\n<\/div>[\/vc_column][vc_column width=&#8221;1\/3&#8243;][vc_column_text]<\/p>\n<h5>Para os turistas :<\/h5>\n<p>[\/vc_column_text]<div class=\"standard-arrow bullet-top\"><ul>\n<li>Confian\u00e7a<\/li>\n<li>Reprodu\u00e7\u00e3o conforme a realidade<\/li>\n<li>Satisfaz as expectativas dos clientes<\/li>\n<li>Nenhuma surpresa desagrad\u00e1vel<\/li>\n<\/ul>\n<\/div>[\/vc_column][\/vc_row][vc_row][vc_column][vc_empty_space height=&#8221;52px&#8221;][\/vc_column][\/vc_row][vc_row type=&#8221;vc_default&#8221; full_width=&#8221;stretch_row&#8221; content_placement=&#8221;middle&#8221; css=&#8221;.vc_custom_1488369736495{background-image: url(http:\/\/virtuapartner.com\/wp-content\/uploads\/2017\/02\/bckgrd_tourisme.jpg?id=102) !important;}&#8221;][vc_column width=&#8221;1\/2&#8243;][vc_column_text]<\/p>\n<h2 style=\"text-align: center;\"><span style=\"color: #ffffff;\">A realidade virtual <span style=\"color: #348abc;\">Virtua<\/span>Partner<span style=\"color: #ffffff; font-family: raleway; font-weight: 200; font-size: 20px;\"><sup>\u00a9<\/sup><\/span>, uma promessa de conformidade!<\/span><\/h2>\n<p>[\/vc_column_text][vc_column_text]<span style=\"color: #ffffff;\">Com a <span style=\"color: #348abc;\">Virtua<\/span>Partner<span style=\"color: #ffffff; font-family: raleway; font-weight: 200; font-size: 20px;\"><sup>\u00a9<\/sup><\/span>, seus clientes potenciais ter\u00e3o a oportunidade de caminhar no seu estabelecimento livremente, e isso com o computador, tablet, celular e, claro, a m\u00e1scara virtual. \u00c9 uma promessa de confian\u00e7a que voc\u00ea cria com seus futuros clientes, que ter\u00e3o o prazer de mostrar essas visitas virtuais aos amigos deles ap\u00f3s o retorno das f\u00e9rias.<\/span>[\/vc_column_text][vc_single_image image=&#8221;163&#8243; img_size=&#8221;medium&#8221; alignment=&#8221;center&#8221;][\/vc_column][vc_column width=&#8221;1\/2&#8243;][vc_column_text]<\/p>\n<p style=\"text-align: center;\"><iframe src=\"https:\/\/my.matterport.com\/show\/?m=opTVcTSrm3x&amp;play=1\" width=\"450\" height=\"450\" frameborder=\"0\" allowfullscreen=\"allowfullscreen\"><\/iframe><\/p>\n<p>[\/vc_column_text][\/vc_column][\/vc_row][vc_row type=&#8221;vc_default&#8221; full_width=&#8221;stretch_row&#8221; css=&#8221;.vc_custom_1489100439331{background-image: url(http:\/\/virtuapartner.com\/wp-content\/uploads\/2017\/02\/vr_wow.jpg?id=105) !important;background-position: center !important;background-repeat: no-repeat !important;background-size: cover !important;}&#8221;][vc_column width=&#8221;1\/4&#8243;][\/vc_column][vc_column width=&#8221;3\/4&#8243;][vc_empty_space][vc_column_text css=&#8221;.vc_custom_1522507945953{padding-top: 10px !important;padding-right: 10px !important;padding-bottom: 10px !important;padding-left: 10px !important;background-color: rgba(255,255,255,0.3) !important;*background-color: rgb(255,255,255) !important;}&#8221;]<\/p>\n<h2 style=\"text-align: center;\"><span style=\"color: #000000;\">Seja pioneiro, adote a <span style=\"color: #348abc;\">Virtua<\/span>partner<span style=\"font-size: 26px;\"><sup>\u00a9<\/sup><\/span> !<\/span><\/h2>\n<p>[\/vc_column_text][vc_column_text css=&#8221;.vc_custom_1522508001346{padding-top: 10px !important;padding-right: 10px !important;padding-bottom: 10px !important;padding-left: 10px !important;background-color: rgba(255,255,255,0.3) !important;*background-color: rgb(255,255,255) !important;}&#8221;]<\/p>\n<p style=\"text-align: center;\"><span style=\"color: #000000;\">Destaque-se da sua concorr\u00eancia, oferecendo aos seus usu\u00e1rios as solu\u00e7\u00f5es de visitas virtuais <span style=\"color: #348abc;\">Virtua<\/span>Partner<sup>\u00a9<\/sup>. Integraremos suas visitas nas suas m\u00eddias (site, aplicativos m\u00f3veis, etc.) para alcan\u00e7ar o m\u00e1ximo de pessoas.<\/span><\/p>\n<p>[\/vc_column_text][vc_empty_space height=&#8221;80px&#8221;]<div class=\"text-centered\"><a href=\"http:\/\/virtuapartner.com\/index.php\/contact\/\" class=\"btn-shortcode dt-btn-l dt-btn default-btn-color default-btn-hover-color default-btn-bg-color default-btn-bg-hover-color\" id=\"dt-btn-7\"><span>Falar conosco<\/span><\/a><\/div>[vc_empty_space height=&#8221;80px&#8221;][\/vc_column][\/vc_row][vc_row][vc_column width=&#8221;1\/2&#8243;][vc_progress_bar values=&#8221;%5B%7B%22label%22%3A%22Reserva%20on-line%22%2C%22value%22%3A%2279%22%2C%22color%22%3A%22mulled-wine%22%7D%2C%7B%22label%22%3A%22Reserva%20on-line%20por%20smartphone%20e%20tablets%22%2C%22value%22%3A%2235%22%2C%22color%22%3A%22bar_orange%22%7D%2C%7B%22label%22%3A%22Import%C3%A2ncia%20das%20imagens%22%2C%22value%22%3A%2295%22%2C%22color%22%3A%22bar_red%22%7D%2C%7B%22label%22%3A%22import%C3%A2ncia%20da%20visita%20virtual%22%2C%22value%22%3A%2285%22%2C%22color%22%3A%22bar_green%22%7D%5D&#8221; bgcolor=&#8221;custom&#8221; title=&#8221;Alguns n\u00fameros*&#8221;][vc_column_text]<span style=\"font-size: xx-small;\">* O desenvolvimento do turismo on-line (mercado de consumo e reclama\u00e7\u00f5es do consumidor)<\/span>[\/vc_column_text][\/vc_column][vc_column width=&#8221;1\/2&#8243;][vc_column_text]<\/p>\n<h4>Novas tecnologias<\/h4>\n<p>[\/vc_column_text][vc_column_text]A import\u00e2ncia das novas tecnologias no setor de turismo est\u00e1 bem estabelecida. As reservas on-line est\u00e3o aumentando e, juntamente com a oportunidade de visitar em imers\u00e3o, mudaremos consideravelmente a sua taxa de convers\u00e3o.[\/vc_column_text][vc_column_text]<\/p>\n<h1 style=\"text-align: center;\">A VR, a chave para o sucesso<\/h1>\n<p>[\/vc_column_text][\/vc_column][\/vc_row][vc_row type=&#8221;vc_default&#8221; full_width=&#8221;stretch_row_content&#8221; content_placement=&#8221;middle&#8221; video_bg=&#8221;yes&#8221; video_bg_url=&#8221;https:\/\/www.youtube.com\/watch?v=lvfH96UbSZw&#8221; css=&#8221;.vc_custom_1489099858743{background-image: url(http:\/\/virtuapartner.com\/wp-content\/uploads\/2017\/02\/encart1-vid.jpg?id=288) !important;background-position: center !important;background-repeat: no-repeat !important;background-size: cover !important;}&#8221;][vc_column css=&#8221;.vc_custom_1489077121988{background-color: rgba(0,0,0,0.65) !important;*background-color: rgb(0,0,0) !important;}&#8221;][vc_empty_space height=&#8221;160px&#8221;][vc_column_text]<\/p>\n<h2 style=\"text-align: center;\"><span style=\"color: #ffffff;\"><span style=\"color: #348abc;\">Virtua<\/span>Partner<sup>\u00a9<\/sup> n\u00e3o \u00e9 apenas a visita virtual,<\/span><\/h2>\n<h2 style=\"text-align: center;\"><span style=\"color: #ffffff;\">mas tamb\u00e9m v\u00eddeos profissionais de tirarem o f\u00f4lego!<\/span><\/h2>\n<p>[\/vc_column_text][vc_column_text]<\/p>\n<p style=\"text-align: center;\"><span style=\"color: #ffffff;\">N\u00e3o hesite em colocar todas as chances do seu lado para seduzir seus clientes. Al\u00e9m das visitas virtuais inigual\u00e1veis at\u00e9 hoje, a <span style=\"color: #348abc;\">Virtua<\/span>Partner<sup>\u00a9<\/sup> oferece-lhe <\/span><\/p>\n<p style=\"text-align: center;\"><span style=\"color: #ffffff;\">apresenta\u00e7\u00f5s v\u00eddeo de sua propriedade ou da suas instala\u00e7\u00f5es que atrair\u00e3o seus clientes.<\/span><\/p>\n<p>[\/vc_column_text]<div class=\"text-centered\"><a href=\"http:\/\/virtuapartner.com\/index.php\/contact\/\" class=\"btn-shortcode dt-btn-l dt-btn default-btn-color default-btn-hover-color default-btn-bg-color default-btn-bg-hover-color\" id=\"dt-btn-8\"><span>Fale conosco<\/span><\/a><\/div>[vc_empty_space height=&#8221;110px&#8221;][\/vc_column][\/vc_row][vc_row type=&#8221;vc_default&#8221; full_width=&#8221;stretch_row&#8221; content_placement=&#8221;middle&#8221; css=&#8221;.vc_custom_1489448727007{background-color: #000000 !important;}&#8221;][vc_column width=&#8221;1\/3&#8243;][vc_column_text]<span style=\"text-align: center;\"><iframe src=\"https:\/\/www.youtube.com\/embed\/umWy58_Vvnk?rel=0&amp;controls=0&amp;showinfo=0&amp;autoplay=1&amp;loop=1&amp;playlist=bM-fd1MxyeQ\" width=\"560\" height=\"355\" frameborder=\"0\" allowfullscreen=\"allowfullscreen\"><\/iframe><\/span>[\/vc_column_text][\/vc_column][vc_column width=&#8221;2\/3&#8243;][vc_column_text]<\/p>\n<h1 style=\"text-align: left;\"><span style=\"color: #ffffff;\">Incrivelmente simples<\/span><\/h1>\n<p>[\/vc_column_text][vc_column_text]Com a ponta dos seus dedos, navegue livremente nesses espa\u00e7os reconstru\u00eddos em tr\u00eas dimens\u00f5es. Muito intuitivo, nossa solu\u00e7\u00e3o ir\u00e1 seduzir seus clientes em poucos cliques.[\/vc_column_text][\/vc_column][\/vc_row][vc_row type=&#8221;vc_default&#8221; full_width=&#8221;stretch_row&#8221; css=&#8221;.vc_custom_1488838691241{background-color: #000000 !important;}&#8221;][vc_column][vc_single_image image=&#8221;228&#8243; img_size=&#8221;full&#8221; alignment=&#8221;center&#8221;][\/vc_column][\/vc_row]<\/p>\n<\/div>","protected":false},"excerpt":{"rendered":"<p>[vc_row][vc_column][vc_column_text] Planeje f\u00e9rias sem surpresas ! [\/vc_column_text][vc_column_text] Voc\u00ea tem um hotel, uma pousada ou mesmo uma casa de h\u00f3spedes? Gra\u00e7as \u00e0s nossas visitas virtuais imersivas, fa\u00e7a visitar o seu estabelecimento e ganhe a confian\u00e7a de seus clientes potenciais. [\/vc_column_text][vc_separator style=&#8221;shadow&#8221; el_width=&#8221;70&#8243;][vc_empty_space][\/vc_column][\/vc_row][vc_row type=&#8221;vc_default&#8221; full_width=&#8221;stretch_row&#8221; css=&#8221;.vc_custom_1488554584973{background-image: url(http:\/\/virtuapartner.com\/wp-content\/uploads\/2017\/02\/bckgrd_virtuatourisme2.jpg?id=155) !important;}&#8221;][vc_column width=&#8221;5\/6&#8243;][vc_empty_space height=&#8221;180px&#8221;][vc_column_text] \u00ab Gra\u00e7as a visita virtual VirtuaPartner\u00a9, consegui&hellip;<\/p>\n","protected":false},"author":1,"featured_media":0,"parent":0,"menu_order":0,"comment_status":"closed","ping_status":"open","template":"","meta":{"_exactmetrics_skip_tracking":false,"_exactmetrics_sitenote_active":false,"_exactmetrics_sitenote_note":"","_exactmetrics_sitenote_category":0,"footnotes":""},"class_list":["post-44","page","type-page","status-publish","hentry","description-off"],"yoast_head":"<!-- This site is optimized with the Yoast SEO plugin v27.5 - https:\/\/yoast.com\/product\/yoast-seo-wordpress\/ -->\n<title>Turismo - Virtuapartner<\/title>\n<meta name=\"robots\" content=\"index, follow, max-snippet:-1, max-image-preview:large, max-video-preview:-1\" \/>\n<link rel=\"canonical\" href=\"https:\/\/virtuapartner.com\/fr\/tourisme\/\" \/>\n<meta property=\"og:locale\" content=\"pt_PT\" \/>\n<meta property=\"og:type\" content=\"article\" \/>\n<meta property=\"og:title\" content=\"Turismo - Virtuapartner\" \/>\n<meta property=\"og:description\" content=\"[vc_row][vc_column][vc_column_text] Planeje f\u00e9rias sem surpresas ! [\/vc_column_text][vc_column_text] Voc\u00ea tem um hotel, uma pousada ou mesmo uma casa de h\u00f3spedes? Gra\u00e7as \u00e0s nossas visitas virtuais imersivas, fa\u00e7a visitar o seu estabelecimento e ganhe a confian\u00e7a de seus clientes potenciais. [\/vc_column_text][vc_separator style=&#8221;shadow&#8221; el_width=&#8221;70&#8243;][vc_empty_space][\/vc_column][\/vc_row][vc_row type=&#8221;vc_default&#8221; full_width=&#8221;stretch_row&#8221; css=&#8221;.vc_custom_1488554584973{background-image: url(http:\/\/virtuapartner.com\/wp-content\/uploads\/2017\/02\/bckgrd_virtuatourisme2.jpg?id=155) !important;}&#8221;][vc_column width=&#8221;5\/6&#8243;][vc_empty_space height=&#8221;180px&#8221;][vc_column_text] \u00ab Gra\u00e7as a visita virtual VirtuaPartner\u00a9, consegui&hellip;\" \/>\n<meta property=\"og:url\" content=\"https:\/\/virtuapartner.com\/fr\/tourisme\/\" \/>\n<meta property=\"og:site_name\" content=\"Virtuapartner\" \/>\n<meta property=\"article:modified_time\" content=\"2018-04-24T17:17:10+00:00\" \/>\n<meta name=\"twitter:card\" content=\"summary_large_image\" \/>\n<meta name=\"twitter:label1\" content=\"Tempo estimado de leitura\" \/>\n\t<meta name=\"twitter:data1\" content=\"22 minutos\" \/>\n<script type=\"application\/ld+json\" class=\"yoast-schema-graph\">{\"@context\":\"https:\\\/\\\/schema.org\",\"@graph\":[{\"@type\":\"WebPage\",\"@id\":\"https:\\\/\\\/virtuapartner.com\\\/fr\\\/tourisme\\\/\",\"url\":\"https:\\\/\\\/virtuapartner.com\\\/fr\\\/tourisme\\\/\",\"name\":\"Turismo - Virtuapartner\",\"isPartOf\":{\"@id\":\"https:\\\/\\\/virtuapartner.com\\\/fr\\\/#website\"},\"datePublished\":\"2017-02-24T11:33:00+00:00\",\"dateModified\":\"2018-04-24T17:17:10+00:00\",\"breadcrumb\":{\"@id\":\"https:\\\/\\\/virtuapartner.com\\\/fr\\\/tourisme\\\/#breadcrumb\"},\"inLanguage\":\"pt-PT\",\"potentialAction\":[{\"@type\":\"ReadAction\",\"target\":[\"https:\\\/\\\/virtuapartner.com\\\/fr\\\/tourisme\\\/\"]}]},{\"@type\":\"BreadcrumbList\",\"@id\":\"https:\\\/\\\/virtuapartner.com\\\/fr\\\/tourisme\\\/#breadcrumb\",\"itemListElement\":[{\"@type\":\"ListItem\",\"position\":1,\"name\":\"Accueil\",\"item\":\"https:\\\/\\\/virtuapartner.com\\\/\"},{\"@type\":\"ListItem\",\"position\":2,\"name\":\"Tourisme\"}]},{\"@type\":\"WebSite\",\"@id\":\"https:\\\/\\\/virtuapartner.com\\\/fr\\\/#website\",\"url\":\"https:\\\/\\\/virtuapartner.com\\\/fr\\\/\",\"name\":\"Virtuapartner\",\"description\":\"visite virtuelle - Visites virtuelles 360 interactives\",\"potentialAction\":[{\"@type\":\"SearchAction\",\"target\":{\"@type\":\"EntryPoint\",\"urlTemplate\":\"https:\\\/\\\/virtuapartner.com\\\/fr\\\/?s={search_term_string}\"},\"query-input\":{\"@type\":\"PropertyValueSpecification\",\"valueRequired\":true,\"valueName\":\"search_term_string\"}}],\"inLanguage\":\"pt-PT\"}]}<\/script>\n<!-- \/ Yoast SEO plugin. -->","yoast_head_json":{"title":"Turismo - Virtuapartner","robots":{"index":"index","follow":"follow","max-snippet":"max-snippet:-1","max-image-preview":"max-image-preview:large","max-video-preview":"max-video-preview:-1"},"canonical":"https:\/\/virtuapartner.com\/fr\/tourisme\/","og_locale":"pt_PT","og_type":"article","og_title":"Turismo - Virtuapartner","og_description":"[vc_row][vc_column][vc_column_text] Planeje f\u00e9rias sem surpresas ! [\/vc_column_text][vc_column_text] Voc\u00ea tem um hotel, uma pousada ou mesmo uma casa de h\u00f3spedes? Gra\u00e7as \u00e0s nossas visitas virtuais imersivas, fa\u00e7a visitar o seu estabelecimento e ganhe a confian\u00e7a de seus clientes potenciais. [\/vc_column_text][vc_separator style=&#8221;shadow&#8221; el_width=&#8221;70&#8243;][vc_empty_space][\/vc_column][\/vc_row][vc_row type=&#8221;vc_default&#8221; full_width=&#8221;stretch_row&#8221; css=&#8221;.vc_custom_1488554584973{background-image: url(http:\/\/virtuapartner.com\/wp-content\/uploads\/2017\/02\/bckgrd_virtuatourisme2.jpg?id=155) !important;}&#8221;][vc_column width=&#8221;5\/6&#8243;][vc_empty_space height=&#8221;180px&#8221;][vc_column_text] \u00ab Gra\u00e7as a visita virtual VirtuaPartner\u00a9, consegui&hellip;","og_url":"https:\/\/virtuapartner.com\/fr\/tourisme\/","og_site_name":"Virtuapartner","article_modified_time":"2018-04-24T17:17:10+00:00","twitter_card":"summary_large_image","twitter_misc":{"Tempo estimado de leitura":"22 minutos"},"schema":{"@context":"https:\/\/schema.org","@graph":[{"@type":"WebPage","@id":"https:\/\/virtuapartner.com\/fr\/tourisme\/","url":"https:\/\/virtuapartner.com\/fr\/tourisme\/","name":"Turismo - Virtuapartner","isPartOf":{"@id":"https:\/\/virtuapartner.com\/fr\/#website"},"datePublished":"2017-02-24T11:33:00+00:00","dateModified":"2018-04-24T17:17:10+00:00","breadcrumb":{"@id":"https:\/\/virtuapartner.com\/fr\/tourisme\/#breadcrumb"},"inLanguage":"pt-PT","potentialAction":[{"@type":"ReadAction","target":["https:\/\/virtuapartner.com\/fr\/tourisme\/"]}]},{"@type":"BreadcrumbList","@id":"https:\/\/virtuapartner.com\/fr\/tourisme\/#breadcrumb","itemListElement":[{"@type":"ListItem","position":1,"name":"Accueil","item":"https:\/\/virtuapartner.com\/"},{"@type":"ListItem","position":2,"name":"Tourisme"}]},{"@type":"WebSite","@id":"https:\/\/virtuapartner.com\/fr\/#website","url":"https:\/\/virtuapartner.com\/fr\/","name":"Virtuapartner","description":"visite virtuelle - Visites virtuelles 360 interactives","potentialAction":[{"@type":"SearchAction","target":{"@type":"EntryPoint","urlTemplate":"https:\/\/virtuapartner.com\/fr\/?s={search_term_string}"},"query-input":{"@type":"PropertyValueSpecification","valueRequired":true,"valueName":"search_term_string"}}],"inLanguage":"pt-PT"}]}},"_links":{"self":[{"href":"https:\/\/virtuapartner.com\/pt\/wp-json\/wp\/v2\/pages\/44","targetHints":{"allow":["GET"]}}],"collection":[{"href":"https:\/\/virtuapartner.com\/pt\/wp-json\/wp\/v2\/pages"}],"about":[{"href":"https:\/\/virtuapartner.com\/pt\/wp-json\/wp\/v2\/types\/page"}],"author":[{"embeddable":true,"href":"https:\/\/virtuapartner.com\/pt\/wp-json\/wp\/v2\/users\/1"}],"replies":[{"embeddable":true,"href":"https:\/\/virtuapartner.com\/pt\/wp-json\/wp\/v2\/comments?post=44"}],"version-history":[{"count":67,"href":"https:\/\/virtuapartner.com\/pt\/wp-json\/wp\/v2\/pages\/44\/revisions"}],"predecessor-version":[{"id":794,"href":"https:\/\/virtuapartner.com\/pt\/wp-json\/wp\/v2\/pages\/44\/revisions\/794"}],"wp:attachment":[{"href":"https:\/\/virtuapartner.com\/pt\/wp-json\/wp\/v2\/media?parent=44"}],"curies":[{"name":"wp","href":"https:\/\/api.w.org\/{rel}","templated":true}]}}