{"id":39,"date":"2017-02-24T12:32:19","date_gmt":"2017-02-24T11:32:19","guid":{"rendered":"http:\/\/virtuapartner.com\/?page_id=39"},"modified":"2018-04-24T19:14:34","modified_gmt":"2018-04-24T17:14:34","slug":"immobilier","status":"publish","type":"page","link":"https:\/\/virtuapartner.com\/pt\/immobilier\/","title":{"rendered":"Imobili\u00e1rio"},"content":{"rendered":"<div class=\"wpb-content-wrapper\"><p>[vc_row][vc_column][vc_column_text]<\/p>\n<h1 style=\"text-align: center;\">A\u00a0visita virtual, a revolu\u00e7\u00e3o imobili\u00e1ria !<\/h1>\n<p>[\/vc_column_text][vc_column_text]<\/p>\n<p style=\"text-align: center;\">Imersivo, econ\u00f4mico e interativo, otimize seu tempo e venda melhor<\/p>\n<p>[\/vc_column_text][vc_separator style=&#8221;shadow&#8221; el_width=&#8221;70&#8243;][\/vc_column][\/vc_row][vc_row type=&#8221;vc_default&#8221; full_width=&#8221;stretch_row&#8221; css=&#8221;.vc_custom_1489010792192{background-image: url(http:\/\/virtuapartner.com\/wp-content\/uploads\/2017\/02\/chambre-wireframe_recadre-plusclair.jpg?id=249) !important;background-position: center !important;background-repeat: no-repeat !important;background-size: cover !important;}&#8221;][vc_column][vc_empty_space height=&#8221;300px&#8221;][vc_column_text]<\/p>\n<h1 style=\"text-align: center;\"><span style=\"color: #ffffff; weight: 200;\">Descubra nossas solu\u00e7\u00f5es desenvolvidas especificamente para imobili\u00e1rias e corretores imobili\u00e1rios.<\/span><\/h1>\n<p>[\/vc_column_text][vc_empty_space height=&#8221;180px&#8221;][\/vc_column][\/vc_row][vc_row type=&#8221;vc_default&#8221; full_width=&#8221;stretch_row&#8221; content_placement=&#8221;middle&#8221; css=&#8221;.vc_custom_1488796623954{background-color: #000000 !important;}&#8221;][vc_column width=&#8221;1\/2&#8243;][vc_column_text]<span style=\"text-align: center;\"><iframe src=\"https:\/\/www.youtube.com\/embed\/rlf6LeVc7Sk?rel=0&amp;controls=0&amp;showinfo=0&amp;autoplay=1&amp;loop=1&amp;playlist=rlf6LeVc7Sk\" width=\"560\" height=\"315\" frameborder=\"0\" allowfullscreen=\"allowfullscreen\"><\/iframe><\/span>[\/vc_column_text][\/vc_column][vc_column width=&#8221;1\/2&#8243;][vc_single_image image=&#8221;58&#8243; alignment=&#8221;center&#8221;][vc_empty_space][vc_column_text css=&#8221;.vc_custom_1524589840426{padding-top: 10px !important;padding-right: 10px !important;padding-bottom: 10px !important;padding-left: 10px !important;background-color: rgba(0,0,0,0.53) !important;*background-color: rgb(0,0,0) !important;}&#8221;]<\/p>\n<p style=\"text-align: center;\"><span style=\"color: #ffffff;\">Equipado com a m\u00e1scara de realidade virtual, visite im\u00f3veis em total imers\u00e3o. Circule de um quarto para outro, observe todos os detalhes e fa\u00e7a uma visita completa \u00e0 dist\u00e2ncia.<\/span><\/p>\n<p>[\/vc_column_text][vc_single_image image=&#8221;228&#8243; img_size=&#8221;medium&#8221; alignment=&#8221;center&#8221;][\/vc_column][\/vc_row][vc_row type=&#8221;vc_default&#8221; full_width=&#8221;stretch_row&#8221; css=&#8221;.vc_custom_1488839970795{background-image: url(http:\/\/virtuapartner.com\/wp-content\/uploads\/2017\/02\/bckgrd_vrspace2.jpg?id=135) !important;background-position: center !important;background-repeat: no-repeat !important;background-size: cover !important;}&#8221;][vc_column][vc_column_text]<\/p>\n<h1><span style=\"color: #ffffff;\">A visita virtual\u00a0<\/span><span style=\"color: #348abc; font-family: raleway; font-weight: 200;\">Virtua<\/span><span style=\"color: #ffffff; font-family: raleway; font-weight: 200;\">Partner<\/span><span style=\"color: #ffffff; font-family: raleway; font-weight: 200; font-size: 20px;\"><sup>\u00a9<\/sup><\/span><\/h1>\n<p>[\/vc_column_text][vc_column_text]<span style=\"color: #ffffff;\">N\u00e3o hesite em visitar esta suntuosa villa em Marrakech. Basta escolher a sala nesta representa\u00e7\u00e3o em 3D e depois passear usando os c\u00edrculos brancos. Tenha uma boa visita!<\/span>[\/vc_column_text][vc_column_text]<\/p>\n<p style=\"text-align: center;\"><iframe src=\"https:\/\/my.matterport.com\/show\/?m=R1BotdqoEdh&amp;play=1\" width=\"100%\" height=\"450\" frameborder=\"0\" allowfullscreen=\"allowfullscreen\"><\/iframe><\/p>\n<p>[\/vc_column_text][\/vc_column][\/vc_row][vc_row type=&#8221;vc_default&#8221; content_placement=&#8221;middle&#8221;][vc_column width=&#8221;2\/3&#8243;][vc_column_text]<\/p>\n<h1>Sua propriedade em 3D<\/h1>\n<p>[\/vc_column_text][vc_column_text]Gra\u00e7as a uma tecnologia exclusiva, sua propriedade \u00e9 digitalizada inteiramente em 3D. Este scanner 3D permite uma reprodu\u00e7\u00e3o fiel de toda a propriedade, e gerar um plano 2D e ter um modelo 3D.[\/vc_column_text][\/vc_column][vc_column width=&#8221;1\/3&#8243;][vc_single_image image=&#8221;187&#8243; img_size=&#8221;full&#8221; alignment=&#8221;center&#8221; style=&#8221;vc_box_rounded&#8221;][\/vc_column][\/vc_row][vc_row][vc_column][vc_column_text]<\/p>\n<p>[\/vc_column_text][\/vc_column][\/vc_row][vc_row type=&#8221;vc_default&#8221; full_width=&#8221;stretch_row&#8221; content_placement=&#8221;middle&#8221; css=&#8221;.vc_custom_1488833708541{background-image: url(http:\/\/virtuapartner.com\/wp-content\/uploads\/2017\/02\/fondiamantbleu.jpg?id=190) !important;background-position: center !important;background-repeat: no-repeat !important;background-size: cover !important;}&#8221;][vc_column width=&#8221;1\/3&#8243;][vc_single_image image=&#8221;130&#8243; img_size=&#8221;full&#8221; alignment=&#8221;center&#8221; style=&#8221;vc_box_rounded&#8221;][\/vc_column][vc_column width=&#8221;2\/3&#8243;][vc_column_text]<\/p>\n<h1><span style=\"color: #ffffff;\">Organize pr\u00e9-visitas virtuais e agende apenas visitas com alta probabilidade de assinatura<\/span><\/h1>\n<p>[\/vc_column_text][vc_column_text]<span style=\"color: #ffffff;\">Econ\u00f4mico, ecol\u00f3gico e interativo, otimize seu tempo e venda melhor<\/span>[\/vc_column_text][\/vc_column][\/vc_row][vc_row][vc_column][vc_column_text]<\/p>\n<h1>As vantagens :<\/h1>\n<p>[\/vc_column_text][vc_column_text]<\/p>\n<h5>Para a imobili\u00e1ria :<\/h5>\n<p>[\/vc_column_text][\/vc_column][\/vc_row][vc_row][vc_column width=&#8221;1\/2&#8243;]<div class=\"standard-arrow list-divider bullet-top\"><ul>\n<li>Transi\u00e7\u00e3o digital: coloque sua ag\u00eancia na era da realidade virtual<\/li>\n<li>Inove dando uma imagem de alta tecnologia da sua empresa<\/li>\n<li>Reduza o n\u00famero de visitas reais e evite viagens desnecess\u00e1rias a propriedades que ser\u00e3o eliminadas rapidamente.<\/li>\n<li>Vender 7 a 8% mais caro. A imagem da habita\u00e7\u00e3o pesquisada virtualmente permanece na mente. Ao visitar com o agente, o comprador fica mais confort\u00e1vel e tende a comprar mais rapidamente a um pre\u00e7o que ele integrou. A negocia\u00e7\u00e3o \u00e9 menos complicada do que durante uma visita cl\u00e1ssica.<\/li>\n<li>Desenvolvimento sustent\u00e1vel, otimizar o impacto ambiental do seu neg\u00f3cio, limitando as viagens e as emiss\u00f5es de gases de efeito estufa<\/li>\n<li>Instant\u00e2nea, a comunica\u00e7\u00e3o \u00e9 feita em tempo real, assim que um novo bem \u00e9 escaneado, \u00e9 imediatamente visit\u00e1vel<\/li>\n<\/ul>\n<\/div>[vc_empty_space height=&#8221;52px&#8221;][\/vc_column][vc_column width=&#8221;1\/2&#8243;]<div class=\"standard-arrow list-divider bullet-top\"><ul>\n<li>Mobilidade, n\u00e3o s\u00f3 no computador, nossa solu\u00e7\u00e3o \u00e9 100% m\u00f3vel, voc\u00ea tamb\u00e9m pode ir ver o seu cliente para apresentar sua propriedade<\/li>\n<li>Mostrar mais propriedades, incluindo propriedades que o comprador n\u00e3o teria tempo de visitar<\/li>\n<li>Fidelizar seus clientes, equipando-os com m\u00e1scara de VR, como as cardboards, voc\u00ea oferece uma vantagem decisiva sobre a concorr\u00eancia<\/li>\n<li>Aumentar o n\u00famero de potenciais compradores, os seus clientes podem descobrir a sua oferta em qualquer parte do mundo<\/li>\n<li>Aumentar os mandatos exclusivos, oferecendo a visita virtual de uma propriedade ao vendedor, o mandato exclusivo \u00e9 mais facilmente negociado<\/li>\n<\/ul>\n<\/div>[vc_empty_space height=&#8221;52px&#8221;][\/vc_column][\/vc_row][vc_row][vc_column width=&#8221;1\/2&#8243;][vc_column_text]<\/p>\n<h5>Para o vendedor :<\/h5>\n<p>[\/vc_column_text]<div class=\"standard-arrow list-divider bullet-top\"><ul>\n<li>Limitar a quantidade de visitas, n\u00e3o \u00e9 necess\u00e1rio organizar visitas para compradores que ainda n\u00e3o definiram com certeza suas necessidades<\/li>\n<li>N\u00e3o h\u00e1 mais restri\u00e7\u00f5es geogr\u00e1ficas, a propriedade pode ser visitada mesmo do exterior e gratuitamente. Um cliente potencial, mesmo fora, poder\u00e1 visitar sua propriedade e estar convencido de que \u00e9 A propriedade que ele precisa.<\/li>\n<li>Vender melhor e mais r\u00e1pido, multiplicando as visitas.<\/li>\n<li>Aumentar a atratividade da propriedade, apresentando-a de forma inovadora<\/li>\n<li>Inconveni\u00eancias meteorol\u00f3gicas, voc\u00ea n\u00e3o depende mais das restri\u00e7\u00f5es clim\u00e1ticas que podem reduzir o atrativo da propriedade em quest\u00e3o<\/li>\n<\/ul>\n<\/div>[\/vc_column][vc_column width=&#8221;1\/2&#8243;][vc_column_text]<\/p>\n<h5>Para o comprador :<\/h5>\n<p>[\/vc_column_text]<div class=\"standard-arrow list-divider bullet-top\"><ul>\n<li>Permite poupar tempo, em vez de passar horas fazendo dezenas de visitas, uma consulta com o cliente \u00e9 suficiente para fazer uma pr\u00e9-visita de uma sele\u00e7\u00e3o de propriedades<\/li>\n<li>N\u00e3o h\u00e1 necessidade de se mover, voc\u00ea pode visitar a propriedade a milhares de quil\u00f4metros de dist\u00e2ncia<\/li>\n<li>Otimiza\u00e7\u00e3o das visitas, voc\u00ea se move mas apenas para\u00a0as propriedades que correspondem realmente \u00e0s suas expectativas<\/li>\n<li>Convivialidade, as visitas virtuais se fazem confortavelmente instaladas na imobili\u00e1ria ou em qualquer outro lugar, al\u00e9m de permitir uma maior intera\u00e7\u00e3o com o agente para entender melhor suas expectativas.<\/li>\n<li>Visite 24h\/24, 7d\/7, sem restri\u00e7\u00f5es de tempo<\/li>\n<li>Reveje as propriedades visitadas quantas vezes quiser<\/li>\n<\/ul>\n<\/div>[\/vc_column][\/vc_row][vc_row type=&#8221;vc_default&#8221; full_width=&#8221;stretch_row&#8221; content_placement=&#8221;middle&#8221; css=&#8221;.vc_custom_1489014145308{background-image: url(http:\/\/virtuapartner.com\/wp-content\/uploads\/2017\/02\/googlecard-logovp_ld.jpg?id=266) !important;background-position: center !important;background-repeat: no-repeat !important;background-size: cover !important;}&#8221;][vc_column width=&#8221;1\/4&#8243;][\/vc_column][vc_column width=&#8221;3\/4&#8243;][vc_empty_space height=&#8221;70px&#8221;][vc_column_text css=&#8221;.vc_custom_1522498662742{padding-top: 10px !important;padding-right: 10px !important;padding-bottom: 10px !important;padding-left: 10px !important;background-color: rgba(255,255,255,0.29) !important;*background-color: rgb(255,255,255) !important;}&#8221;]<\/p>\n<h2 style=\"text-align: center;\">Fidelize seus clientes permitindo que eles possam visitar a qualquer momento sua sele\u00e7\u00e3o de propriedades de qualquer computador, tablet ou smartphone<\/h2>\n<p>[\/vc_column_text][vc_column_text css=&#8221;.vc_custom_1522498761980{padding-top: 10px !important;padding-right: 10px !important;padding-bottom: 10px !important;padding-left: 10px !important;background-color: rgba(255,255,255,0.29) !important;*background-color: rgb(255,255,255) !important;}&#8221;]<\/p>\n<p style=\"text-align: center;\"><span style=\"color: #000000;\">Um cardboard \u00e9 uma m\u00e1scara de realidade virtual que funciona com qualquer smartphone.<\/span><\/p>\n<p style=\"text-align: center;\"><span style=\"color: #000000;\">Inovador, imersivo, original, barato, d\u00ea aos seus clientes um suporte com suas cores personalizadas e a oportunidade de visitar suas propriedades onde e quando quiserem.<\/span><\/p>\n<p>[\/vc_column_text][vc_empty_space height=&#8221;70px&#8221;][\/vc_column][\/vc_row][vc_row type=&#8221;vc_default&#8221; full_width=&#8221;stretch_row&#8221; content_placement=&#8221;middle&#8221; css=&#8221;.vc_custom_1489448727007{background-color: #000000 !important;}&#8221;][vc_column width=&#8221;1\/3&#8243;][vc_column_text]<span style=\"text-align: center;\"><iframe src=\"https:\/\/www.youtube.com\/embed\/umWy58_Vvnk?rel=0&amp;controls=0&amp;showinfo=0&amp;autoplay=1&amp;loop=1&amp;playlist=bM-fd1MxyeQ\" width=\"560\" height=\"355\" frameborder=\"0\" allowfullscreen=\"allowfullscreen\"><\/iframe><\/span>[\/vc_column_text][\/vc_column][vc_column width=&#8221;2\/3&#8243;][vc_column_text]<\/p>\n<h1 style=\"text-align: left;\"><span style=\"color: #ffffff;\">Incrivelmente simples<\/span><\/h1>\n<p>[\/vc_column_text][vc_column_text]<span style=\"color: #ffffff;\">Com a ponta dos seus dedos, navegue livremente nesses espa\u00e7os reconstru\u00eddos em tr\u00eas dimens\u00f5es. Muito intuitivo, nossa solu\u00e7\u00e3o ir\u00e1 seduzir seus clientes em poucos cliques.<\/span>[\/vc_column_text][\/vc_column][\/vc_row][vc_row type=&#8221;vc_default&#8221; full_width=&#8221;stretch_row&#8221; css=&#8221;.vc_custom_1488838691241{background-color: #000000 !important;}&#8221;][vc_column][vc_single_image image=&#8221;228&#8243; img_size=&#8221;full&#8221; alignment=&#8221;center&#8221;][\/vc_column][\/vc_row]<\/p>\n<\/div>","protected":false},"excerpt":{"rendered":"<p>[vc_row][vc_column][vc_column_text] A\u00a0visita virtual, a revolu\u00e7\u00e3o imobili\u00e1ria ! [\/vc_column_text][vc_column_text] Imersivo, econ\u00f4mico e interativo, otimize seu tempo e venda melhor [\/vc_column_text][vc_separator style=&#8221;shadow&#8221; el_width=&#8221;70&#8243;][\/vc_column][\/vc_row][vc_row type=&#8221;vc_default&#8221; full_width=&#8221;stretch_row&#8221; css=&#8221;.vc_custom_1489010792192{background-image: url(http:\/\/virtuapartner.com\/wp-content\/uploads\/2017\/02\/chambre-wireframe_recadre-plusclair.jpg?id=249) !important;background-position: center !important;background-repeat: no-repeat !important;background-size: cover !important;}&#8221;][vc_column][vc_empty_space height=&#8221;300px&#8221;][vc_column_text] Descubra nossas solu\u00e7\u00f5es desenvolvidas especificamente para imobili\u00e1rias e corretores imobili\u00e1rios. [\/vc_column_text][vc_empty_space height=&#8221;180px&#8221;][\/vc_column][\/vc_row][vc_row type=&#8221;vc_default&#8221; full_width=&#8221;stretch_row&#8221; content_placement=&#8221;middle&#8221; css=&#8221;.vc_custom_1488796623954{background-color: #000000 !important;}&#8221;][vc_column width=&#8221;1\/2&#8243;][vc_column_text][\/vc_column_text][\/vc_column][vc_column width=&#8221;1\/2&#8243;][vc_single_image image=&#8221;58&#8243; alignment=&#8221;center&#8221;][vc_empty_space][vc_column_text&hellip;<\/p>\n","protected":false},"author":1,"featured_media":0,"parent":0,"menu_order":0,"comment_status":"closed","ping_status":"open","template":"","meta":{"_exactmetrics_skip_tracking":false,"_exactmetrics_sitenote_active":false,"_exactmetrics_sitenote_note":"","_exactmetrics_sitenote_category":0,"footnotes":""},"class_list":["post-39","page","type-page","status-publish","hentry","description-off"],"yoast_head":"<!-- This site is optimized with the Yoast SEO plugin v27.5 - https:\/\/yoast.com\/product\/yoast-seo-wordpress\/ -->\n<title>Imobili\u00e1rio - Virtuapartner<\/title>\n<meta name=\"robots\" content=\"index, follow, max-snippet:-1, max-image-preview:large, max-video-preview:-1\" \/>\n<link rel=\"canonical\" href=\"https:\/\/virtuapartner.com\/en\/immobilier\/\" \/>\n<meta property=\"og:locale\" content=\"pt_PT\" \/>\n<meta property=\"og:type\" content=\"article\" \/>\n<meta property=\"og:title\" content=\"Imobili\u00e1rio - Virtuapartner\" \/>\n<meta property=\"og:description\" content=\"[vc_row][vc_column][vc_column_text] A\u00a0visita virtual, a revolu\u00e7\u00e3o imobili\u00e1ria ! [\/vc_column_text][vc_column_text] Imersivo, econ\u00f4mico e interativo, otimize seu tempo e venda melhor [\/vc_column_text][vc_separator style=&#8221;shadow&#8221; el_width=&#8221;70&#8243;][\/vc_column][\/vc_row][vc_row type=&#8221;vc_default&#8221; full_width=&#8221;stretch_row&#8221; css=&#8221;.vc_custom_1489010792192{background-image: url(http:\/\/virtuapartner.com\/wp-content\/uploads\/2017\/02\/chambre-wireframe_recadre-plusclair.jpg?id=249) !important;background-position: center !important;background-repeat: no-repeat !important;background-size: cover !important;}&#8221;][vc_column][vc_empty_space height=&#8221;300px&#8221;][vc_column_text] Descubra nossas solu\u00e7\u00f5es desenvolvidas especificamente para imobili\u00e1rias e corretores imobili\u00e1rios. [\/vc_column_text][vc_empty_space height=&#8221;180px&#8221;][\/vc_column][\/vc_row][vc_row type=&#8221;vc_default&#8221; full_width=&#8221;stretch_row&#8221; content_placement=&#8221;middle&#8221; css=&#8221;.vc_custom_1488796623954{background-color: #000000 !important;}&#8221;][vc_column width=&#8221;1\/2&#8243;][vc_column_text][\/vc_column_text][\/vc_column][vc_column width=&#8221;1\/2&#8243;][vc_single_image image=&#8221;58&#8243; alignment=&#8221;center&#8221;][vc_empty_space][vc_column_text&hellip;\" \/>\n<meta property=\"og:url\" content=\"https:\/\/virtuapartner.com\/en\/immobilier\/\" \/>\n<meta property=\"og:site_name\" content=\"Virtuapartner\" \/>\n<meta property=\"article:modified_time\" content=\"2018-04-24T17:14:34+00:00\" \/>\n<meta name=\"twitter:card\" content=\"summary_large_image\" \/>\n<meta name=\"twitter:label1\" content=\"Tempo estimado de leitura\" \/>\n\t<meta name=\"twitter:data1\" content=\"26 minutos\" \/>\n<script type=\"application\/ld+json\" class=\"yoast-schema-graph\">{\"@context\":\"https:\\\/\\\/schema.org\",\"@graph\":[{\"@type\":\"WebPage\",\"@id\":\"https:\\\/\\\/virtuapartner.com\\\/en\\\/immobilier\\\/\",\"url\":\"https:\\\/\\\/virtuapartner.com\\\/en\\\/immobilier\\\/\",\"name\":\"Imobili\u00e1rio - Virtuapartner\",\"isPartOf\":{\"@id\":\"https:\\\/\\\/virtuapartner.com\\\/fr\\\/#website\"},\"datePublished\":\"2017-02-24T11:32:19+00:00\",\"dateModified\":\"2018-04-24T17:14:34+00:00\",\"breadcrumb\":{\"@id\":\"https:\\\/\\\/virtuapartner.com\\\/en\\\/immobilier\\\/#breadcrumb\"},\"inLanguage\":\"pt-PT\",\"potentialAction\":[{\"@type\":\"ReadAction\",\"target\":[\"https:\\\/\\\/virtuapartner.com\\\/en\\\/immobilier\\\/\"]}]},{\"@type\":\"BreadcrumbList\",\"@id\":\"https:\\\/\\\/virtuapartner.com\\\/en\\\/immobilier\\\/#breadcrumb\",\"itemListElement\":[{\"@type\":\"ListItem\",\"position\":1,\"name\":\"Accueil\",\"item\":\"https:\\\/\\\/virtuapartner.com\\\/\"},{\"@type\":\"ListItem\",\"position\":2,\"name\":\"Real Estate\"}]},{\"@type\":\"WebSite\",\"@id\":\"https:\\\/\\\/virtuapartner.com\\\/fr\\\/#website\",\"url\":\"https:\\\/\\\/virtuapartner.com\\\/fr\\\/\",\"name\":\"Virtuapartner\",\"description\":\"visite virtuelle - Visites virtuelles 360 interactives\",\"potentialAction\":[{\"@type\":\"SearchAction\",\"target\":{\"@type\":\"EntryPoint\",\"urlTemplate\":\"https:\\\/\\\/virtuapartner.com\\\/fr\\\/?s={search_term_string}\"},\"query-input\":{\"@type\":\"PropertyValueSpecification\",\"valueRequired\":true,\"valueName\":\"search_term_string\"}}],\"inLanguage\":\"pt-PT\"}]}<\/script>\n<!-- \/ Yoast SEO plugin. -->","yoast_head_json":{"title":"Imobili\u00e1rio - Virtuapartner","robots":{"index":"index","follow":"follow","max-snippet":"max-snippet:-1","max-image-preview":"max-image-preview:large","max-video-preview":"max-video-preview:-1"},"canonical":"https:\/\/virtuapartner.com\/en\/immobilier\/","og_locale":"pt_PT","og_type":"article","og_title":"Imobili\u00e1rio - Virtuapartner","og_description":"[vc_row][vc_column][vc_column_text] A\u00a0visita virtual, a revolu\u00e7\u00e3o imobili\u00e1ria ! [\/vc_column_text][vc_column_text] Imersivo, econ\u00f4mico e interativo, otimize seu tempo e venda melhor [\/vc_column_text][vc_separator style=&#8221;shadow&#8221; el_width=&#8221;70&#8243;][\/vc_column][\/vc_row][vc_row type=&#8221;vc_default&#8221; full_width=&#8221;stretch_row&#8221; css=&#8221;.vc_custom_1489010792192{background-image: url(http:\/\/virtuapartner.com\/wp-content\/uploads\/2017\/02\/chambre-wireframe_recadre-plusclair.jpg?id=249) !important;background-position: center !important;background-repeat: no-repeat !important;background-size: cover !important;}&#8221;][vc_column][vc_empty_space height=&#8221;300px&#8221;][vc_column_text] Descubra nossas solu\u00e7\u00f5es desenvolvidas especificamente para imobili\u00e1rias e corretores imobili\u00e1rios. [\/vc_column_text][vc_empty_space height=&#8221;180px&#8221;][\/vc_column][\/vc_row][vc_row type=&#8221;vc_default&#8221; full_width=&#8221;stretch_row&#8221; content_placement=&#8221;middle&#8221; css=&#8221;.vc_custom_1488796623954{background-color: #000000 !important;}&#8221;][vc_column width=&#8221;1\/2&#8243;][vc_column_text][\/vc_column_text][\/vc_column][vc_column width=&#8221;1\/2&#8243;][vc_single_image image=&#8221;58&#8243; alignment=&#8221;center&#8221;][vc_empty_space][vc_column_text&hellip;","og_url":"https:\/\/virtuapartner.com\/en\/immobilier\/","og_site_name":"Virtuapartner","article_modified_time":"2018-04-24T17:14:34+00:00","twitter_card":"summary_large_image","twitter_misc":{"Tempo estimado de leitura":"26 minutos"},"schema":{"@context":"https:\/\/schema.org","@graph":[{"@type":"WebPage","@id":"https:\/\/virtuapartner.com\/en\/immobilier\/","url":"https:\/\/virtuapartner.com\/en\/immobilier\/","name":"Imobili\u00e1rio - Virtuapartner","isPartOf":{"@id":"https:\/\/virtuapartner.com\/fr\/#website"},"datePublished":"2017-02-24T11:32:19+00:00","dateModified":"2018-04-24T17:14:34+00:00","breadcrumb":{"@id":"https:\/\/virtuapartner.com\/en\/immobilier\/#breadcrumb"},"inLanguage":"pt-PT","potentialAction":[{"@type":"ReadAction","target":["https:\/\/virtuapartner.com\/en\/immobilier\/"]}]},{"@type":"BreadcrumbList","@id":"https:\/\/virtuapartner.com\/en\/immobilier\/#breadcrumb","itemListElement":[{"@type":"ListItem","position":1,"name":"Accueil","item":"https:\/\/virtuapartner.com\/"},{"@type":"ListItem","position":2,"name":"Real Estate"}]},{"@type":"WebSite","@id":"https:\/\/virtuapartner.com\/fr\/#website","url":"https:\/\/virtuapartner.com\/fr\/","name":"Virtuapartner","description":"visite virtuelle - Visites virtuelles 360 interactives","potentialAction":[{"@type":"SearchAction","target":{"@type":"EntryPoint","urlTemplate":"https:\/\/virtuapartner.com\/fr\/?s={search_term_string}"},"query-input":{"@type":"PropertyValueSpecification","valueRequired":true,"valueName":"search_term_string"}}],"inLanguage":"pt-PT"}]}},"_links":{"self":[{"href":"https:\/\/virtuapartner.com\/pt\/wp-json\/wp\/v2\/pages\/39","targetHints":{"allow":["GET"]}}],"collection":[{"href":"https:\/\/virtuapartner.com\/pt\/wp-json\/wp\/v2\/pages"}],"about":[{"href":"https:\/\/virtuapartner.com\/pt\/wp-json\/wp\/v2\/types\/page"}],"author":[{"embeddable":true,"href":"https:\/\/virtuapartner.com\/pt\/wp-json\/wp\/v2\/users\/1"}],"replies":[{"embeddable":true,"href":"https:\/\/virtuapartner.com\/pt\/wp-json\/wp\/v2\/comments?post=39"}],"version-history":[{"count":63,"href":"https:\/\/virtuapartner.com\/pt\/wp-json\/wp\/v2\/pages\/39\/revisions"}],"predecessor-version":[{"id":793,"href":"https:\/\/virtuapartner.com\/pt\/wp-json\/wp\/v2\/pages\/39\/revisions\/793"}],"wp:attachment":[{"href":"https:\/\/virtuapartner.com\/pt\/wp-json\/wp\/v2\/media?parent=39"}],"curies":[{"name":"wp","href":"https:\/\/api.w.org\/{rel}","templated":true}]}}