{"id":291,"date":"2017-03-10T14:06:38","date_gmt":"2017-03-10T13:06:38","guid":{"rendered":"http:\/\/virtuapartner.com\/?page_id=291"},"modified":"2018-04-24T19:20:54","modified_gmt":"2018-04-24T17:20:54","slug":"yachts-et-jets-prive","status":"publish","type":"page","link":"https:\/\/virtuapartner.com\/pt\/yachts-et-jets-prive\/","title":{"rendered":"Yates &#038; Jatos"},"content":{"rendered":"<div class=\"wpb-content-wrapper\"><p>[vc_row][vc_column][vc_column_text]<\/p>\n<h2 style=\"text-align: center;\">Mude o tamanho do seu meio de transporte.<\/h2>\n<p>[\/vc_column_text][vc_column_text]<\/p>\n<p style=\"text-align: center;\">Escolhendo a solu\u00e7\u00e3o da <span style=\"color: #348abc; font-family: raleway; font-weight: 200;\">Virtua<\/span><span style=\"color: #000000; font-family: raleway; font-weight: 200;\">Partner<\/span><span style=\"color: #000000; font-family: raleway; font-weight: 200;\"><sup>\u00a9<\/sup> voc\u00ea est\u00e1 entrando no mundo da comunica\u00e7\u00e3o digital inovadora.<\/span><\/p>\n<p>[\/vc_column_text][vc_separator style=&#8221;shadow&#8221; el_width=&#8221;70&#8243;][\/vc_column][\/vc_row][vc_row type=&#8221;vc_default&#8221; full_width=&#8221;stretch_row_content_no_spaces&#8221; css=&#8221;.vc_custom_1489403640380{background-image: url(http:\/\/virtuapartner.com\/wp-content\/uploads\/2017\/03\/jetprive.jpg?id=301) !important;background-position: center !important;background-repeat: no-repeat !important;background-size: cover !important;}&#8221;][vc_column css=&#8221;.vc_custom_1489403619074{background-color: rgba(0,0,0,0.5) !important;*background-color: rgb(0,0,0) !important;}&#8221;][vc_empty_space height=&#8221;180px&#8221;][vc_column_text]<\/p>\n<h1 style=\"text-align: center;\"><span style=\"color: #ffffff;\">A arte de sublimar o luxo<\/span><\/h1>\n<p>[\/vc_column_text][vc_empty_space height=&#8221;180px&#8221;][\/vc_column][\/vc_row][vc_row][vc_column][vc_column_text]<\/p>\n<h1>A propriedade port\u00e1til<\/h1>\n<p>[\/vc_column_text][\/vc_column][\/vc_row][vc_row type=&#8221;vc_default&#8221; content_placement=&#8221;middle&#8221;][vc_column width=&#8221;1\/3&#8243;][vc_single_image image=&#8221;302&#8243; img_size=&#8221;full&#8221; alignment=&#8221;center&#8221;][\/vc_column][vc_column width=&#8221;2\/3&#8243;]<div class=\"standard-arrow list-divider bullet-top\"><ul>\n<li>Seu meio de transporte <strong>torna-se explor\u00e1vel de todos os seus viajantes, locat\u00e1rios e clientes<\/strong>.<\/li>\n<li>Venda <strong>seus servi\u00e7os de uma forma original ao redor do mundo.<\/strong>.<\/li>\n<li><strong>Facilmente integr\u00e1vel<\/strong> em seu site e suas redes sociais.<\/li>\n<li>Aumente a <strong>visibilidade<\/strong> dos seus meios de transporte.<\/li>\n<li>Voc\u00ea se comunica de forma <strong>inovadora e moderna.<\/strong><\/li>\n<li><strong>Destaque o conforto oferecido e os servi\u00e7os associados.<\/strong><\/li>\n<\/ul>\n<\/div>[\/vc_column][\/vc_row][vc_row type=&#8221;vc_default&#8221; full_width=&#8221;stretch_row&#8221; content_placement=&#8221;middle&#8221; css=&#8221;.vc_custom_1488994291973{background-color: #000000 !important;}&#8221;][vc_column width=&#8221;1\/2&#8243;][vc_column_text]<span style=\"text-align: center;\"><iframe src=\"https:\/\/www.youtube.com\/embed\/HuBbgzECcK0?rel=0&amp;controls=0&amp;showinfo=0&amp;autoplay=1&amp;loop=1&amp;playlist=HuBbgzECcK0\" width=\"560\" height=\"315\" frameborder=\"0\" allowfullscreen=\"allowfullscreen\"><\/iframe><\/span>[\/vc_column_text][\/vc_column][vc_column width=&#8221;1\/2&#8243;][vc_single_image image=&#8221;58&#8243; img_size=&#8221;full&#8221; alignment=&#8221;center&#8221;][vc_empty_space height=&#8221;10px&#8221;][vc_column_text]<\/p>\n<p style=\"text-align: center;\"><span style=\"color: #ffffff;\">Equipado com uma m\u00e1scara de realidade virtual ou apenas seu laptop, visite em imers\u00e3o total este mega iate. Circule de uma cabine para outra, observe todos os detalhes e fa\u00e7a uma visita completa \u00e0 dist\u00e2ncia.<\/span><\/p>\n<p>[\/vc_column_text][vc_single_image image=&#8221;228&#8243; img_size=&#8221;medium&#8221; alignment=&#8221;center&#8221;][\/vc_column][\/vc_row][vc_row type=&#8221;vc_default&#8221; full_width=&#8221;stretch_row&#8221; css=&#8221;.vc_custom_1488839958158{background-image: url(http:\/\/virtuapartner.com\/wp-content\/uploads\/2017\/02\/bckgrd_vrspace2.jpg?id=135) !important;background-position: center !important;background-repeat: no-repeat !important;background-size: cover !important;}&#8221;][vc_column][vc_column_text]<\/p>\n<h1><span style=\"color: #ffffff;\">A visita virtual <\/span><span style=\"color: #348abc; font-family: raleway; font-weight: 200;\">Virtua<\/span><span style=\"color: #ffffff; font-family: raleway; font-weight: 200;\">Partner<\/span><span style=\"color: #ffffff; font-family: raleway; font-weight: 200; font-size: 20px;\"><sup>\u00a9<\/sup><\/span><\/h1>\n<p>[\/vc_column_text][vc_column_text]<span style=\"color: #ffffff;\">Voc\u00ea poder\u00e1 passear neste suntuoso mega iate e todas as cabines nos menores detalhes. Basta escolher a cabine nesta representa\u00e7\u00e3o em 3D e depois passear usando os c\u00edrculos brancos. Tenha uma boa visita!<\/span>[\/vc_column_text][vc_column_text]<\/p>\n<p style=\"text-align: center;\"><iframe src=\"https:\/\/my.matterport.com\/show\/?m=FyCDM9wJ8Bn&amp;play=1\" width=\"100%\" height=\"450\" frameborder=\"0\" allowfullscreen=\"allowfullscreen\"><\/iframe><\/p>\n<p>[\/vc_column_text][\/vc_column][\/vc_row][vc_row type=&#8221;vc_default&#8221; content_placement=&#8221;middle&#8221;][vc_column width=&#8221;2\/3&#8243;][vc_column_text]<\/p>\n<h1>A realidade virtual vem na \u00e1gua e no ar<\/h1>\n<p>[\/vc_column_text][vc_column_text]Iates de luxo, embarca\u00e7\u00f5es de recreio, veleiros ou jatos particulares ser\u00e3o <strong>vis\u00edveis pelo seu valor mais justo<\/strong> e uma reprodu\u00e7\u00e3o fiel dos seus interiores permitir\u00e1 que seus futuros clientes se projetem no conforto proposto.<br \/>\nIntegra\u00e7\u00e3o de <strong>informa\u00e7\u00f5es<\/strong> para tornar <strong>a visita t\u00e3o imersiva quanto poss\u00edvel e informar seus clientes de servi\u00e7os adicionais oferecidos.<\/strong><br \/>\nSeu meio de transporte \u00e9 digitalizado para <strong>alcan\u00e7ar o maior n\u00famero.<\/strong><\/p>\n<p>A solu\u00e7\u00e3o <span style=\"color: #348abc; font-family: raleway; font-weight: 200;\">Virtua<\/span><span style=\"color: #000000; font-family: raleway; font-weight: 200;\">Partner<\/span><span style=\"color: #000000; font-family: raleway; font-weight: 200;\"><sup>\u00a9<\/sup><\/span> \u00e9 uma visibilidade multiplicada gra\u00e7as a uma <strong>integra\u00e7\u00e3o simples e r\u00e1pida em suas redes\u00a0sociais e nos seu site internet.<\/strong>[\/vc_column_text][\/vc_column][vc_column width=&#8221;1\/3&#8243;][vc_single_image image=&#8221;312&#8243; img_size=&#8221;full&#8221; alignment=&#8221;center&#8221;][\/vc_column][\/vc_row][vc_row type=&#8221;vc_default&#8221; full_width=&#8221;stretch_row_content_no_spaces&#8221; content_placement=&#8221;middle&#8221; css=&#8221;.vc_custom_1489447956564{background-image: url(http:\/\/virtuapartner.com\/wp-content\/uploads\/2017\/03\/fd-proue.jpg?id=314) !important;background-position: center !important;background-repeat: no-repeat !important;background-size: cover !important;}&#8221;][vc_column css=&#8221;.vc_custom_1489447933870{background-color: rgba(0,0,0,0.51) !important;*background-color: rgb(0,0,0) !important;}&#8221;][vc_empty_space height=&#8221;180px&#8221;][vc_column_text]<\/p>\n<h1 style=\"text-align: center;\"><span style=\"color: #ffffff;\">Do voo para a navega\u00e7\u00e3o digital<\/span><\/h1>\n<p>[\/vc_column_text][vc_empty_space height=&#8221;180px&#8221;][\/vc_column][\/vc_row][vc_row type=&#8221;vc_default&#8221; full_width=&#8221;stretch_row&#8221; content_placement=&#8221;middle&#8221; css=&#8221;.vc_custom_1489448727007{background-color: #000000 !important;}&#8221;][vc_column width=&#8221;1\/3&#8243;][vc_column_text]<span style=\"text-align: center;\"><iframe src=\"https:\/\/www.youtube.com\/embed\/umWy58_Vvnk?rel=0&amp;controls=0&amp;showinfo=0&amp;autoplay=1&amp;loop=1&amp;playlist=bM-fd1MxyeQ\" width=\"560\" height=\"355\" frameborder=\"0\" allowfullscreen=\"allowfullscreen\"><\/iframe><\/span>[\/vc_column_text][\/vc_column][vc_column width=&#8221;2\/3&#8243;][vc_column_text]<\/p>\n<h1 style=\"text-align: left;\"><span style=\"color: #ffffff;\">Incrivelmente simples<\/span><\/h1>\n<p>[\/vc_column_text][vc_column_text]<span style=\"color: #ffffff;\">Com a ponta dos seus dedos, navegue livremente nesses espa\u00e7os reconstru\u00eddos em tr\u00eas dimens\u00f5es. Muito intuitivo, nossa solu\u00e7\u00e3o ir\u00e1 seduzir seus clientes em poucos cliques.<\/span>[\/vc_column_text][\/vc_column][\/vc_row][vc_row type=&#8221;vc_default&#8221; full_width=&#8221;stretch_row&#8221; css=&#8221;.vc_custom_1488838691241{background-color: #000000 !important;}&#8221;][vc_column][vc_single_image image=&#8221;228&#8243; img_size=&#8221;full&#8221; alignment=&#8221;center&#8221;][\/vc_column][\/vc_row]<\/p>\n<\/div>","protected":false},"excerpt":{"rendered":"<p>[vc_row][vc_column][vc_column_text] Mude o tamanho do seu meio de transporte. [\/vc_column_text][vc_column_text] Escolhendo a solu\u00e7\u00e3o da VirtuaPartner\u00a9 voc\u00ea est\u00e1 entrando no mundo da comunica\u00e7\u00e3o digital inovadora. [\/vc_column_text][vc_separator style=&#8221;shadow&#8221; el_width=&#8221;70&#8243;][\/vc_column][\/vc_row][vc_row type=&#8221;vc_default&#8221; full_width=&#8221;stretch_row_content_no_spaces&#8221; css=&#8221;.vc_custom_1489403640380{background-image: url(http:\/\/virtuapartner.com\/wp-content\/uploads\/2017\/03\/jetprive.jpg?id=301) !important;background-position: center !important;background-repeat: no-repeat !important;background-size: cover !important;}&#8221;][vc_column css=&#8221;.vc_custom_1489403619074{background-color: rgba(0,0,0,0.5) !important;*background-color: rgb(0,0,0) !important;}&#8221;][vc_empty_space height=&#8221;180px&#8221;][vc_column_text] A arte de sublimar o luxo [\/vc_column_text][vc_empty_space height=&#8221;180px&#8221;][\/vc_column][\/vc_row][vc_row][vc_column][vc_column_text] A propriedade port\u00e1til&hellip;<\/p>\n","protected":false},"author":1,"featured_media":0,"parent":0,"menu_order":0,"comment_status":"closed","ping_status":"closed","template":"","meta":{"_exactmetrics_skip_tracking":false,"_exactmetrics_sitenote_active":false,"_exactmetrics_sitenote_note":"","_exactmetrics_sitenote_category":0,"footnotes":""},"class_list":["post-291","page","type-page","status-publish","hentry","description-off"],"yoast_head":"<!-- This site is optimized with the Yoast SEO plugin v27.5 - https:\/\/yoast.com\/product\/yoast-seo-wordpress\/ -->\n<title>Yates &amp; Jatos - Virtuapartner<\/title>\n<meta name=\"robots\" content=\"index, follow, max-snippet:-1, max-image-preview:large, max-video-preview:-1\" \/>\n<link rel=\"canonical\" href=\"https:\/\/virtuapartner.com\/es\/yachts-et-jets-prive\/\" \/>\n<meta property=\"og:locale\" content=\"pt_PT\" \/>\n<meta property=\"og:type\" content=\"article\" \/>\n<meta property=\"og:title\" content=\"Yates &amp; Jatos - Virtuapartner\" \/>\n<meta property=\"og:description\" content=\"[vc_row][vc_column][vc_column_text] Mude o tamanho do seu meio de transporte. [\/vc_column_text][vc_column_text] Escolhendo a solu\u00e7\u00e3o da VirtuaPartner\u00a9 voc\u00ea est\u00e1 entrando no mundo da comunica\u00e7\u00e3o digital inovadora. [\/vc_column_text][vc_separator style=&#8221;shadow&#8221; el_width=&#8221;70&#8243;][\/vc_column][\/vc_row][vc_row type=&#8221;vc_default&#8221; full_width=&#8221;stretch_row_content_no_spaces&#8221; css=&#8221;.vc_custom_1489403640380{background-image: url(http:\/\/virtuapartner.com\/wp-content\/uploads\/2017\/03\/jetprive.jpg?id=301) !important;background-position: center !important;background-repeat: no-repeat !important;background-size: cover !important;}&#8221;][vc_column css=&#8221;.vc_custom_1489403619074{background-color: rgba(0,0,0,0.5) !important;*background-color: rgb(0,0,0) !important;}&#8221;][vc_empty_space height=&#8221;180px&#8221;][vc_column_text] A arte de sublimar o luxo [\/vc_column_text][vc_empty_space height=&#8221;180px&#8221;][\/vc_column][\/vc_row][vc_row][vc_column][vc_column_text] A propriedade port\u00e1til&hellip;\" \/>\n<meta property=\"og:url\" content=\"https:\/\/virtuapartner.com\/es\/yachts-et-jets-prive\/\" \/>\n<meta property=\"og:site_name\" content=\"Virtuapartner\" \/>\n<meta property=\"article:modified_time\" content=\"2018-04-24T17:20:54+00:00\" \/>\n<meta name=\"twitter:card\" content=\"summary_large_image\" \/>\n<meta name=\"twitter:label1\" content=\"Tempo estimado de leitura\" \/>\n\t<meta name=\"twitter:data1\" content=\"15 minutos\" \/>\n<script type=\"application\/ld+json\" class=\"yoast-schema-graph\">{\"@context\":\"https:\\\/\\\/schema.org\",\"@graph\":[{\"@type\":\"WebPage\",\"@id\":\"https:\\\/\\\/virtuapartner.com\\\/es\\\/yachts-et-jets-prive\\\/\",\"url\":\"https:\\\/\\\/virtuapartner.com\\\/es\\\/yachts-et-jets-prive\\\/\",\"name\":\"Yates & Jatos - Virtuapartner\",\"isPartOf\":{\"@id\":\"https:\\\/\\\/virtuapartner.com\\\/fr\\\/#website\"},\"datePublished\":\"2017-03-10T13:06:38+00:00\",\"dateModified\":\"2018-04-24T17:20:54+00:00\",\"breadcrumb\":{\"@id\":\"https:\\\/\\\/virtuapartner.com\\\/es\\\/yachts-et-jets-prive\\\/#breadcrumb\"},\"inLanguage\":\"pt-PT\",\"potentialAction\":[{\"@type\":\"ReadAction\",\"target\":[\"https:\\\/\\\/virtuapartner.com\\\/es\\\/yachts-et-jets-prive\\\/\"]}]},{\"@type\":\"BreadcrumbList\",\"@id\":\"https:\\\/\\\/virtuapartner.com\\\/es\\\/yachts-et-jets-prive\\\/#breadcrumb\",\"itemListElement\":[{\"@type\":\"ListItem\",\"position\":1,\"name\":\"Accueil\",\"item\":\"https:\\\/\\\/virtuapartner.com\\\/\"},{\"@type\":\"ListItem\",\"position\":2,\"name\":\"Yachts &#038; Jets\"}]},{\"@type\":\"WebSite\",\"@id\":\"https:\\\/\\\/virtuapartner.com\\\/fr\\\/#website\",\"url\":\"https:\\\/\\\/virtuapartner.com\\\/fr\\\/\",\"name\":\"Virtuapartner\",\"description\":\"visite virtuelle - Visites virtuelles 360 interactives\",\"potentialAction\":[{\"@type\":\"SearchAction\",\"target\":{\"@type\":\"EntryPoint\",\"urlTemplate\":\"https:\\\/\\\/virtuapartner.com\\\/fr\\\/?s={search_term_string}\"},\"query-input\":{\"@type\":\"PropertyValueSpecification\",\"valueRequired\":true,\"valueName\":\"search_term_string\"}}],\"inLanguage\":\"pt-PT\"}]}<\/script>\n<!-- \/ Yoast SEO plugin. -->","yoast_head_json":{"title":"Yates & Jatos - Virtuapartner","robots":{"index":"index","follow":"follow","max-snippet":"max-snippet:-1","max-image-preview":"max-image-preview:large","max-video-preview":"max-video-preview:-1"},"canonical":"https:\/\/virtuapartner.com\/es\/yachts-et-jets-prive\/","og_locale":"pt_PT","og_type":"article","og_title":"Yates & Jatos - Virtuapartner","og_description":"[vc_row][vc_column][vc_column_text] Mude o tamanho do seu meio de transporte. [\/vc_column_text][vc_column_text] Escolhendo a solu\u00e7\u00e3o da VirtuaPartner\u00a9 voc\u00ea est\u00e1 entrando no mundo da comunica\u00e7\u00e3o digital inovadora. [\/vc_column_text][vc_separator style=&#8221;shadow&#8221; el_width=&#8221;70&#8243;][\/vc_column][\/vc_row][vc_row type=&#8221;vc_default&#8221; full_width=&#8221;stretch_row_content_no_spaces&#8221; css=&#8221;.vc_custom_1489403640380{background-image: url(http:\/\/virtuapartner.com\/wp-content\/uploads\/2017\/03\/jetprive.jpg?id=301) !important;background-position: center !important;background-repeat: no-repeat !important;background-size: cover !important;}&#8221;][vc_column css=&#8221;.vc_custom_1489403619074{background-color: rgba(0,0,0,0.5) !important;*background-color: rgb(0,0,0) !important;}&#8221;][vc_empty_space height=&#8221;180px&#8221;][vc_column_text] A arte de sublimar o luxo [\/vc_column_text][vc_empty_space height=&#8221;180px&#8221;][\/vc_column][\/vc_row][vc_row][vc_column][vc_column_text] A propriedade port\u00e1til&hellip;","og_url":"https:\/\/virtuapartner.com\/es\/yachts-et-jets-prive\/","og_site_name":"Virtuapartner","article_modified_time":"2018-04-24T17:20:54+00:00","twitter_card":"summary_large_image","twitter_misc":{"Tempo estimado de leitura":"15 minutos"},"schema":{"@context":"https:\/\/schema.org","@graph":[{"@type":"WebPage","@id":"https:\/\/virtuapartner.com\/es\/yachts-et-jets-prive\/","url":"https:\/\/virtuapartner.com\/es\/yachts-et-jets-prive\/","name":"Yates & Jatos - Virtuapartner","isPartOf":{"@id":"https:\/\/virtuapartner.com\/fr\/#website"},"datePublished":"2017-03-10T13:06:38+00:00","dateModified":"2018-04-24T17:20:54+00:00","breadcrumb":{"@id":"https:\/\/virtuapartner.com\/es\/yachts-et-jets-prive\/#breadcrumb"},"inLanguage":"pt-PT","potentialAction":[{"@type":"ReadAction","target":["https:\/\/virtuapartner.com\/es\/yachts-et-jets-prive\/"]}]},{"@type":"BreadcrumbList","@id":"https:\/\/virtuapartner.com\/es\/yachts-et-jets-prive\/#breadcrumb","itemListElement":[{"@type":"ListItem","position":1,"name":"Accueil","item":"https:\/\/virtuapartner.com\/"},{"@type":"ListItem","position":2,"name":"Yachts &#038; Jets"}]},{"@type":"WebSite","@id":"https:\/\/virtuapartner.com\/fr\/#website","url":"https:\/\/virtuapartner.com\/fr\/","name":"Virtuapartner","description":"visite virtuelle - Visites virtuelles 360 interactives","potentialAction":[{"@type":"SearchAction","target":{"@type":"EntryPoint","urlTemplate":"https:\/\/virtuapartner.com\/fr\/?s={search_term_string}"},"query-input":{"@type":"PropertyValueSpecification","valueRequired":true,"valueName":"search_term_string"}}],"inLanguage":"pt-PT"}]}},"_links":{"self":[{"href":"https:\/\/virtuapartner.com\/pt\/wp-json\/wp\/v2\/pages\/291","targetHints":{"allow":["GET"]}}],"collection":[{"href":"https:\/\/virtuapartner.com\/pt\/wp-json\/wp\/v2\/pages"}],"about":[{"href":"https:\/\/virtuapartner.com\/pt\/wp-json\/wp\/v2\/types\/page"}],"author":[{"embeddable":true,"href":"https:\/\/virtuapartner.com\/pt\/wp-json\/wp\/v2\/users\/1"}],"replies":[{"embeddable":true,"href":"https:\/\/virtuapartner.com\/pt\/wp-json\/wp\/v2\/comments?post=291"}],"version-history":[{"count":28,"href":"https:\/\/virtuapartner.com\/pt\/wp-json\/wp\/v2\/pages\/291\/revisions"}],"predecessor-version":[{"id":796,"href":"https:\/\/virtuapartner.com\/pt\/wp-json\/wp\/v2\/pages\/291\/revisions\/796"}],"wp:attachment":[{"href":"https:\/\/virtuapartner.com\/pt\/wp-json\/wp\/v2\/media?parent=291"}],"curies":[{"name":"wp","href":"https:\/\/api.w.org\/{rel}","templated":true}]}}