{"id":48,"date":"2017-02-24T12:36:30","date_gmt":"2017-02-24T11:36:30","guid":{"rendered":"http:\/\/virtuapartner.com\/?page_id=48"},"modified":"2025-11-09T10:16:07","modified_gmt":"2025-11-09T09:16:07","slug":"contact","status":"publish","type":"page","link":"https:\/\/virtuapartner.com\/fr\/contact\/","title":{"rendered":"Contact"},"content":{"rendered":"<div class=\"wpb-content-wrapper\"><p>[vc_row][vc_column][vc_column_text]<\/p>\n<h2 style=\"text-align: center;\">Nous sommes \u00e0 votre disposition<\/h2>\n<p>[\/vc_column_text][vc_column_text]Besoin d&rsquo;une information ? D&rsquo;un devis ? Ou m\u00eame d&rsquo;une demonstartion de nos solutions ? N&rsquo;h\u00e9sitez pas \u00e0 nous contacter au besoin. Nous nous ferons un plaisir de vous rencontrer.[\/vc_column_text][vc_separator style=\u00a0\u00bbshadow\u00a0\u00bb el_width=\u00a0\u00bb70&Prime;][vc_empty_space][\/vc_column][\/vc_row][vc_row type=\u00a0\u00bbvc_default\u00a0\u00bb full_width=\u00a0\u00bbstretch_row\u00a0\u00bb css=\u00a0\u00bb.vc_custom_1488378077701{background-color: rgba(234,234,234,0.35) !important;*background-color: rgb(234,234,234) !important;}\u00a0\u00bb][vc_column width=\u00a0\u00bb1\/6&Prime;][vc_column_text]<\/p>\n<h3 style=\"text-align: center;\">France<\/h3>\n<p><a href=\"https:\/\/happymama.com.ua\">view on website<\/a><br \/>\n[\/vc_column_text][vc_column_text]<\/p>\n<p style=\"text-align: center;\"><strong>+33 6 02 18 20 20<br \/>\n<\/strong><strong>+33 6 10 43 61 79<\/strong><br \/>\n<a href=\"mailto:fpech@virtuapartner.com\">Envoyer email<\/a><\/p>\n<p>[\/vc_column_text][vc_gmaps link=\u00a0\u00bb#E-8_JTNDaWZyYW1lJTIwc3JjJTNEJTIyaHR0cHMlM0ElMkYlMkZ3d3cuZ29vZ2xlLmNvbSUyRm1hcHMlMkZlbWJlZCUzRnBiJTNEJTIxMW0xNCUyMTFtMTIlMjExbTMlMjExZDQyNTMzNTAuNDQ4NzgxMDI3JTIxMmQzLjM4MzY4OTEzMTY3OTU5NDclMjEzZDQ2Ljk3NzE4NTI4ODc2MDg4NiUyMTJtMyUyMTFmMCUyMTJmMCUyMTNmMCUyMTNtMiUyMTFpMTAyNCUyMTJpNzY4JTIxNGYxMy4xJTIxNWUxJTIxM20yJTIxMXNlbiUyMTJzZnIlMjE0djE0OTIwOTQxNjM3ODklMjIlMjB3aWR0aCUzRCUyMjYwMCUyMiUyMGhlaWdodCUzRCUyMjQ1MCUyMiUyMGZyYW1lYm9yZGVyJTNEJTIyMCUyMiUyMHN0eWxlJTNEJTIyYm9yZGVyJTNBMCUyMiUyMGFsbG93ZnVsbHNjcmVlbiUzRSUzQyUyRmlmcmFtZSUzRQ==\u00a0\u00bb][\/vc_column][vc_column width=\u00a0\u00bb1\/6&Prime;][vc_column_text]<\/p>\n<h3 style=\"text-align: center;\">Monaco<\/h3>\n<p>[\/vc_column_text][vc_column_text]<\/p>\n<p style=\"text-align: center;\"><strong>06 02 18 20 20<br \/>\n<\/strong><br \/>\n<a href=\"mailto:fpech@virtuapartner.com\">Envoyer email<\/a><\/p>\n<p>[\/vc_column_text][vc_gmaps link=\u00a0\u00bb#E-8_JTNDaWZyYW1lJTIwc3JjJTNEJTIyaHR0cHMlM0ElMkYlMkZ3d3cuZ29vZ2xlLmNvbSUyRm1hcHMlMkZlbWJlZCUzRnBiJTNEJTIxMW0xNCUyMTFtMTIlMjExbTMlMjExZDE5NDA5LjMxMzk0MDI5ODE1NCUyMTJkNy40MjczOTYwMTcxOTU2NiUyMTNkNDMuNzMwOTI0NDcwMjI4MjklMjEybTMlMjExZjAlMjEyZjAlMjEzZjAlMjEzbTIlMjExaTEwMjQlMjEyaTc2OCUyMTRmMTMuMSUyMTVlMSUyMTNtMiUyMTFzZW4lMjEyc2ZyJTIxNHYxNDkyMDk0MjUwNTI3JTIyJTIwd2lkdGglM0QlMjI2MDAlMjIlMjBoZWlnaHQlM0QlMjI0NTAlMjIlMjBmcmFtZWJvcmRlciUzRCUyMjAlMjIlMjBzdHlsZSUzRCUyMmJvcmRlciUzQTAlMjIlMjBhbGxvd2Z1bGxzY3JlZW4lM0UlM0MlMkZpZnJhbWUlM0U=\u00a0\u00bb][\/vc_column][vc_column width=\u00a0\u00bb1\/6&Prime;][vc_column_text]<\/p>\n<h3 style=\"text-align: center;\">Cara\u00efbes<\/h3>\n<p>[\/vc_column_text][vc_column_text]<\/p>\n<p style=\"text-align: center;\"><strong>06 90 31 02 31<br \/>\n<\/strong><br \/>\n<a href=\"mailto:lpeyramaure@virtuapartner.com\">Envoyer email<\/a><\/p>\n<p>[\/vc_column_text][vc_gmaps link=\u00a0\u00bb#E-8_JTNDaWZyYW1lJTIwc3JjJTNEJTIyaHR0cHMlM0ElMkYlMkZ3d3cuZ29vZ2xlLmNvbSUyRm1hcHMlMkZlbWJlZCUzRnBiJTNEJTIxMW0xNCUyMTFtMTIlMjExbTMlMjExZDMzODk2MTUuMDkwNTU1NSUyMTJkLTYwLjc1MzE4ODA0NDY3NDUzJTIxM2QxNS4xMjkwMTM5OTI4MTIzMzYlMjEybTMlMjExZjAlMjEyZjAlMjEzZjAlMjEzbTIlMjExaTEwMjQlMjEyaTc2OCUyMTRmMTMuMSUyMTVlMSUyMTNtMiUyMTFzZW4lMjEyc2ZyJTIxNHYxNDkyMDk0MzA3NDk2JTIyJTIwd2lkdGglM0QlMjI2MDAlMjIlMjBoZWlnaHQlM0QlMjI0NTAlMjIlMjBmcmFtZWJvcmRlciUzRCUyMjAlMjIlMjBzdHlsZSUzRCUyMmJvcmRlciUzQTAlMjIlMjBhbGxvd2Z1bGxzY3JlZW4lM0UlM0MlMkZpZnJhbWUlM0U=\u00a0\u00bb][\/vc_column][vc_column width=\u00a0\u00bb1\/6&Prime;][vc_column_text]<\/p>\n<h3 style=\"text-align: center;\">Suisse<\/h3>\n<p>[\/vc_column_text][vc_column_text]<\/p>\n<p style=\"text-align: center;\"><strong>+41 79 847 21 38<br \/>\n+41 79 775 91 41<\/strong><br \/>\n<a href=\"mailto:vandrey@virtuapartner.ch\">Envoyer email<\/a><\/p>\n<p>[\/vc_column_text][vc_gmaps link=\u00a0\u00bb#E-8_JTNDaWZyYW1lJTIwc3JjJTNEJTIyaHR0cHMlM0ElMkYlMkZ3d3cuZ29vZ2xlLmNvbSUyRm1hcHMlMkZlbWJlZCUzRnBiJTNEJTIxMW0xOCUyMTFtMTIlMjExbTMlMjExZDE0OTYuMzY3NTE3MTQ5NSUyMTJkNi4wOTY5MTE5OTc2ODY1NzElMjEzZDQ2LjE1Njc0NTQ4MDc1MDY2NSUyMTJtMyUyMTFmMCUyMTJmMCUyMTNmMCUyMTNtMiUyMTFpMTAyNCUyMTJpNzY4JTIxNGYxMy4xJTIxM20zJTIxMW0yJTIxMXMweDQ3OGM3YjljYWIwZmUyYWYlMjUzQTB4NWNkMGFiNDVkYzJlYzRiMCUyMTJzUm91dGUlMkJkZSUyQlNhaW50LUp1bGllbiUyQjI1OCUyNTJDJTJCMTI1OCUyQlBlcmx5LUNlcnRvdXglMjUyQyUyQlN3aXR6ZXJsYW5kJTIxNWUxJTIxM20yJTIxMXNlbiUyMTJzZnIlMjE0djE1MTc0ODM4MDYxNTclMjIlMjB3aWR0aCUzRCUyMjYwMCUyMiUyMGhlaWdodCUzRCUyMjQ1MCUyMiUyMGZyYW1lYm9yZGVyJTNEJTIyMCUyMiUyMHN0eWxlJTNEJTIyYm9yZGVyJTNBMCUyMiUyMGFsbG93ZnVsbHNjcmVlbiUzRSUzQyUyRmlmcmFtZSUzRQ==\u00a0\u00bb][\/vc_column][vc_column width=\u00a0\u00bb1\/6&Prime;][vc_column_text]<\/p>\n<h3 style=\"text-align: center;\">Espagne<\/h3>\n<p>[\/vc_column_text][vc_column_text]<\/p>\n<p style=\"text-align: center;\"><strong>+34 691 21 35 17<br \/>\n<\/strong><br \/>\n<a href=\"mailto:anna@virtuapartner.com\">Envoyer email<\/a><\/p>\n<p>[\/vc_column_text][vc_gmaps link=\u00a0\u00bb#E-8_JTNDaWZyYW1lJTIwc3JjJTNEJTIyaHR0cHMlM0ElMkYlMkZ3d3cuZ29vZ2xlLmNvbSUyRm1hcHMlMkZlbWJlZCUzRnBiJTNEJTIxMW0xOCUyMTFtMTIlMjExbTMlMjExZDM1NTU0LjI2MzU4NTMzMTglMjEyZDIuMTU3NTA4NTMxODczMDUyMiUyMTNkNDEuMzg4MTAzOTY3MjI1MjM0JTIxMm0zJTIxMWYwJTIxMmYwJTIxM2YwJTIxM20yJTIxMWkxMDI0JTIxMmk3NjglMjE0ZjEzLjElMjEzbTMlMjExbTIlMjExczB4MCUyNTNBMHgwJTIxMnpOREhDc0RJekp6RTVMamNpVGlBeXdyQXhNQ2MwTWk0MElrVSUyMTVlMSUyMTNtMiUyMTFzZW4lMjEyc2ZyJTIxNHYxNTA2MDg2NjkzMTQwJTIyJTIwd2lkdGglM0QlMjI2MDAlMjIlMjBoZWlnaHQlM0QlMjI0NTAlMjIlMjBmcmFtZWJvcmRlciUzRCUyMjAlMjIlMjBzdHlsZSUzRCUyMmJvcmRlciUzQTAlMjIlMjBhbGxvd2Z1bGxzY3JlZW4lM0UlM0MlMkZpZnJhbWUlM0U=\u00a0\u00bb][\/vc_column][vc_column width=\u00a0\u00bb1\/6&Prime;][vc_column_text]<\/p>\n<h3 style=\"text-align: center;\">Maroc<\/h3>\n<p>[\/vc_column_text][vc_column_text]<\/p>\n<p style=\"text-align: center;\"><strong>+33 6 10 43 61 79<br \/>\n<\/strong><br \/>\n<a href=\"mailto:gbonnefoy@virtuapartner.com\">Envoyer email<\/a><\/p>\n<p>[\/vc_column_text][vc_gmaps link=\u00a0\u00bb#E-8_JTNDaWZyYW1lJTIwc3JjJTNEJTIyaHR0cHMlM0ElMkYlMkZ3d3cuZ29vZ2xlLmNvbSUyRm1hcHMlMkZlbWJlZCUzRnBiJTNEJTIxMW0xNCUyMTFtMTIlMjExbTMlMjExZDQ5MjQ3NDYuODIyNzM2MTc0JTIxMmQtNy4zNDA4MTAzOTMxNjMxNDUlMjEzZDMxLjY4NzAxNzM1MzYwMDQ4JTIxMm0zJTIxMWYwJTIxMmYwJTIxM2YwJTIxM20yJTIxMWkxMDI0JTIxMmk3NjglMjE0ZjEzLjElMjE1ZTElMjEzbTIlMjExc2VuJTIxMnNmciUyMTR2MTQ5MjA5NjIwNDc5MSUyMiUyMHdpZHRoJTNEJTIyNjAwJTIyJTIwaGVpZ2h0JTNEJTIyNDUwJTIyJTIwZnJhbWVib3JkZXIlM0QlMjIwJTIyJTIwc3R5bGUlM0QlMjJib3JkZXIlM0EwJTIyJTIwYWxsb3dmdWxsc2NyZWVuJTNFJTNDJTJGaWZyYW1lJTNF\u00a0\u00bb][\/vc_column][\/vc_row][vc_row][vc_column][vc_column_text]<\/p>\n<p>[\/vc_column_text][\/vc_column][\/vc_row][vc_row type=\u00a0\u00bbvc_default\u00a0\u00bb full_width=\u00a0\u00bbstretch_row\u00a0\u00bb css=\u00a0\u00bb.vc_custom_1488378077701{background-color: rgba(234,234,234,0.35) !important;*background-color: rgb(234,234,234) !important;}\u00a0\u00bb][vc_column width=\u00a0\u00bb1\/6&Prime;][\/vc_column][vc_column width=\u00a0\u00bb1\/6&Prime;][\/vc_column][vc_column width=\u00a0\u00bb1\/6&Prime;][vc_column_text]<\/p>\n<h3 style=\"text-align: center;\">Br\u00e9sil<\/h3>\n<p>[\/vc_column_text][vc_column_text]<\/p>\n<p style=\"text-align: center;\"><strong>+55 21 9968-89454<br \/>\n<\/strong><br \/>\n<a href=\"mailto:vpbrasil@virtuapartner.com\">Envoyer email<\/a><\/p>\n<p>[\/vc_column_text][vc_gmaps link=\u00a0\u00bb#E-8_JTNDaWZyYW1lJTIwc3JjJTNEJTIyaHR0cHMlM0ElMkYlMkZ3d3cuZ29vZ2xlLmNvbSUyRm1hcHMlMkZlbWJlZCUzRnBiJTNEJTIxMW0xOCUyMTFtMTIlMjExbTMlMjExZDIyMjEuNDY3ODY4MzE3NTUzJTIxMmQtNDMuMzYwNTg3MDk5NDA4MzclMjEzZC0yMi45ODg3MDM5MzA0ODAxNzQlMjEybTMlMjExZjAlMjEyZjAlMjEzZjAlMjEzbTIlMjExaTEwMjQlMjEyaTc2OCUyMTRmMTMuMSUyMTNtMyUyMTFtMiUyMTFzMHg5YmRhMzAxNzdlYzdmMSUyNTNBMHg0ZGM4ZGI1MGQwYTRmYzgzJTIxMnNCYXJyYSUyQmRhJTJCVGlqdWNhJTIxNWUxJTIxM20yJTIxMXNlbiUyMTJzZnIlMjE0djE1MjY0NzU2NDg2MzIlMjIlMjB3aWR0aCUzRCUyMjYwMCUyMiUyMGhlaWdodCUzRCUyMjQ1MCUyMiUyMGZyYW1lYm9yZGVyJTNEJTIyMCUyMiUyMHN0eWxlJTNEJTIyYm9yZGVyJTNBMCUyMiUyMGFsbG93ZnVsbHNjcmVlbiUzRSUzQyUyRmlmcmFtZSUzRQ==\u00a0\u00bb][\/vc_column][vc_column width=\u00a0\u00bb1\/6&Prime;][vc_column_text]<\/p>\n<h3 style=\"text-align: center;\">Vietnam<\/h3>\n<p>[\/vc_column_text][vc_column_text]<\/p>\n<p style=\"text-align: center;\"><strong>A venir<\/strong><\/p>\n<p>[\/vc_column_text][vc_empty_space height=\u00a0\u00bb50px\u00a0\u00bb][vc_gmaps link=\u00a0\u00bb#E-8_JTNDaWZyYW1lJTIwc3JjJTNEJTIyaHR0cHMlM0ElMkYlMkZ3d3cuZ29vZ2xlLmNvbSUyRm1hcHMlMkZlbWJlZCUzRnBiJTNEJTIxMW0xOCUyMTFtMTIlMjExbTMlMjExZDY0NjEwMi4wMzA2NDc5OTMlMjEyZDEwNi40MTUwNDE0MzE4Mzk3JTIxM2QxMC43NTUzNDEwNzAzODkwNDIlMjEybTMlMjExZjAlMjEyZjAlMjEzZjAlMjEzbTIlMjExaTEwMjQlMjEyaTc2OCUyMTRmMTMuMSUyMTNtMyUyMTFtMiUyMTFzMHgzMTc1MjkyOTJlOGQzZGQxJTI1M0EweGYxNWY1YWFkNzczYzExMmIlMjEyc0hvJTJCQ2hpJTJCTWluaCUyQkNpdHklMjUyQyUyQlZpZXRuYW0lMjE1ZTElMjEzbTIlMjExc2VuJTIxMnNmciUyMTR2MTUxODQ0NjIzNTUwMiUyMiUyMHdpZHRoJTNEJTIyNjAwJTIyJTIwaGVpZ2h0JTNEJTIyNDUwJTIyJTIwZnJhbWVib3JkZXIlM0QlMjIwJTIyJTIwc3R5bGUlM0QlMjJib3JkZXIlM0EwJTIyJTIwYWxsb3dmdWxsc2NyZWVuJTNFJTNDJTJGaWZyYW1lJTNF\u00a0\u00bb][\/vc_column][vc_column width=\u00a0\u00bb1\/6&Prime;][\/vc_column][vc_column width=\u00a0\u00bb1\/6&Prime;][\/vc_column][\/vc_row][vc_row][vc_column][vc_column_text]<div id=\"smformcont-120\">\n<form class=\"yui3-cssreset smform smform-labelpostop\" id=\"smform-120\" method=\"POST\" action=\"https:\/\/virtuapartner.com\/wp-admin\/admin-ajax.php?action=smuzform-storage&method=submit&formId=120&nonce=7fea20127f\" role=\"form\" enctype=\"multipart\/form-data\" data-formid=\"120\">\n\t\n\t<div class=\"smform-errors-cont\"><\/div>\n\t\n\t\n\t<legend class=\"smform-header\">\n\t\t\n\t\t<h3 class=\"smform-title\">Contactez-nous<\/h3>\n\n\t\t<div class=\"smform-description\">\n\t\t\t<p>N'h\u00e9sitez pas \u00e0 nous envoyer un message. Nous nous ferons un plaisir de vous renseigner dans les plus bref d\u00e9lais.<\/p>\n\t\t<\/div>\n\n\t<\/legend>\n\n\t\n\n\t<div class=\"smform-fieldcont smform-fieldcontsingletext \" id=\"smform-fieldcont1200\" \n\t\tdata-key=\"smform-field1200\" \n\t\tdata-rule=\"disabled\" \n\t\tdata-ruleoperator=\"is\"\n\t\tdata-ruleaction=\"show\"\n\t\tdata-rulecmpvalue=\"\"\n\t\tdata-rulefield=\"\" >\n\n\t\t\t\n\t\t\t\t\n\t\t<label for=\"smform-field1200\" class=\"smform-field-label required smform-labelhidden\">Nom<\/label>\n\n\t\t<input name=\"smFieldData[wpformfield161656]\" id=\"smform-field1200\"\n\t\t \tvalue=\"Nom*\"\n\t\t \tplaceholder=\"Nom\"\n\t\t   \tclass=\"smform-control smform-controllabelpos required  smform-field-sizelarge\"\n\t\t   \ttype=\"text\" required  date-type=\"text\" \/>\n\n\t\t\n\t\t\n\t\t\n\t\t\n\t\t\n\t\t\n\t\t\n\t\t\n\t\t\n\n\n\n\n\n\n\n\t\t\n\t\t\n\t<\/div>\n\n\t\n\n\t<div class=\"smform-fieldcont smform-fieldcontsingletext \" id=\"smform-fieldcont1201\" \n\t\tdata-key=\"smform-field1201\" \n\t\tdata-rule=\"disabled\" \n\t\tdata-ruleoperator=\"is\"\n\t\tdata-ruleaction=\"show\"\n\t\tdata-rulecmpvalue=\"\"\n\t\tdata-rulefield=\"\" >\n\n\t\t\t\n\t\t\t\t\n\t\t<label for=\"smform-field1201\" class=\"smform-field-label required smform-labelhidden\">Email<\/label>\n\n\t\t<input name=\"smFieldData[wpformfield168991]\" id=\"smform-field1201\"\n\t\t \tvalue=\"Email*\"\n\t\t \tplaceholder=\"\"\n\t\t   \tclass=\"smform-control smform-controllabelpos required  smform-field-sizelarge\"\n\t\t   \ttype=\"text\" required  date-type=\"text\" \/>\n\n\t\t\n\t\t\n\t\t\n\t\t\n\t\t\n\t\t\n\t\t\n\t\t\n\t\t\n\n\n\n\n\n\n\n\t\t\n\t\t\n\t<\/div>\n\n\t\n\n\t<div class=\"smform-fieldcont smform-fieldcontsingletext \" id=\"smform-fieldcont1202\" \n\t\tdata-key=\"smform-field1202\" \n\t\tdata-rule=\"disabled\" \n\t\tdata-ruleoperator=\"is\"\n\t\tdata-ruleaction=\"show\"\n\t\tdata-rulecmpvalue=\"\"\n\t\tdata-rulefield=\"\" >\n\n\t\t\t\n\t\t\t\t\n\t\t<label for=\"smform-field1202\" class=\"smform-field-label smform-labelhidden\">T\u00e9l\u00e9phone<\/label>\n\n\t\t<input name=\"smFieldData[wpformfield19631]\" id=\"smform-field1202\"\n\t\t \tvalue=\"T\u00e9l\u00e9phone\"\n\t\t \tplaceholder=\"\"\n\t\t   \tclass=\"smform-control smform-controllabelpos  smform-field-sizelarge\"\n\t\t   \ttype=\"text\"  date-type=\"text\" \/>\n\n\t\t\n\t\t\n\t\t\n\t\t\n\t\t\n\t\t\n\t\t\n\t\t\n\t\t\n\n\n\n\n\n\n\n\t\t\n\t\t\n\t<\/div>\n\n\t\n\n\t<div class=\"smform-fieldcont smform-fieldconttextarea \" id=\"smform-fieldcont1203\" \n\t\tdata-key=\"smform-field1203\" \n\t\tdata-rule=\"disabled\" \n\t\tdata-ruleoperator=\"is\"\n\t\tdata-ruleaction=\"show\"\n\t\tdata-rulecmpvalue=\"\"\n\t\tdata-rulefield=\"\" >\n\n\t\t\t\n\t\t\n\t\t\n\t\t\t\t\n\t\t<label for=\"smform-field1203\" class=\"smform-field-label smform-labelhidden\">Commentaires<\/label>\n\n\t\t<textarea name=\"smFieldData[wpformfield78184]\" id=\"smform-field1203\" \n\t\t\tplaceholder=\"\" \n\t\t\tclass=\"smform-control smform-controllabelpos  smform-field-sizelarge smform-control smform-controllabelpostextarea\" \n\t\t\t \n\t\t\tdata-type=\"textarea\" \n\t\t\t><\/textarea>\n\n\t\t\n\t\t\n\t\t\n\t\t\n\t\t\n\t\t\n\t\t\n\n\n\n\n\n\n\n\t\t\n\t\t\n\t<\/div>\n\n\t\n\n\t<div class=\"smform-fieldcont smform-fieldcontcheckbox \" id=\"smform-fieldcont1204\" \n\t\tdata-key=\"smform-field1204\" \n\t\tdata-rule=\"disabled\" \n\t\tdata-ruleoperator=\"is\"\n\t\tdata-ruleaction=\"show\"\n\t\tdata-rulecmpvalue=\"\"\n\t\tdata-rulefield=\"\" >\n\n\t\t\t\n\t\t\n\t\t\n\t\t\n\t\t\n\t\t\n\t\t\t\t\n\t\t<label for=\"smform-field1204\" class=\"smform-field-label required \">Vie priv\u00e9e<\/label>\n\t\t\t\n\t\t\t<div class=\"smform-checkbox-cont\">\n\t\t\t\t\t\t\n\t\t\t<div class=\"smform-control smform-controllabelpos-radio checkbox\">\n\t\t\t\t<label><input name=\"smFieldData[wpformfield143641][checkbox][]\" type=\"checkbox\"  value=\"En soumettant ce formulaire, j&#039;accepte que les informations saisies dans ce formulaire soient utilis\u00e9es, exploit\u00e9es, trait\u00e9es pour permettre de me recontacter dans le cadre de la relation commerciale qui d\u00e9coule de cette prise de contact.\" required  data-type=\"checkbox\" \/> En soumettant ce formulaire, j&#039;accepte que les informations saisies dans ce formulaire soient utilis\u00e9es, exploit\u00e9es, trait\u00e9es pour permettre de me recontacter dans le cadre de la relation commerciale qui d\u00e9coule de cette prise de contact.<\/label>\n\t\t\t<\/div>\n\t\t\n\t\t\t\t\t\t<\/div>\n\n\t\t\n\t\t\n\t\t\n\t\t\n\n\n\n\n\n\n\n\t\t\n\t\t\n\t<\/div>\n\n\t\n\t\n\t<div id=\"smuzform-robot\" style=\"display: none\">\n\t\t<label>If you're not a fish leave this field blank:<\/label>\n\t\t<input name=\"smuztrapfish\" type=\"text\" style=\"display: none\" \/>\n\t<\/div>\n\n\t\n\t\n\t<div class=\"smform-submitbtn-cont\">\n\t\t<input type=\"submit\" value=\"Envoyer\" name=\"submitForm\" class=\"smform-submit\" \/>\n\t\t<div class=\"smform-ajax-spinner\">\n\t\t\t<div class=\"sk-circle\">\n\t\t        <div class=\"sk-circle1 sk-child\"><\/div>\n\t\t        <div class=\"sk-circle2 sk-child\"><\/div>\n\t\t        <div class=\"sk-circle3 sk-child\"><\/div>\n\t\t        <div class=\"sk-circle4 sk-child\"><\/div>\n\t\t        <div class=\"sk-circle5 sk-child\"><\/div>\n\t\t        <div class=\"sk-circle6 sk-child\"><\/div>\n\t\t        <div class=\"sk-circle7 sk-child\"><\/div>\n\t\t        <div class=\"sk-circle8 sk-child\"><\/div>\n\t\t        <div class=\"sk-circle9 sk-child\"><\/div>\n\t\t        <div class=\"sk-circle10 sk-child\"><\/div>\n\t\t        <div class=\"sk-circle11 sk-child\"><\/div>\n\t\t        <div class=\"sk-circle12 sk-child\"><\/div>\n\t\t     <\/div>\n\t\t<\/div>\n\t<\/div>\n\n\t<div class=\"smform-ajax-msg\"><p class=\"smform-ajax-msg-p\"><\/p><\/div>\n\n\t<input type=\"hidden\" name=\"_formId\" value=\"120\" \/>\n\t<input type=\"hidden\" name=\"_returnLink\" value=\"https:\/\/virtuapartner.com\/fr\/contact\/\" \/>\n\n\t<input type=\"hidden\" data-formid=\"120\" value='[]' id=\"smformstyle-120\" class=\"smformstylehidden\" \/>\n\n\t\t\n<\/form>\n<\/div>[\/vc_column_text][\/vc_column][\/vc_row][vc_row type=\u00a0\u00bbvc_default\u00a0\u00bb full_width=\u00a0\u00bbstretch_row_content_no_spaces\u00a0\u00bb][vc_column][vc_gmaps link=\u00a0\u00bb#E-8_JTNDaWZyYW1lJTIwc3JjJTNEJTIyaHR0cHMlM0ElMkYlMkZ3d3cuZ29vZ2xlLmNvbSUyRm1hcHMlMkZkJTJGZW1iZWQlM0ZtaWQlM0QxQVRXcUt4UXZxdTQ2cDBZOENlenUzdkxVLVRRVTh0N0klMjIlMjB3aWR0aCUzRCUyMjEwMCUyNSUyMiUyMGhlaWdodCUzRCUyMjQ4MCUyMiUzRSUzQyUyRmlmcmFtZSUzRQ==\u00a0\u00bb][\/vc_column][\/vc_row]<\/p>\n<\/div>","protected":false},"excerpt":{"rendered":"<p>[vc_row][vc_column][vc_column_text] Nous sommes \u00e0 votre disposition [\/vc_column_text][vc_column_text]Besoin d&rsquo;une information ? D&rsquo;un devis ? Ou m\u00eame d&rsquo;une demonstartion de nos solutions ? N&rsquo;h\u00e9sitez pas \u00e0 nous contacter au besoin. Nous nous ferons un plaisir de vous rencontrer.[\/vc_column_text][vc_separator style=\u00a0\u00bbshadow\u00a0\u00bb el_width=\u00a0\u00bb70&Prime;][vc_empty_space][\/vc_column][\/vc_row][vc_row type=\u00a0\u00bbvc_default\u00a0\u00bb full_width=\u00a0\u00bbstretch_row\u00a0\u00bb css=\u00a0\u00bb.vc_custom_1488378077701{background-color: rgba(234,234,234,0.35) !important;*background-color: rgb(234,234,234) !important;}\u00a0\u00bb][vc_column width=\u00a0\u00bb1\/6&Prime;][vc_column_text] France view on website [\/vc_column_text][vc_column_text] +33 6 02 18&hellip;<\/p>\n","protected":false},"author":1,"featured_media":0,"parent":0,"menu_order":0,"comment_status":"closed","ping_status":"open","template":"","meta":{"_exactmetrics_skip_tracking":false,"_exactmetrics_sitenote_active":false,"_exactmetrics_sitenote_note":"","_exactmetrics_sitenote_category":0,"footnotes":""},"class_list":["post-48","page","type-page","status-publish","hentry","description-off"],"yoast_head":"<!-- This site is optimized with the Yoast SEO plugin v27.5 - https:\/\/yoast.com\/product\/yoast-seo-wordpress\/ -->\n<title>Contact - Virtuapartner<\/title>\n<meta name=\"robots\" content=\"index, follow, max-snippet:-1, max-image-preview:large, max-video-preview:-1\" \/>\n<link rel=\"canonical\" href=\"https:\/\/virtuapartner.com\/contact\/\" \/>\n<meta property=\"og:locale\" content=\"fr_FR\" \/>\n<meta property=\"og:type\" content=\"article\" \/>\n<meta property=\"og:title\" content=\"Contact - Virtuapartner\" \/>\n<meta property=\"og:description\" content=\"[vc_row][vc_column][vc_column_text] Nous sommes \u00e0 votre disposition [\/vc_column_text][vc_column_text]Besoin d&rsquo;une information ? D&rsquo;un devis ? Ou m\u00eame d&rsquo;une demonstartion de nos solutions ? N&rsquo;h\u00e9sitez pas \u00e0 nous contacter au besoin. Nous nous ferons un plaisir de vous rencontrer.[\/vc_column_text][vc_separator style=\u00a0\u00bbshadow\u00a0\u00bb el_width=\u00a0\u00bb70&Prime;][vc_empty_space][\/vc_column][\/vc_row][vc_row type=\u00a0\u00bbvc_default\u00a0\u00bb full_width=\u00a0\u00bbstretch_row\u00a0\u00bb css=\u00a0\u00bb.vc_custom_1488378077701{background-color: rgba(234,234,234,0.35) !important;*background-color: rgb(234,234,234) !important;}\u00a0\u00bb][vc_column width=\u00a0\u00bb1\/6&Prime;][vc_column_text] France view on website [\/vc_column_text][vc_column_text] +33 6 02 18&hellip;\" \/>\n<meta property=\"og:url\" content=\"https:\/\/virtuapartner.com\/contact\/\" \/>\n<meta property=\"og:site_name\" content=\"Virtuapartner\" \/>\n<meta property=\"article:modified_time\" content=\"2025-11-09T09:16:07+00:00\" \/>\n<meta name=\"twitter:card\" content=\"summary_large_image\" \/>\n<meta name=\"twitter:label1\" content=\"Dur\u00e9e de lecture estim\u00e9e\" \/>\n\t<meta name=\"twitter:data1\" content=\"4 minutes\" \/>\n<script type=\"application\/ld+json\" class=\"yoast-schema-graph\">{\"@context\":\"https:\\\/\\\/schema.org\",\"@graph\":[{\"@type\":\"WebPage\",\"@id\":\"https:\\\/\\\/virtuapartner.com\\\/contact\\\/\",\"url\":\"https:\\\/\\\/virtuapartner.com\\\/contact\\\/\",\"name\":\"Contact - Virtuapartner\",\"isPartOf\":{\"@id\":\"https:\\\/\\\/virtuapartner.com\\\/fr\\\/#website\"},\"datePublished\":\"2017-02-24T11:36:30+00:00\",\"dateModified\":\"2025-11-09T09:16:07+00:00\",\"breadcrumb\":{\"@id\":\"https:\\\/\\\/virtuapartner.com\\\/contact\\\/#breadcrumb\"},\"inLanguage\":\"fr-FR\",\"potentialAction\":[{\"@type\":\"ReadAction\",\"target\":[\"https:\\\/\\\/virtuapartner.com\\\/contact\\\/\"]}]},{\"@type\":\"BreadcrumbList\",\"@id\":\"https:\\\/\\\/virtuapartner.com\\\/contact\\\/#breadcrumb\",\"itemListElement\":[{\"@type\":\"ListItem\",\"position\":1,\"name\":\"Accueil\",\"item\":\"https:\\\/\\\/virtuapartner.com\\\/\"},{\"@type\":\"ListItem\",\"position\":2,\"name\":\"Contact\"}]},{\"@type\":\"WebSite\",\"@id\":\"https:\\\/\\\/virtuapartner.com\\\/fr\\\/#website\",\"url\":\"https:\\\/\\\/virtuapartner.com\\\/fr\\\/\",\"name\":\"Virtuapartner\",\"description\":\"visite virtuelle - Visites virtuelles 360 interactives\",\"potentialAction\":[{\"@type\":\"SearchAction\",\"target\":{\"@type\":\"EntryPoint\",\"urlTemplate\":\"https:\\\/\\\/virtuapartner.com\\\/fr\\\/?s={search_term_string}\"},\"query-input\":{\"@type\":\"PropertyValueSpecification\",\"valueRequired\":true,\"valueName\":\"search_term_string\"}}],\"inLanguage\":\"fr-FR\"}]}<\/script>\n<!-- \/ Yoast SEO plugin. -->","yoast_head_json":{"title":"Contact - Virtuapartner","robots":{"index":"index","follow":"follow","max-snippet":"max-snippet:-1","max-image-preview":"max-image-preview:large","max-video-preview":"max-video-preview:-1"},"canonical":"https:\/\/virtuapartner.com\/contact\/","og_locale":"fr_FR","og_type":"article","og_title":"Contact - Virtuapartner","og_description":"[vc_row][vc_column][vc_column_text] Nous sommes \u00e0 votre disposition [\/vc_column_text][vc_column_text]Besoin d&rsquo;une information ? D&rsquo;un devis ? Ou m\u00eame d&rsquo;une demonstartion de nos solutions ? N&rsquo;h\u00e9sitez pas \u00e0 nous contacter au besoin. Nous nous ferons un plaisir de vous rencontrer.[\/vc_column_text][vc_separator style=\u00a0\u00bbshadow\u00a0\u00bb el_width=\u00a0\u00bb70&Prime;][vc_empty_space][\/vc_column][\/vc_row][vc_row type=\u00a0\u00bbvc_default\u00a0\u00bb full_width=\u00a0\u00bbstretch_row\u00a0\u00bb css=\u00a0\u00bb.vc_custom_1488378077701{background-color: rgba(234,234,234,0.35) !important;*background-color: rgb(234,234,234) !important;}\u00a0\u00bb][vc_column width=\u00a0\u00bb1\/6&Prime;][vc_column_text] France view on website [\/vc_column_text][vc_column_text] +33 6 02 18&hellip;","og_url":"https:\/\/virtuapartner.com\/contact\/","og_site_name":"Virtuapartner","article_modified_time":"2025-11-09T09:16:07+00:00","twitter_card":"summary_large_image","twitter_misc":{"Dur\u00e9e de lecture estim\u00e9e":"4 minutes"},"schema":{"@context":"https:\/\/schema.org","@graph":[{"@type":"WebPage","@id":"https:\/\/virtuapartner.com\/contact\/","url":"https:\/\/virtuapartner.com\/contact\/","name":"Contact - Virtuapartner","isPartOf":{"@id":"https:\/\/virtuapartner.com\/fr\/#website"},"datePublished":"2017-02-24T11:36:30+00:00","dateModified":"2025-11-09T09:16:07+00:00","breadcrumb":{"@id":"https:\/\/virtuapartner.com\/contact\/#breadcrumb"},"inLanguage":"fr-FR","potentialAction":[{"@type":"ReadAction","target":["https:\/\/virtuapartner.com\/contact\/"]}]},{"@type":"BreadcrumbList","@id":"https:\/\/virtuapartner.com\/contact\/#breadcrumb","itemListElement":[{"@type":"ListItem","position":1,"name":"Accueil","item":"https:\/\/virtuapartner.com\/"},{"@type":"ListItem","position":2,"name":"Contact"}]},{"@type":"WebSite","@id":"https:\/\/virtuapartner.com\/fr\/#website","url":"https:\/\/virtuapartner.com\/fr\/","name":"Virtuapartner","description":"visite virtuelle - Visites virtuelles 360 interactives","potentialAction":[{"@type":"SearchAction","target":{"@type":"EntryPoint","urlTemplate":"https:\/\/virtuapartner.com\/fr\/?s={search_term_string}"},"query-input":{"@type":"PropertyValueSpecification","valueRequired":true,"valueName":"search_term_string"}}],"inLanguage":"fr-FR"}]}},"_links":{"self":[{"href":"https:\/\/virtuapartner.com\/fr\/wp-json\/wp\/v2\/pages\/48","targetHints":{"allow":["GET"]}}],"collection":[{"href":"https:\/\/virtuapartner.com\/fr\/wp-json\/wp\/v2\/pages"}],"about":[{"href":"https:\/\/virtuapartner.com\/fr\/wp-json\/wp\/v2\/types\/page"}],"author":[{"embeddable":true,"href":"https:\/\/virtuapartner.com\/fr\/wp-json\/wp\/v2\/users\/1"}],"replies":[{"embeddable":true,"href":"https:\/\/virtuapartner.com\/fr\/wp-json\/wp\/v2\/comments?post=48"}],"version-history":[{"count":103,"href":"https:\/\/virtuapartner.com\/fr\/wp-json\/wp\/v2\/pages\/48\/revisions"}],"predecessor-version":[{"id":2731,"href":"https:\/\/virtuapartner.com\/fr\/wp-json\/wp\/v2\/pages\/48\/revisions\/2731"}],"wp:attachment":[{"href":"https:\/\/virtuapartner.com\/fr\/wp-json\/wp\/v2\/media?parent=48"}],"curies":[{"name":"wp","href":"https:\/\/api.w.org\/{rel}","templated":true}]}}