{"id":39,"date":"2017-02-24T12:32:19","date_gmt":"2017-02-24T11:32:19","guid":{"rendered":"http:\/\/virtuapartner.com\/?page_id=39"},"modified":"2018-04-24T19:14:34","modified_gmt":"2018-04-24T17:14:34","slug":"immobilier","status":"publish","type":"page","link":"https:\/\/virtuapartner.com\/fr\/immobilier\/","title":{"rendered":"Immobilier"},"content":{"rendered":"<div class=\"wpb-content-wrapper\"><p>[vc_row][vc_column][vc_column_text]<\/p>\n<h1 style=\"text-align: center;\">La visite virtuelle, la r\u00e9volution de l&rsquo;immobilier !<\/h1>\n<p>[\/vc_column_text][vc_column_text]<\/p>\n<p style=\"text-align: center;\">Immersif, \u00e9conomique et interactif, optimisez votre temps et vendez mieux<\/p>\n<p>[\/vc_column_text][vc_separator style=\u00a0\u00bbshadow\u00a0\u00bb el_width=\u00a0\u00bb70&Prime;][\/vc_column][\/vc_row][vc_row type=\u00a0\u00bbvc_default\u00a0\u00bb full_width=\u00a0\u00bbstretch_row\u00a0\u00bb css=\u00a0\u00bb.vc_custom_1489010792192{background-image: url(http:\/\/virtuapartner.com\/wp-content\/uploads\/2017\/02\/chambre-wireframe_recadre-plusclair.jpg?id=249) !important;background-position: center !important;background-repeat: no-repeat !important;background-size: cover !important;}\u00a0\u00bb][vc_column][vc_empty_space height=\u00a0\u00bb300px\u00a0\u00bb][vc_column_text]<\/p>\n<h1 style=\"text-align: center;\"><span style=\"color: #ffffff; weight: 200;\">D\u00e9couvrez nos solutions clef en main d\u00e9velopp\u00e9es sp\u00e9cifiquement pour les agences et les promoteurs immobiliers.<\/span><\/h1>\n<p>[\/vc_column_text][vc_empty_space height=\u00a0\u00bb180px\u00a0\u00bb][\/vc_column][\/vc_row][vc_row type=\u00a0\u00bbvc_default\u00a0\u00bb full_width=\u00a0\u00bbstretch_row\u00a0\u00bb content_placement=\u00a0\u00bbmiddle\u00a0\u00bb css=\u00a0\u00bb.vc_custom_1488796623954{background-color: #000000 !important;}\u00a0\u00bb][vc_column width=\u00a0\u00bb1\/2&Prime;][vc_column_text]<span style=\"text-align: center;\"><iframe src=\"https:\/\/www.youtube.com\/embed\/rlf6LeVc7Sk?rel=0&amp;controls=0&amp;showinfo=0&amp;autoplay=1&amp;loop=1&amp;playlist=rlf6LeVc7Sk\" width=\"560\" height=\"315\" frameborder=\"0\" allowfullscreen=\"allowfullscreen\"><\/iframe><\/span>[\/vc_column_text][\/vc_column][vc_column width=\u00a0\u00bb1\/2&Prime;][vc_single_image image=\u00a0\u00bb58&Prime; alignment=\u00a0\u00bbcenter\u00a0\u00bb][vc_empty_space][vc_column_text css=\u00a0\u00bb.vc_custom_1488988977078{padding-top: 10px !important;padding-right: 10px !important;padding-bottom: 10px !important;padding-left: 10px !important;background-color: rgba(0,0,0,0.53) !important;*background-color: rgb(0,0,0) !important;}\u00a0\u00bb]<\/p>\n<p style=\"text-align: center;\"><span style=\"color: #ffffff;\">Equip\u00e9 d\u2019un casque de r\u00e9alit\u00e9 virtuelle, visitez en totale immersion des biens immobiliers. Circulez de pi\u00e8ces en pi\u00e8ces, observez chaques d\u00e9tails et effectuez une visite compl\u00e8te \u00e0 distance.<\/span><\/p>\n<p>[\/vc_column_text][vc_single_image image=\u00a0\u00bb228&Prime; img_size=\u00a0\u00bbmedium\u00a0\u00bb alignment=\u00a0\u00bbcenter\u00a0\u00bb][\/vc_column][\/vc_row][vc_row type=\u00a0\u00bbvc_default\u00a0\u00bb full_width=\u00a0\u00bbstretch_row\u00a0\u00bb css=\u00a0\u00bb.vc_custom_1488839970795{background-image: url(http:\/\/virtuapartner.com\/wp-content\/uploads\/2017\/02\/bckgrd_vrspace2.jpg?id=135) !important;background-position: center !important;background-repeat: no-repeat !important;background-size: cover !important;}\u00a0\u00bb][vc_column][vc_column_text]<\/p>\n<h1><span style=\"color: #ffffff;\">La visite virtuelle <\/span><span style=\"color: #348abc; font-family: raleway; font-weight: 200;\">Virtua<\/span><span style=\"color: #ffffff; font-family: raleway; font-weight: 200;\">Partner<\/span><span style=\"color: #ffffff; font-family: raleway; font-weight: 200; font-size: 20px;\"><sup>\u00a9<\/sup><\/span><\/h1>\n<p>[\/vc_column_text][vc_column_text]<span style=\"color: #ffffff;\">N&rsquo;h\u00e9sitez pas \u00e0 visiter cette somptueuse villa de Marrakech. Il suffit de choisir la pi\u00e8ce dans cette repr\u00e9sentation 3D et ensuite de se d\u00e9placer gr\u00e2ce aux \u00ab\u00a0spots\u00a0\u00bb blancs. Bonne visite !<\/span>[\/vc_column_text][vc_column_text]<\/p>\n<p style=\"text-align: center;\"><iframe src=\"https:\/\/my.matterport.com\/show\/?m=R1BotdqoEdh&amp;play=1\" width=\"100%\" height=\"450\" frameborder=\"0\" allowfullscreen=\"allowfullscreen\"><\/iframe><\/p>\n<p>[\/vc_column_text][\/vc_column][\/vc_row][vc_row type=\u00a0\u00bbvc_default\u00a0\u00bb content_placement=\u00a0\u00bbmiddle\u00a0\u00bb][vc_column width=\u00a0\u00bb2\/3&Prime;][vc_column_text]<\/p>\n<h1>Votre bien en 3D<\/h1>\n<p>[\/vc_column_text][vc_column_text]Grace \u00e0 technologie unique en son genre, votre bien est scann\u00e9 enti\u00e8rement en 3D. Ce scanner 3D permet d\u2019avoir une reproduction fid\u00e8le du bien en entier, de g\u00e9n\u00e9rer un plan 2D et d\u2019avoir une mod\u00e9lisation 3D.[\/vc_column_text][\/vc_column][vc_column width=\u00a0\u00bb1\/3&Prime;][vc_single_image image=\u00a0\u00bb187&Prime; img_size=\u00a0\u00bbfull\u00a0\u00bb alignment=\u00a0\u00bbcenter\u00a0\u00bb style=\u00a0\u00bbvc_box_rounded\u00a0\u00bb][\/vc_column][\/vc_row][vc_row][vc_column][vc_column_text]<\/p>\n<p>[\/vc_column_text][\/vc_column][\/vc_row][vc_row type=\u00a0\u00bbvc_default\u00a0\u00bb full_width=\u00a0\u00bbstretch_row\u00a0\u00bb content_placement=\u00a0\u00bbmiddle\u00a0\u00bb css=\u00a0\u00bb.vc_custom_1488833708541{background-image: url(http:\/\/virtuapartner.com\/wp-content\/uploads\/2017\/02\/fondiamantbleu.jpg?id=190) !important;background-position: center !important;background-repeat: no-repeat !important;background-size: cover !important;}\u00a0\u00bb][vc_column width=\u00a0\u00bb1\/3&Prime;][vc_single_image image=\u00a0\u00bb130&Prime; img_size=\u00a0\u00bbfull\u00a0\u00bb alignment=\u00a0\u00bbcenter\u00a0\u00bb style=\u00a0\u00bbvc_box_rounded\u00a0\u00bb][\/vc_column][vc_column width=\u00a0\u00bb2\/3&Prime;][vc_column_text]<\/p>\n<h1><span style=\"color: #ffffff;\">Organisez des pr\u00e9visites virtuelles et ne vous d\u00e9placez plus que pour des visites qualifi\u00e9es<\/span><\/h1>\n<p>[\/vc_column_text][vc_column_text]<span style=\"color: #ffffff;\">Economique, \u00e9cologique et interactif, optimiser votre temps et vendez mieux<\/span>[\/vc_column_text][\/vc_column][\/vc_row][vc_row][vc_column][vc_column_text]<\/p>\n<h1>Les avantages :<\/h1>\n<p>[\/vc_column_text][vc_column_text]<\/p>\n<h5>Pour l&rsquo;agence :<\/h5>\n<p>[\/vc_column_text][\/vc_column][\/vc_row][vc_row][vc_column width=\u00a0\u00bb1\/2&Prime;]<div class=\"standard-arrow list-divider bullet-top\"><ul>\n<li>Transition digitale\u00a0: fa\u00eetes entrer votre agence dans l\u2019\u00e8re de la r\u00e9alit\u00e9 virtuelle<\/li>\n<li>Innover en donnant une image high tech de votre soci\u00e9t\u00e9<\/li>\n<li>R\u00e9duire le nombre de visites r\u00e9elles et \u00e9viter les d\u00e9placements inutiles vers des biens qui seront \u00e9limin\u00e9s en un coup d\u2019\u0153il.<\/li>\n<li>Vendre 7 \u00e0 8 % plus cher.\u00a0L\u2019image du logement arpent\u00e9 virtuellement reste en t\u00eate. Lors de la visite avec l\u2019agent, l\u2019acheteur est confort\u00e9 et a tendance \u00e0 acheter plus vite \u00e0 un prix qu\u2019il a int\u00e9gr\u00e9. La n\u00e9gociation est moins forte que lors d\u2019une visite classique.<\/li>\n<li>D\u00e9veloppement durable, optimiser l\u2019impact environnemental de votre activit\u00e9 en limitant les d\u00e9placements et les \u00e9missions de gaz \u00e0 effet de serre<\/li>\n<li>Instantan\u00e9it\u00e9, la communication se fait en temps r\u00e9el, d\u00e8s qu\u2019un nouveau bien est scann\u00e9, il imm\u00e9diatement visitable<\/li>\n<\/ul>\n<\/div>[vc_empty_space height=\u00a0\u00bb52px\u00a0\u00bb][\/vc_column][vc_column width=\u00a0\u00bb1\/2&Prime;]<div class=\"standard-arrow list-divider bullet-top\"><ul>\n<li>Mobilit\u00e9, pas besoins d\u2019ordinateur, notre solution est 100% mobile, vous pouvez aussi bien vous d\u00e9placer chez votre client pour lui pr\u00e9senter vos biens<\/li>\n<li>Montrer plus de biens et notamment des biens que l\u2019acheteur n\u2019aurait pas eu le temps d\u2019aller visiter<\/li>\n<li>Fid\u00e9liser ses clients, en les \u00e9quipant de masque VR tels les cardboards, vous offrez un avantage d\u00e9terminant face \u00e0 la concurrence<\/li>\n<li>Augmenter le nombre d\u2019acheteurs potentiels, vos clients peuvent d\u00e9couvrir votre offre de n\u2019importe o\u00f9 dans le monde<\/li>\n<li>Augmenter les mandats exclusifs, en offrant la visite virtuelle du logement au vendeur, le mandat exclusif est plus facilement n\u00e9goci\u00e9<\/li>\n<\/ul>\n<\/div>[vc_empty_space height=\u00a0\u00bb52px\u00a0\u00bb][\/vc_column][\/vc_row][vc_row][vc_column width=\u00a0\u00bb1\/2&Prime;][vc_column_text]<\/p>\n<h5>Pour le vendeur :<\/h5>\n<p>[\/vc_column_text]<div class=\"standard-arrow list-divider bullet-top\"><ul>\n<li>Limiter les visites, plus besoin d\u2019organiser des visites pour des acheteurs qui n\u2019ont pas encore vraiment d\u00e9finis leurs besoins<\/li>\n<li>Plus de contraintes g\u00e9ographiques, le bien peut \u00eatre visit\u00e9 m\u00eame de l\u2019\u00e9tranger et gratuitement. Un client potentiel, m\u00eame hors place, pourra visiter votre bien et \u00eatre convaincu que ce dernier est LE logement qu\u2019il lui faut.<\/li>\n<li>Vendre mieux et plus vite en d\u00e9multipliant les visites<\/li>\n<li>Augmenter l\u2019attractivit\u00e9 du logement en le pr\u00e9sentant de mani\u00e8re innovante<\/li>\n<li>Al\u00e9as m\u00e9t\u00e9o, vous n\u2019\u00eates plus d\u00e9pendant des contraintes m\u00e9t\u00e9orologiques qui peuvent diminuer l\u2019attrait de votre bien<\/li>\n<\/ul>\n<\/div>[\/vc_column][vc_column width=\u00a0\u00bb1\/2&Prime;][vc_column_text]<\/p>\n<h5>Pour l&rsquo;acheteur :<\/h5>\n<p>[\/vc_column_text]<div class=\"standard-arrow list-divider bullet-top\"><ul>\n<li>Gain de temps, au lieu de passer des heures \u00e0 faire des dizaines de visites, un RDV suffit pour faire une pr\u00e9visite d\u2019une s\u00e9lection de biens<\/li>\n<li>Plus besoins de se d\u00e9placer, on peut visiter des biens \u00e0 plusieurs milliers de kilom\u00e8tres<\/li>\n<li>Optimisation des visites, on ne se d\u00e9place plus que pour les biens qui correspondent vraiment \u00e0 ses attentes<\/li>\n<li>Convivialit\u00e9, les visites virtuelles s\u2019effectuent confortablement install\u00e9 \u00e0 l\u2019agence ou ailleurs, permettant \u00e9galement plus d\u2019\u00e9changes avec l\u2019agent pour mieux comprendre ses attentes.<\/li>\n<li>Visite 24h\/24, 7\/7, plus de contraintes horaires<\/li>\n<li>Revoir les biens visit\u00e9s autant de fois que l\u2019on souhaite<\/li>\n<\/ul>\n<\/div>[\/vc_column][\/vc_row][vc_row type=\u00a0\u00bbvc_default\u00a0\u00bb full_width=\u00a0\u00bbstretch_row\u00a0\u00bb content_placement=\u00a0\u00bbmiddle\u00a0\u00bb css=\u00a0\u00bb.vc_custom_1489014145308{background-image: url(http:\/\/virtuapartner.com\/wp-content\/uploads\/2017\/02\/googlecard-logovp_ld.jpg?id=266) !important;background-position: center !important;background-repeat: no-repeat !important;background-size: cover !important;}\u00a0\u00bb][vc_column width=\u00a0\u00bb1\/4&Prime;][\/vc_column][vc_column width=\u00a0\u00bb3\/4&Prime;][vc_empty_space height=\u00a0\u00bb70px\u00a0\u00bb][vc_column_text css=\u00a0\u00bb.vc_custom_1489015434305{padding-top: 10px !important;padding-right: 10px !important;padding-bottom: 10px !important;padding-left: 10px !important;background-color: rgba(255,255,255,0.29) !important;*background-color: rgb(255,255,255) !important;}\u00a0\u00bb]<\/p>\n<h2 style=\"text-align: center;\">Fid\u00e9lisez vos clients en leur permettant de visiter \u00e0 tout moment depuis un ordinateur ou un smartphone votre s\u00e9lection de logements<\/h2>\n<p>[\/vc_column_text][vc_column_text css=\u00a0\u00bb.vc_custom_1489015421418{padding-top: 10px !important;padding-right: 10px !important;padding-bottom: 10px !important;padding-left: 10px !important;background-color: rgba(255,255,255,0.29) !important;*background-color: rgb(255,255,255) !important;}\u00a0\u00bb]<\/p>\n<p style=\"text-align: center;\"><span style=\"color: #000000;\">Un cardboard est un masque de r\u00e9alit\u00e9 virtuelle fonctionnant avec n\u2019importe quel smartphone.<\/span><\/p>\n<p style=\"text-align: center;\"><span style=\"color: #000000;\">Novateur, immersif, original, bon march\u00e9, offrez \u00e0 vos clients un carboard \u00e0 vos couleurs et l\u2019opportunit\u00e9 de visiter o\u00f9 et quand ils veulent<\/span><\/p>\n<p>[\/vc_column_text][vc_empty_space height=\u00a0\u00bb70px\u00a0\u00bb][\/vc_column][\/vc_row][vc_row type=\u00a0\u00bbvc_default\u00a0\u00bb full_width=\u00a0\u00bbstretch_row\u00a0\u00bb content_placement=\u00a0\u00bbmiddle\u00a0\u00bb css=\u00a0\u00bb.vc_custom_1489448727007{background-color: #000000 !important;}\u00a0\u00bb][vc_column width=\u00a0\u00bb1\/3&Prime;][vc_column_text]<span style=\"text-align: center;\"><iframe src=\"https:\/\/www.youtube.com\/embed\/bM-fd1MxyeQ?rel=0&amp;controls=0&amp;showinfo=0&amp;autoplay=1&amp;loop=1&amp;playlist=bM-fd1MxyeQ\" width=\"560\" height=\"355\" frameborder=\"0\" allowfullscreen=\"allowfullscreen\"><\/iframe><\/span>[\/vc_column_text][\/vc_column][vc_column width=\u00a0\u00bb2\/3&Prime;][vc_column_text]<\/p>\n<h1 style=\"text-align: left;\"><span style=\"color: #ffffff;\">D&rsquo;une simplicit\u00e9 incroyable<\/span><\/h1>\n<p>[\/vc_column_text][vc_column_text]<span style=\"color: #ffffff;\">Du bout des doigts, naviguez en toute libert\u00e9 dans ces espaces reconstitu\u00e9s en trois dimensions. Tr\u00e8s intuitive, notre solution saura s\u00e9duire vos clients en quelques clics.<\/span>[\/vc_column_text][\/vc_column][\/vc_row][vc_row type=\u00a0\u00bbvc_default\u00a0\u00bb full_width=\u00a0\u00bbstretch_row\u00a0\u00bb css=\u00a0\u00bb.vc_custom_1488838691241{background-color: #000000 !important;}\u00a0\u00bb][vc_column][vc_single_image image=\u00a0\u00bb228&Prime; img_size=\u00a0\u00bbfull\u00a0\u00bb alignment=\u00a0\u00bbcenter\u00a0\u00bb][\/vc_column][\/vc_row]<\/p>\n<\/div>","protected":false},"excerpt":{"rendered":"<p>[vc_row][vc_column][vc_column_text] La visite virtuelle, la r\u00e9volution de l&rsquo;immobilier ! [\/vc_column_text][vc_column_text] Immersif, \u00e9conomique et interactif, optimisez votre temps et vendez mieux [\/vc_column_text][vc_separator style=\u00a0\u00bbshadow\u00a0\u00bb el_width=\u00a0\u00bb70&Prime;][\/vc_column][\/vc_row][vc_row type=\u00a0\u00bbvc_default\u00a0\u00bb full_width=\u00a0\u00bbstretch_row\u00a0\u00bb css=\u00a0\u00bb.vc_custom_1489010792192{background-image: url(http:\/\/virtuapartner.com\/wp-content\/uploads\/2017\/02\/chambre-wireframe_recadre-plusclair.jpg?id=249) !important;background-position: center !important;background-repeat: no-repeat !important;background-size: cover !important;}\u00a0\u00bb][vc_column][vc_empty_space height=\u00a0\u00bb300px\u00a0\u00bb][vc_column_text] D\u00e9couvrez nos solutions clef en main d\u00e9velopp\u00e9es sp\u00e9cifiquement pour les agences et les promoteurs immobiliers. [\/vc_column_text][vc_empty_space height=\u00a0\u00bb180px\u00a0\u00bb][\/vc_column][\/vc_row][vc_row type=\u00a0\u00bbvc_default\u00a0\u00bb full_width=\u00a0\u00bbstretch_row\u00a0\u00bb content_placement=\u00a0\u00bbmiddle\u00a0\u00bb&hellip;<\/p>\n","protected":false},"author":1,"featured_media":0,"parent":0,"menu_order":0,"comment_status":"closed","ping_status":"open","template":"","meta":{"_exactmetrics_skip_tracking":false,"_exactmetrics_sitenote_active":false,"_exactmetrics_sitenote_note":"","_exactmetrics_sitenote_category":0,"footnotes":""},"class_list":["post-39","page","type-page","status-publish","hentry","description-off"],"yoast_head":"<!-- This site is optimized with the Yoast SEO plugin v27.5 - https:\/\/yoast.com\/product\/yoast-seo-wordpress\/ -->\n<title>Immobilier - Virtuapartner<\/title>\n<meta name=\"robots\" content=\"index, follow, max-snippet:-1, max-image-preview:large, max-video-preview:-1\" \/>\n<link rel=\"canonical\" href=\"https:\/\/virtuapartner.com\/en\/immobilier\/\" \/>\n<meta property=\"og:locale\" content=\"fr_FR\" \/>\n<meta property=\"og:type\" content=\"article\" \/>\n<meta property=\"og:title\" content=\"Immobilier - Virtuapartner\" \/>\n<meta property=\"og:description\" content=\"[vc_row][vc_column][vc_column_text] La visite virtuelle, la r\u00e9volution de l&rsquo;immobilier ! [\/vc_column_text][vc_column_text] Immersif, \u00e9conomique et interactif, optimisez votre temps et vendez mieux [\/vc_column_text][vc_separator style=\u00a0\u00bbshadow\u00a0\u00bb el_width=\u00a0\u00bb70&Prime;][\/vc_column][\/vc_row][vc_row type=\u00a0\u00bbvc_default\u00a0\u00bb full_width=\u00a0\u00bbstretch_row\u00a0\u00bb css=\u00a0\u00bb.vc_custom_1489010792192{background-image: url(http:\/\/virtuapartner.com\/wp-content\/uploads\/2017\/02\/chambre-wireframe_recadre-plusclair.jpg?id=249) !important;background-position: center !important;background-repeat: no-repeat !important;background-size: cover !important;}\u00a0\u00bb][vc_column][vc_empty_space height=\u00a0\u00bb300px\u00a0\u00bb][vc_column_text] D\u00e9couvrez nos solutions clef en main d\u00e9velopp\u00e9es sp\u00e9cifiquement pour les agences et les promoteurs immobiliers. [\/vc_column_text][vc_empty_space height=\u00a0\u00bb180px\u00a0\u00bb][\/vc_column][\/vc_row][vc_row type=\u00a0\u00bbvc_default\u00a0\u00bb full_width=\u00a0\u00bbstretch_row\u00a0\u00bb content_placement=\u00a0\u00bbmiddle\u00a0\u00bb&hellip;\" \/>\n<meta property=\"og:url\" content=\"https:\/\/virtuapartner.com\/en\/immobilier\/\" \/>\n<meta property=\"og:site_name\" content=\"Virtuapartner\" \/>\n<meta property=\"article:modified_time\" content=\"2018-04-24T17:14:34+00:00\" \/>\n<meta name=\"twitter:card\" content=\"summary_large_image\" \/>\n<meta name=\"twitter:label1\" content=\"Dur\u00e9e de lecture estim\u00e9e\" \/>\n\t<meta name=\"twitter:data1\" content=\"26 minutes\" \/>\n<script type=\"application\/ld+json\" class=\"yoast-schema-graph\">{\"@context\":\"https:\\\/\\\/schema.org\",\"@graph\":[{\"@type\":\"WebPage\",\"@id\":\"https:\\\/\\\/virtuapartner.com\\\/en\\\/immobilier\\\/\",\"url\":\"https:\\\/\\\/virtuapartner.com\\\/en\\\/immobilier\\\/\",\"name\":\"Immobilier - Virtuapartner\",\"isPartOf\":{\"@id\":\"https:\\\/\\\/virtuapartner.com\\\/fr\\\/#website\"},\"datePublished\":\"2017-02-24T11:32:19+00:00\",\"dateModified\":\"2018-04-24T17:14:34+00:00\",\"breadcrumb\":{\"@id\":\"https:\\\/\\\/virtuapartner.com\\\/en\\\/immobilier\\\/#breadcrumb\"},\"inLanguage\":\"fr-FR\",\"potentialAction\":[{\"@type\":\"ReadAction\",\"target\":[\"https:\\\/\\\/virtuapartner.com\\\/en\\\/immobilier\\\/\"]}]},{\"@type\":\"BreadcrumbList\",\"@id\":\"https:\\\/\\\/virtuapartner.com\\\/en\\\/immobilier\\\/#breadcrumb\",\"itemListElement\":[{\"@type\":\"ListItem\",\"position\":1,\"name\":\"Accueil\",\"item\":\"https:\\\/\\\/virtuapartner.com\\\/\"},{\"@type\":\"ListItem\",\"position\":2,\"name\":\"Real Estate\"}]},{\"@type\":\"WebSite\",\"@id\":\"https:\\\/\\\/virtuapartner.com\\\/fr\\\/#website\",\"url\":\"https:\\\/\\\/virtuapartner.com\\\/fr\\\/\",\"name\":\"Virtuapartner\",\"description\":\"visite virtuelle - Visites virtuelles 360 interactives\",\"potentialAction\":[{\"@type\":\"SearchAction\",\"target\":{\"@type\":\"EntryPoint\",\"urlTemplate\":\"https:\\\/\\\/virtuapartner.com\\\/fr\\\/?s={search_term_string}\"},\"query-input\":{\"@type\":\"PropertyValueSpecification\",\"valueRequired\":true,\"valueName\":\"search_term_string\"}}],\"inLanguage\":\"fr-FR\"}]}<\/script>\n<!-- \/ Yoast SEO plugin. -->","yoast_head_json":{"title":"Immobilier - Virtuapartner","robots":{"index":"index","follow":"follow","max-snippet":"max-snippet:-1","max-image-preview":"max-image-preview:large","max-video-preview":"max-video-preview:-1"},"canonical":"https:\/\/virtuapartner.com\/en\/immobilier\/","og_locale":"fr_FR","og_type":"article","og_title":"Immobilier - Virtuapartner","og_description":"[vc_row][vc_column][vc_column_text] La visite virtuelle, la r\u00e9volution de l&rsquo;immobilier ! [\/vc_column_text][vc_column_text] Immersif, \u00e9conomique et interactif, optimisez votre temps et vendez mieux [\/vc_column_text][vc_separator style=\u00a0\u00bbshadow\u00a0\u00bb el_width=\u00a0\u00bb70&Prime;][\/vc_column][\/vc_row][vc_row type=\u00a0\u00bbvc_default\u00a0\u00bb full_width=\u00a0\u00bbstretch_row\u00a0\u00bb css=\u00a0\u00bb.vc_custom_1489010792192{background-image: url(http:\/\/virtuapartner.com\/wp-content\/uploads\/2017\/02\/chambre-wireframe_recadre-plusclair.jpg?id=249) !important;background-position: center !important;background-repeat: no-repeat !important;background-size: cover !important;}\u00a0\u00bb][vc_column][vc_empty_space height=\u00a0\u00bb300px\u00a0\u00bb][vc_column_text] D\u00e9couvrez nos solutions clef en main d\u00e9velopp\u00e9es sp\u00e9cifiquement pour les agences et les promoteurs immobiliers. [\/vc_column_text][vc_empty_space height=\u00a0\u00bb180px\u00a0\u00bb][\/vc_column][\/vc_row][vc_row type=\u00a0\u00bbvc_default\u00a0\u00bb full_width=\u00a0\u00bbstretch_row\u00a0\u00bb content_placement=\u00a0\u00bbmiddle\u00a0\u00bb&hellip;","og_url":"https:\/\/virtuapartner.com\/en\/immobilier\/","og_site_name":"Virtuapartner","article_modified_time":"2018-04-24T17:14:34+00:00","twitter_card":"summary_large_image","twitter_misc":{"Dur\u00e9e de lecture estim\u00e9e":"26 minutes"},"schema":{"@context":"https:\/\/schema.org","@graph":[{"@type":"WebPage","@id":"https:\/\/virtuapartner.com\/en\/immobilier\/","url":"https:\/\/virtuapartner.com\/en\/immobilier\/","name":"Immobilier - Virtuapartner","isPartOf":{"@id":"https:\/\/virtuapartner.com\/fr\/#website"},"datePublished":"2017-02-24T11:32:19+00:00","dateModified":"2018-04-24T17:14:34+00:00","breadcrumb":{"@id":"https:\/\/virtuapartner.com\/en\/immobilier\/#breadcrumb"},"inLanguage":"fr-FR","potentialAction":[{"@type":"ReadAction","target":["https:\/\/virtuapartner.com\/en\/immobilier\/"]}]},{"@type":"BreadcrumbList","@id":"https:\/\/virtuapartner.com\/en\/immobilier\/#breadcrumb","itemListElement":[{"@type":"ListItem","position":1,"name":"Accueil","item":"https:\/\/virtuapartner.com\/"},{"@type":"ListItem","position":2,"name":"Real Estate"}]},{"@type":"WebSite","@id":"https:\/\/virtuapartner.com\/fr\/#website","url":"https:\/\/virtuapartner.com\/fr\/","name":"Virtuapartner","description":"visite virtuelle - Visites virtuelles 360 interactives","potentialAction":[{"@type":"SearchAction","target":{"@type":"EntryPoint","urlTemplate":"https:\/\/virtuapartner.com\/fr\/?s={search_term_string}"},"query-input":{"@type":"PropertyValueSpecification","valueRequired":true,"valueName":"search_term_string"}}],"inLanguage":"fr-FR"}]}},"_links":{"self":[{"href":"https:\/\/virtuapartner.com\/fr\/wp-json\/wp\/v2\/pages\/39","targetHints":{"allow":["GET"]}}],"collection":[{"href":"https:\/\/virtuapartner.com\/fr\/wp-json\/wp\/v2\/pages"}],"about":[{"href":"https:\/\/virtuapartner.com\/fr\/wp-json\/wp\/v2\/types\/page"}],"author":[{"embeddable":true,"href":"https:\/\/virtuapartner.com\/fr\/wp-json\/wp\/v2\/users\/1"}],"replies":[{"embeddable":true,"href":"https:\/\/virtuapartner.com\/fr\/wp-json\/wp\/v2\/comments?post=39"}],"version-history":[{"count":63,"href":"https:\/\/virtuapartner.com\/fr\/wp-json\/wp\/v2\/pages\/39\/revisions"}],"predecessor-version":[{"id":793,"href":"https:\/\/virtuapartner.com\/fr\/wp-json\/wp\/v2\/pages\/39\/revisions\/793"}],"wp:attachment":[{"href":"https:\/\/virtuapartner.com\/fr\/wp-json\/wp\/v2\/media?parent=39"}],"curies":[{"name":"wp","href":"https:\/\/api.w.org\/{rel}","templated":true}]}}