{"id":291,"date":"2017-03-10T14:06:38","date_gmt":"2017-03-10T13:06:38","guid":{"rendered":"http:\/\/virtuapartner.com\/?page_id=291"},"modified":"2018-04-24T19:20:54","modified_gmt":"2018-04-24T17:20:54","slug":"yachts-et-jets-prive","status":"publish","type":"page","link":"https:\/\/virtuapartner.com\/fr\/yachts-et-jets-prive\/","title":{"rendered":"Yachts &#038; Jets"},"content":{"rendered":"<div class=\"wpb-content-wrapper\"><p>[vc_row][vc_column][vc_column_text]<\/p>\n<h2 style=\"text-align: center;\">Faites changer de dimension votre moyen de transport ou d&rsquo;h\u00e9bergement.<\/h2>\n<p>[\/vc_column_text][vc_column_text]<\/p>\n<p style=\"text-align: center;\">En choisissant la solution <span style=\"color: #348abc; font-family: raleway; font-weight: 200;\">Virtua<\/span><span style=\"color: #000000; font-family: raleway; font-weight: 200;\">Partner<\/span><span style=\"color: #000000; font-family: raleway; font-weight: 200;\"><sup>\u00a9<\/sup> c\u2019est entrer dans l\u2019univers de la communication digitale innovante.<\/span><\/p>\n<p>[\/vc_column_text][vc_separator style=\u00a0\u00bbshadow\u00a0\u00bb el_width=\u00a0\u00bb70&Prime;][\/vc_column][\/vc_row][vc_row type=\u00a0\u00bbvc_default\u00a0\u00bb full_width=\u00a0\u00bbstretch_row_content_no_spaces\u00a0\u00bb css=\u00a0\u00bb.vc_custom_1489403640380{background-image: url(http:\/\/virtuapartner.com\/wp-content\/uploads\/2017\/03\/jetprive.jpg?id=301) !important;background-position: center !important;background-repeat: no-repeat !important;background-size: cover !important;}\u00a0\u00bb][vc_column css=\u00a0\u00bb.vc_custom_1489403619074{background-color: rgba(0,0,0,0.5) !important;*background-color: rgb(0,0,0) !important;}\u00a0\u00bb][vc_empty_space height=\u00a0\u00bb180px\u00a0\u00bb][vc_column_text]<\/p>\n<h1 style=\"text-align: center;\"><span style=\"color: #ffffff;\">L&rsquo;art de sublimer le luxe<\/span><\/h1>\n<p>[\/vc_column_text][vc_empty_space height=\u00a0\u00bb180px\u00a0\u00bb][\/vc_column][\/vc_row][vc_row][vc_column][vc_column_text]<\/p>\n<h1>Le bien portable<\/h1>\n<p>[\/vc_column_text][\/vc_column][\/vc_row][vc_row type=\u00a0\u00bbvc_default\u00a0\u00bb content_placement=\u00a0\u00bbmiddle\u00a0\u00bb][vc_column width=\u00a0\u00bb1\/3&Prime;][vc_single_image image=\u00a0\u00bb302&Prime; img_size=\u00a0\u00bbfull\u00a0\u00bb alignment=\u00a0\u00bbcenter\u00a0\u00bb][\/vc_column][vc_column width=\u00a0\u00bb2\/3&Prime;]<div class=\"standard-arrow list-divider bullet-top\"><ul>\n<li>Votre \u00e9crin de transport <strong>devient explorable de tous vos voyageurs, loueurs et clients<\/strong>.<\/li>\n<li>Vendez <strong>vos prestations de mani\u00e8re originale aux quatre coins du monde<\/strong>.<\/li>\n<li><strong>Facilement int\u00e9grable<\/strong> \u00e0 votre site internet et vos r\u00e9seaux sociaux.<\/li>\n<li>Augmentez la <strong>visibilit\u00e9<\/strong> de vos moyens de transport et d&rsquo;h\u00e9bergement.<\/li>\n<li>Vous communiquez de mani\u00e8re <strong>innovante et moderne.<\/strong><\/li>\n<li><strong>Mettez en avant le confort propos\u00e9 et vos services associ\u00e9s.<\/strong><\/li>\n<\/ul>\n<\/div>[\/vc_column][\/vc_row][vc_row type=\u00a0\u00bbvc_default\u00a0\u00bb full_width=\u00a0\u00bbstretch_row\u00a0\u00bb content_placement=\u00a0\u00bbmiddle\u00a0\u00bb css=\u00a0\u00bb.vc_custom_1488994291973{background-color: #000000 !important;}\u00a0\u00bb][vc_column width=\u00a0\u00bb1\/2&Prime;][vc_column_text]<span style=\"text-align: center;\"><iframe src=\"https:\/\/www.youtube.com\/embed\/HuBbgzECcK0?rel=0&amp;controls=0&amp;showinfo=0&amp;autoplay=1&amp;loop=1&amp;playlist=HuBbgzECcK0\" width=\"560\" height=\"315\" frameborder=\"0\" allowfullscreen=\"allowfullscreen\"><\/iframe><\/span>[\/vc_column_text][\/vc_column][vc_column width=\u00a0\u00bb1\/2&Prime;][vc_single_image image=\u00a0\u00bb58&Prime; img_size=\u00a0\u00bbfull\u00a0\u00bb alignment=\u00a0\u00bbcenter\u00a0\u00bb][vc_empty_space height=\u00a0\u00bb10px\u00a0\u00bb][vc_column_text]<\/p>\n<p style=\"text-align: center;\"><span style=\"color: #ffffff;\">Equip\u00e9 d\u2019un casque de r\u00e9alit\u00e9 virtuelle ou tout simplement de votre portable, visitez en total immersion ce mega yacht. Circulez de pi\u00e8ce en pi\u00e8ce, observez chaque d\u00e9tail et effectuez une visite compl\u00e8te \u00e0 distance.<\/span><\/p>\n<p>[\/vc_column_text][vc_single_image image=\u00a0\u00bb228&Prime; img_size=\u00a0\u00bbmedium\u00a0\u00bb alignment=\u00a0\u00bbcenter\u00a0\u00bb][\/vc_column][\/vc_row][vc_row type=\u00a0\u00bbvc_default\u00a0\u00bb full_width=\u00a0\u00bbstretch_row\u00a0\u00bb css=\u00a0\u00bb.vc_custom_1488839958158{background-image: url(http:\/\/virtuapartner.com\/wp-content\/uploads\/2017\/02\/bckgrd_vrspace2.jpg?id=135) !important;background-position: center !important;background-repeat: no-repeat !important;background-size: cover !important;}\u00a0\u00bb][vc_column][vc_column_text]<\/p>\n<h1><span style=\"color: #ffffff;\">La visite virtuelle <\/span><span style=\"color: #348abc; font-family: raleway; font-weight: 200;\">Virtua<\/span><span style=\"color: #ffffff; font-family: raleway; font-weight: 200;\">Partner<\/span><span style=\"color: #ffffff; font-family: raleway; font-weight: 200; font-size: 20px;\"><sup>\u00a9<\/sup><\/span><\/h1>\n<p>[\/vc_column_text][vc_column_text]<span style=\"color: #ffffff;\">Vous pourrer fl\u00e2ner dans ce somptueux m\u00e9ga yacht et toutes les pi\u00e8ces dans les moindres d\u00e9tails. Il suffit de choisir la pi\u00e8ce dans cette repr\u00e9sentation 3D et ensuite de se d\u00e9placer gr\u00e2ce aux \u00ab\u00a0spots\u00a0\u00bb bleus. Bonne visite !<\/span>[\/vc_column_text][vc_column_text]<\/p>\n<p style=\"text-align: center;\"><iframe src=\"https:\/\/my.matterport.com\/show\/?m=FyCDM9wJ8Bn&amp;play=1\" width=\"100%\" height=\"450\" frameborder=\"0\" allowfullscreen=\"allowfullscreen\"><\/iframe><\/p>\n<p>[\/vc_column_text][\/vc_column][\/vc_row][vc_row type=\u00a0\u00bbvc_default\u00a0\u00bb content_placement=\u00a0\u00bbmiddle\u00a0\u00bb][vc_column width=\u00a0\u00bb2\/3&Prime;][vc_column_text]<\/p>\n<h1>La r\u00e9alit\u00e9 virtuelle s&rsquo;invite sur l&rsquo;eau et dans les airs<\/h1>\n<p>[\/vc_column_text][vc_column_text]Yachts de luxe, bateaux de plaisance, voiliers ou jets priv\u00e9s toutes seront <b>visibles \u00e0 leur plus juste valeur<\/b> et une reproduction fid\u00e8le de leurs int\u00e9rieurs permettra \u00e0 vos futurs clients de se projeter dans le confort propos\u00e9.<br \/>\nInt\u00e9gration <b>d&rsquo;informations<\/b> pour rendre <b>la visite la plus immersive possible et informer vos clients des services propos\u00e9s en sus<\/b>.<br \/>\nVotre moyen de transport ou d&rsquo;h\u00e9bergement se digitalise pour <b>toucher le plus grand nombre<\/b>.<\/p>\n<p>La solution <span style=\"color: #348abc; font-family: raleway; font-weight: 200;\">Virtua<\/span><span style=\"color: #000000; font-family: raleway; font-weight: 200;\">Partner<\/span><span style=\"color: #000000; font-family: raleway; font-weight: 200;\"><sup>\u00a9<\/sup><\/span> c&rsquo;est une visibilit\u00e9 d\u00e9multipli\u00e9e gr\u00e2ce \u00e0 une <b>int\u00e9gration simple et rapide<\/b><b> sur vos r\u00e9seaux sociaux et site internet.<\/b>[\/vc_column_text][\/vc_column][vc_column width=\u00a0\u00bb1\/3&Prime;][vc_single_image image=\u00a0\u00bb312&Prime; img_size=\u00a0\u00bbfull\u00a0\u00bb alignment=\u00a0\u00bbcenter\u00a0\u00bb][\/vc_column][\/vc_row][vc_row type=\u00a0\u00bbvc_default\u00a0\u00bb full_width=\u00a0\u00bbstretch_row_content_no_spaces\u00a0\u00bb content_placement=\u00a0\u00bbmiddle\u00a0\u00bb css=\u00a0\u00bb.vc_custom_1489447956564{background-image: url(http:\/\/virtuapartner.com\/wp-content\/uploads\/2017\/03\/fd-proue.jpg?id=314) !important;background-position: center !important;background-repeat: no-repeat !important;background-size: cover !important;}\u00a0\u00bb][vc_column css=\u00a0\u00bb.vc_custom_1489447933870{background-color: rgba(0,0,0,0.51) !important;*background-color: rgb(0,0,0) !important;}\u00a0\u00bb][vc_empty_space height=\u00a0\u00bb180px\u00a0\u00bb][vc_column_text]<\/p>\n<h1 style=\"text-align: center;\"><span style=\"color: #ffffff;\">De l&rsquo;envol \u00e0 la navigation digitale<\/span><\/h1>\n<p>[\/vc_column_text][vc_empty_space height=\u00a0\u00bb180px\u00a0\u00bb][\/vc_column][\/vc_row][vc_row type=\u00a0\u00bbvc_default\u00a0\u00bb full_width=\u00a0\u00bbstretch_row\u00a0\u00bb content_placement=\u00a0\u00bbmiddle\u00a0\u00bb css=\u00a0\u00bb.vc_custom_1489448727007{background-color: #000000 !important;}\u00a0\u00bb][vc_column width=\u00a0\u00bb1\/3&Prime;][vc_column_text]<span style=\"text-align: center;\"><iframe src=\"https:\/\/www.youtube.com\/embed\/bM-fd1MxyeQ?rel=0&amp;controls=0&amp;showinfo=0&amp;autoplay=1&amp;loop=1&amp;playlist=bM-fd1MxyeQ\" width=\"560\" height=\"355\" frameborder=\"0\" allowfullscreen=\"allowfullscreen\"><\/iframe><\/span>[\/vc_column_text][\/vc_column][vc_column width=\u00a0\u00bb2\/3&Prime;][vc_column_text]<\/p>\n<h1 style=\"text-align: left;\"><span style=\"color: #ffffff;\">D&rsquo;une simplicit\u00e9 incroyable<\/span><\/h1>\n<p>[\/vc_column_text][vc_column_text]<span style=\"color: #ffffff;\">Du bout des doigts, naviguez en toute libert\u00e9 dans ces espaces reconstitu\u00e9s en trois dimensions. Tr\u00e8s intuitive, notre solution saura s\u00e9duire vos clients en quelques clics.<\/span>[\/vc_column_text][\/vc_column][\/vc_row][vc_row type=\u00a0\u00bbvc_default\u00a0\u00bb full_width=\u00a0\u00bbstretch_row\u00a0\u00bb css=\u00a0\u00bb.vc_custom_1488838691241{background-color: #000000 !important;}\u00a0\u00bb][vc_column][vc_single_image image=\u00a0\u00bb228&Prime; img_size=\u00a0\u00bbfull\u00a0\u00bb alignment=\u00a0\u00bbcenter\u00a0\u00bb][\/vc_column][\/vc_row]<\/p>\n<\/div>","protected":false},"excerpt":{"rendered":"<p>[vc_row][vc_column][vc_column_text] Faites changer de dimension votre moyen de transport ou d&rsquo;h\u00e9bergement. [\/vc_column_text][vc_column_text] En choisissant la solution VirtuaPartner\u00a9 c\u2019est entrer dans l\u2019univers de la communication digitale innovante. [\/vc_column_text][vc_separator style=\u00a0\u00bbshadow\u00a0\u00bb el_width=\u00a0\u00bb70&Prime;][\/vc_column][\/vc_row][vc_row type=\u00a0\u00bbvc_default\u00a0\u00bb full_width=\u00a0\u00bbstretch_row_content_no_spaces\u00a0\u00bb css=\u00a0\u00bb.vc_custom_1489403640380{background-image: url(http:\/\/virtuapartner.com\/wp-content\/uploads\/2017\/03\/jetprive.jpg?id=301) !important;background-position: center !important;background-repeat: no-repeat !important;background-size: cover !important;}\u00a0\u00bb][vc_column css=\u00a0\u00bb.vc_custom_1489403619074{background-color: rgba(0,0,0,0.5) !important;*background-color: rgb(0,0,0) !important;}\u00a0\u00bb][vc_empty_space height=\u00a0\u00bb180px\u00a0\u00bb][vc_column_text] L&rsquo;art de sublimer le luxe [\/vc_column_text][vc_empty_space height=\u00a0\u00bb180px\u00a0\u00bb][\/vc_column][\/vc_row][vc_row][vc_column][vc_column_text] Le bien&hellip;<\/p>\n","protected":false},"author":1,"featured_media":0,"parent":0,"menu_order":0,"comment_status":"closed","ping_status":"closed","template":"","meta":{"_exactmetrics_skip_tracking":false,"_exactmetrics_sitenote_active":false,"_exactmetrics_sitenote_note":"","_exactmetrics_sitenote_category":0,"footnotes":""},"class_list":["post-291","page","type-page","status-publish","hentry","description-off"],"yoast_head":"<!-- This site is optimized with the Yoast SEO plugin v27.5 - https:\/\/yoast.com\/product\/yoast-seo-wordpress\/ -->\n<title>Yachts &amp; Jets - Virtuapartner<\/title>\n<meta name=\"robots\" content=\"index, follow, max-snippet:-1, max-image-preview:large, max-video-preview:-1\" \/>\n<link rel=\"canonical\" href=\"https:\/\/virtuapartner.com\/es\/yachts-et-jets-prive\/\" \/>\n<meta property=\"og:locale\" content=\"fr_FR\" \/>\n<meta property=\"og:type\" content=\"article\" \/>\n<meta property=\"og:title\" content=\"Yachts &amp; Jets - Virtuapartner\" \/>\n<meta property=\"og:description\" content=\"[vc_row][vc_column][vc_column_text] Faites changer de dimension votre moyen de transport ou d&rsquo;h\u00e9bergement. [\/vc_column_text][vc_column_text] En choisissant la solution VirtuaPartner\u00a9 c\u2019est entrer dans l\u2019univers de la communication digitale innovante. [\/vc_column_text][vc_separator style=\u00a0\u00bbshadow\u00a0\u00bb el_width=\u00a0\u00bb70&Prime;][\/vc_column][\/vc_row][vc_row type=\u00a0\u00bbvc_default\u00a0\u00bb full_width=\u00a0\u00bbstretch_row_content_no_spaces\u00a0\u00bb css=\u00a0\u00bb.vc_custom_1489403640380{background-image: url(http:\/\/virtuapartner.com\/wp-content\/uploads\/2017\/03\/jetprive.jpg?id=301) !important;background-position: center !important;background-repeat: no-repeat !important;background-size: cover !important;}\u00a0\u00bb][vc_column css=\u00a0\u00bb.vc_custom_1489403619074{background-color: rgba(0,0,0,0.5) !important;*background-color: rgb(0,0,0) !important;}\u00a0\u00bb][vc_empty_space height=\u00a0\u00bb180px\u00a0\u00bb][vc_column_text] L&rsquo;art de sublimer le luxe [\/vc_column_text][vc_empty_space height=\u00a0\u00bb180px\u00a0\u00bb][\/vc_column][\/vc_row][vc_row][vc_column][vc_column_text] Le bien&hellip;\" \/>\n<meta property=\"og:url\" content=\"https:\/\/virtuapartner.com\/es\/yachts-et-jets-prive\/\" \/>\n<meta property=\"og:site_name\" content=\"Virtuapartner\" \/>\n<meta property=\"article:modified_time\" content=\"2018-04-24T17:20:54+00:00\" \/>\n<meta name=\"twitter:card\" content=\"summary_large_image\" \/>\n<meta name=\"twitter:label1\" content=\"Dur\u00e9e de lecture estim\u00e9e\" \/>\n\t<meta name=\"twitter:data1\" content=\"15 minutes\" \/>\n<script type=\"application\/ld+json\" class=\"yoast-schema-graph\">{\"@context\":\"https:\\\/\\\/schema.org\",\"@graph\":[{\"@type\":\"WebPage\",\"@id\":\"https:\\\/\\\/virtuapartner.com\\\/es\\\/yachts-et-jets-prive\\\/\",\"url\":\"https:\\\/\\\/virtuapartner.com\\\/es\\\/yachts-et-jets-prive\\\/\",\"name\":\"Yachts & Jets - Virtuapartner\",\"isPartOf\":{\"@id\":\"https:\\\/\\\/virtuapartner.com\\\/fr\\\/#website\"},\"datePublished\":\"2017-03-10T13:06:38+00:00\",\"dateModified\":\"2018-04-24T17:20:54+00:00\",\"breadcrumb\":{\"@id\":\"https:\\\/\\\/virtuapartner.com\\\/es\\\/yachts-et-jets-prive\\\/#breadcrumb\"},\"inLanguage\":\"fr-FR\",\"potentialAction\":[{\"@type\":\"ReadAction\",\"target\":[\"https:\\\/\\\/virtuapartner.com\\\/es\\\/yachts-et-jets-prive\\\/\"]}]},{\"@type\":\"BreadcrumbList\",\"@id\":\"https:\\\/\\\/virtuapartner.com\\\/es\\\/yachts-et-jets-prive\\\/#breadcrumb\",\"itemListElement\":[{\"@type\":\"ListItem\",\"position\":1,\"name\":\"Accueil\",\"item\":\"https:\\\/\\\/virtuapartner.com\\\/\"},{\"@type\":\"ListItem\",\"position\":2,\"name\":\"Yachts &#038; Jets\"}]},{\"@type\":\"WebSite\",\"@id\":\"https:\\\/\\\/virtuapartner.com\\\/fr\\\/#website\",\"url\":\"https:\\\/\\\/virtuapartner.com\\\/fr\\\/\",\"name\":\"Virtuapartner\",\"description\":\"visite virtuelle - Visites virtuelles 360 interactives\",\"potentialAction\":[{\"@type\":\"SearchAction\",\"target\":{\"@type\":\"EntryPoint\",\"urlTemplate\":\"https:\\\/\\\/virtuapartner.com\\\/fr\\\/?s={search_term_string}\"},\"query-input\":{\"@type\":\"PropertyValueSpecification\",\"valueRequired\":true,\"valueName\":\"search_term_string\"}}],\"inLanguage\":\"fr-FR\"}]}<\/script>\n<!-- \/ Yoast SEO plugin. -->","yoast_head_json":{"title":"Yachts & Jets - Virtuapartner","robots":{"index":"index","follow":"follow","max-snippet":"max-snippet:-1","max-image-preview":"max-image-preview:large","max-video-preview":"max-video-preview:-1"},"canonical":"https:\/\/virtuapartner.com\/es\/yachts-et-jets-prive\/","og_locale":"fr_FR","og_type":"article","og_title":"Yachts & Jets - Virtuapartner","og_description":"[vc_row][vc_column][vc_column_text] Faites changer de dimension votre moyen de transport ou d&rsquo;h\u00e9bergement. [\/vc_column_text][vc_column_text] En choisissant la solution VirtuaPartner\u00a9 c\u2019est entrer dans l\u2019univers de la communication digitale innovante. [\/vc_column_text][vc_separator style=\u00a0\u00bbshadow\u00a0\u00bb el_width=\u00a0\u00bb70&Prime;][\/vc_column][\/vc_row][vc_row type=\u00a0\u00bbvc_default\u00a0\u00bb full_width=\u00a0\u00bbstretch_row_content_no_spaces\u00a0\u00bb css=\u00a0\u00bb.vc_custom_1489403640380{background-image: url(http:\/\/virtuapartner.com\/wp-content\/uploads\/2017\/03\/jetprive.jpg?id=301) !important;background-position: center !important;background-repeat: no-repeat !important;background-size: cover !important;}\u00a0\u00bb][vc_column css=\u00a0\u00bb.vc_custom_1489403619074{background-color: rgba(0,0,0,0.5) !important;*background-color: rgb(0,0,0) !important;}\u00a0\u00bb][vc_empty_space height=\u00a0\u00bb180px\u00a0\u00bb][vc_column_text] L&rsquo;art de sublimer le luxe [\/vc_column_text][vc_empty_space height=\u00a0\u00bb180px\u00a0\u00bb][\/vc_column][\/vc_row][vc_row][vc_column][vc_column_text] Le bien&hellip;","og_url":"https:\/\/virtuapartner.com\/es\/yachts-et-jets-prive\/","og_site_name":"Virtuapartner","article_modified_time":"2018-04-24T17:20:54+00:00","twitter_card":"summary_large_image","twitter_misc":{"Dur\u00e9e de lecture estim\u00e9e":"15 minutes"},"schema":{"@context":"https:\/\/schema.org","@graph":[{"@type":"WebPage","@id":"https:\/\/virtuapartner.com\/es\/yachts-et-jets-prive\/","url":"https:\/\/virtuapartner.com\/es\/yachts-et-jets-prive\/","name":"Yachts & Jets - Virtuapartner","isPartOf":{"@id":"https:\/\/virtuapartner.com\/fr\/#website"},"datePublished":"2017-03-10T13:06:38+00:00","dateModified":"2018-04-24T17:20:54+00:00","breadcrumb":{"@id":"https:\/\/virtuapartner.com\/es\/yachts-et-jets-prive\/#breadcrumb"},"inLanguage":"fr-FR","potentialAction":[{"@type":"ReadAction","target":["https:\/\/virtuapartner.com\/es\/yachts-et-jets-prive\/"]}]},{"@type":"BreadcrumbList","@id":"https:\/\/virtuapartner.com\/es\/yachts-et-jets-prive\/#breadcrumb","itemListElement":[{"@type":"ListItem","position":1,"name":"Accueil","item":"https:\/\/virtuapartner.com\/"},{"@type":"ListItem","position":2,"name":"Yachts &#038; Jets"}]},{"@type":"WebSite","@id":"https:\/\/virtuapartner.com\/fr\/#website","url":"https:\/\/virtuapartner.com\/fr\/","name":"Virtuapartner","description":"visite virtuelle - Visites virtuelles 360 interactives","potentialAction":[{"@type":"SearchAction","target":{"@type":"EntryPoint","urlTemplate":"https:\/\/virtuapartner.com\/fr\/?s={search_term_string}"},"query-input":{"@type":"PropertyValueSpecification","valueRequired":true,"valueName":"search_term_string"}}],"inLanguage":"fr-FR"}]}},"_links":{"self":[{"href":"https:\/\/virtuapartner.com\/fr\/wp-json\/wp\/v2\/pages\/291","targetHints":{"allow":["GET"]}}],"collection":[{"href":"https:\/\/virtuapartner.com\/fr\/wp-json\/wp\/v2\/pages"}],"about":[{"href":"https:\/\/virtuapartner.com\/fr\/wp-json\/wp\/v2\/types\/page"}],"author":[{"embeddable":true,"href":"https:\/\/virtuapartner.com\/fr\/wp-json\/wp\/v2\/users\/1"}],"replies":[{"embeddable":true,"href":"https:\/\/virtuapartner.com\/fr\/wp-json\/wp\/v2\/comments?post=291"}],"version-history":[{"count":28,"href":"https:\/\/virtuapartner.com\/fr\/wp-json\/wp\/v2\/pages\/291\/revisions"}],"predecessor-version":[{"id":796,"href":"https:\/\/virtuapartner.com\/fr\/wp-json\/wp\/v2\/pages\/291\/revisions\/796"}],"wp:attachment":[{"href":"https:\/\/virtuapartner.com\/fr\/wp-json\/wp\/v2\/media?parent=291"}],"curies":[{"name":"wp","href":"https:\/\/api.w.org\/{rel}","templated":true}]}}