{"id":1190,"date":"2019-01-16T15:58:15","date_gmt":"2019-01-16T14:58:15","guid":{"rendered":"https:\/\/virtuapartner.com\/?page_id=1190"},"modified":"2019-03-28T17:30:12","modified_gmt":"2019-03-28T16:30:12","slug":"projets-immobiliers","status":"publish","type":"page","link":"https:\/\/virtuapartner.com\/fr\/projets-immobiliers\/","title":{"rendered":"Projets immobiliers"},"content":{"rendered":"<div class=\"wpb-content-wrapper\"><p>[vc_row][vc_column][vc_column_text]<\/p>\n<h1 style=\"text-align: center;\">La visite virtuelle 3D \u00e0 partir de plans 2D<\/h1>\n<p>[\/vc_column_text][vc_column_text]<\/p>\n<p style=\"text-align: center;\">Permettez \u00e0 vos clients de vivre ce que vous imaginez<\/p>\n<p>[\/vc_column_text][vc_separator style=\u00a0\u00bbshadow\u00a0\u00bb el_width=\u00a0\u00bb70&Prime;][\/vc_column][\/vc_row][vc_row type=\u00a0\u00bbvc_default\u00a0\u00bb full_width=\u00a0\u00bbstretch_row\u00a0\u00bb css=\u00a0\u00bb.vc_custom_1547721062142{margin-bottom: -36px !important;background-image: url(https:\/\/virtuapartner.com\/wp-content\/uploads\/2017\/02\/bckgrd_immo2-1.jpg?id=262) !important;background-position: center !important;background-repeat: no-repeat !important;background-size: cover !important;}\u00a0\u00bb][vc_column][vc_empty_space height=\u00a0\u00bb180px\u00a0\u00bb][vc_column_text]<\/p>\n<h1 style=\"text-align: center;\"><span style=\"color: #ffffff; weight: 200;\">Solutions clef en main d\u00e9velopp\u00e9es sp\u00e9cifiquement pour les promoteurs immobiliers, les r\u00e9novateurs et professionnels du home-staging.<\/span><\/h1>\n<p>[\/vc_column_text][vc_empty_space height=\u00a0\u00bb180px\u00a0\u00bb][\/vc_column][\/vc_row][vc_row type=\u00a0\u00bbvc_default\u00a0\u00bb full_width=\u00a0\u00bbstretch_row_content_no_spaces\u00a0\u00bb css=\u00a0\u00bb.vc_custom_1547659681516{margin-bottom: -27px !important;}\u00a0\u00bb][vc_column][vc_separator color=\u00a0\u00bbcustom\u00a0\u00bb border_width=\u00a0\u00bb8&Prime; accent_color=\u00a0\u00bb#aad4ff\u00a0\u00bb][\/vc_column][\/vc_row][vc_row type=\u00a0\u00bbvc_default\u00a0\u00bb full_width=\u00a0\u00bbstretch_row\u00a0\u00bb bg_type=\u00a0\u00bbimage\u00a0\u00bb parallax_style=\u00a0\u00bbvcpb-vz-jquery\u00a0\u00bb bg_image_new=\u00a0\u00bbid^1205|url^https:\/\/virtuapartner.com\/wp-content\/uploads\/2019\/01\/architect-architecture-blueprint-271667blue.jpg|caption^null|alt^null|title^architect-architecture-blueprint-271667blue|description^null\u00a0\u00bb css=\u00a0\u00bb.vc_custom_1547660323534{margin-bottom: -36px !important;background-position: center !important;background-repeat: no-repeat !important;background-size: cover !important;}\u00a0\u00bb][vc_column]<div class=\"dt-fancy-separator title-left h1-size\" style=\"width: 100%;\"><div class=\"dt-fancy-title\" style=\"color: #ffffff;\"><span class=\"separator-holder separator-left\" style=\"border-color: #1e73be;\"><\/span>Projet de villa ``Point Par Point``<span class=\"separator-holder separator-right\" style=\"border-color: #1e73be;\"><\/span><\/div><\/div>[vc_column_text]<span style=\"color: #ffffff;\">Cette solution est id\u00e9ale pour un aper\u00e7u de petits projets immobiliers, de r\u00e9novation ou de Home-Staging.<br \/>\n<\/span><\/p>\n<p><span style=\"color: #ffffff;\"><span style=\"color: #00c753; font-size: 22pt;\">\u221a<\/span> Visibilit\u00e9 sur le Web;<br \/>\n<span style=\"color: #00c753; font-size: 22pt;\">\u221a<\/span> Qualit\u00e9 de rendu tr\u00e8s proche de la r\u00e9alit\u00e9;<br \/>\n<span style=\"color: #00c753; font-size: 22pt;\">\u221a<\/span> Le d\u00e9placement se fait de point par point<\/span>[\/vc_column_text][vc_column_text css=\u00a0\u00bb.vc_custom_1547669840151{border-top-width: 4px !important;border-right-width: 4px !important;border-bottom-width: 4px !important;border-left-width: 4px !important;background-position: center !important;background-repeat: no-repeat !important;background-size: cover !important;border-left-color: #ffffff !important;border-left-style: solid !important;border-right-color: #ffffff !important;border-right-style: solid !important;border-top-color: #ffffff !important;border-top-style: solid !important;border-bottom-color: #ffffff !important;border-bottom-style: solid !important;border-radius: 2px !important;}\u00a0\u00bb]<iframe src=\"http:\/\/wer3d.co.il\/Villa\/\" width=\"100%\" height=\"600\" frameborder=\"0\" allowfullscreen=\"allowfullscreen\"><\/iframe>[\/vc_column_text][vc_btn title=\u00a0\u00bbDemander un devis\u00a0\u00bb color=\u00a0\u00bbsky\u00a0\u00bb size=\u00a0\u00bblg\u00a0\u00bb align=\u00a0\u00bbcenter\u00a0\u00bb button_block=\u00a0\u00bbtrue\u00a0\u00bb link=\u00a0\u00bburl:mailto%3Afpech%40virtuapartner.com%3Fsubject%3DDemande%20de%20devis%20pour%20Visite%20Virtuelle%203D%20%C3%A0%20partir%20d&rsquo;un%20plan%202D%20%3A%20Point%20par%20Point|||\u00a0\u00bb][\/vc_column][\/vc_row][vc_row type=\u00a0\u00bbvc_default\u00a0\u00bb full_width=\u00a0\u00bbstretch_row_content_no_spaces\u00a0\u00bb css=\u00a0\u00bb.vc_custom_1547659681516{margin-bottom: -27px !important;}\u00a0\u00bb][vc_column][vc_separator color=\u00a0\u00bbcustom\u00a0\u00bb border_width=\u00a0\u00bb8&Prime; accent_color=\u00a0\u00bb#aad4ff\u00a0\u00bb][\/vc_column][\/vc_row][vc_row type=\u00a0\u00bbvc_default\u00a0\u00bb full_width=\u00a0\u00bbstretch_row\u00a0\u00bb bg_type=\u00a0\u00bbimage\u00a0\u00bb parallax_style=\u00a0\u00bbvcpb-vz-jquery\u00a0\u00bb bg_image_new=\u00a0\u00bbid^1202|url^https:\/\/virtuapartner.com\/wp-content\/uploads\/2019\/01\/architect-architecture-beach-262347.jpg|caption^null|alt^null|title^architect-architecture-beach-262347|description^null\u00a0\u00bb css=\u00a0\u00bb.vc_custom_1547660853452{margin-bottom: -36px !important;background-position: center !important;background-repeat: no-repeat !important;background-size: cover !important;}\u00a0\u00bb][vc_column]<div class=\"dt-fancy-separator title-left h1-size\" style=\"width: 100%;\"><div class=\"dt-fancy-title\" style=\"color: #ffffff;\"><span class=\"separator-holder separator-left\" style=\"border-color: #1e73be;\"><\/span>Projet de villa en ``Tr\u00e8s Haute D\u00e9finition``<span class=\"separator-holder separator-right\" style=\"border-color: #1e73be;\"><\/span><\/div><\/div>[vc_column_text]<span style=\"color: #ffffff;\">Solution est id\u00e9ale pour les grands projets, de plus de 200m\u00b2, de haut standing.<br \/>\n<\/span><\/p>\n<p><span style=\"color: #ffffff;\"><span style=\"color: #00c753; font-size: 22pt;\">\u221a<\/span> Solution est id\u00e9ale pour les grands projets, de plus de 200m\u00b2, de haut standing;<br \/>\n<span style=\"color: #00c753; font-size: 22pt;\">\u221a<\/span> A installer sur un ordinateur au bureau ou \u00eatre envoy\u00e9 \u00e0 un client particulier qui l&rsquo;installera sur son ordinateur;<br \/>\n<span style=\"color: #00c753; font-size: 22pt;\">\u221a<\/span> D\u00e9placement omnidirectionnel au centim\u00e8tre pr\u00e8s;<br \/>\n<span style=\"color: #00c753; font-size: 22pt;\">\u221a<\/span> Possibilit\u00e9 de faire une vid\u00e9o ou l&rsquo;on se prom\u00e8ne dans toute la villa et la mettre sur le web.<\/span>[\/vc_column_text][vc_video link=\u00a0\u00bbhttps:\/\/vimeo.com\/302071253&Prime; align=\u00a0\u00bbcenter\u00a0\u00bb css=\u00a0\u00bb.vc_custom_1547658847592{border-top-width: 4px !important;border-right-width: 4px !important;border-bottom-width: 4px !important;border-left-width: 4px !important;border-left-color: #ffffff !important;border-left-style: solid !important;border-right-color: #ffffff !important;border-right-style: solid !important;border-top-color: #ffffff !important;border-top-style: solid !important;border-bottom-color: #ffffff !important;border-bottom-style: solid !important;border-radius: 4px !important;}\u00a0\u00bb][vc_btn title=\u00a0\u00bbDemander un devis\u00a0\u00bb color=\u00a0\u00bbsky\u00a0\u00bb size=\u00a0\u00bblg\u00a0\u00bb align=\u00a0\u00bbcenter\u00a0\u00bb button_block=\u00a0\u00bbtrue\u00a0\u00bb link=\u00a0\u00bburl:mailto%3Afpech%40virtuapartner.com%3Fsubject%3DDemande%20de%20devis%20pour%20Visite%20Virtuelle%203D%20%C3%A0%20partir%20d&rsquo;un%20plan%202D%20%3A%20Projet%20en%20Tr%C3%A8s%20Haute%20D%C3%A9finition|||\u00a0\u00bb][\/vc_column][\/vc_row][vc_row type=\u00a0\u00bbvc_default\u00a0\u00bb full_width=\u00a0\u00bbstretch_row_content_no_spaces\u00a0\u00bb css=\u00a0\u00bb.vc_custom_1547659681516{margin-bottom: -27px !important;}\u00a0\u00bb][vc_column][vc_separator color=\u00a0\u00bbcustom\u00a0\u00bb border_width=\u00a0\u00bb8&Prime; accent_color=\u00a0\u00bb#aad4ff\u00a0\u00bb][\/vc_column][\/vc_row][vc_row type=\u00a0\u00bbvc_default\u00a0\u00bb full_width=\u00a0\u00bbstretch_row\u00a0\u00bb bg_type=\u00a0\u00bbimage\u00a0\u00bb parallax_style=\u00a0\u00bbvcpb-vz-jquery\u00a0\u00bb bg_image_new=\u00a0\u00bbid^1206|url^https:\/\/virtuapartner.com\/wp-content\/uploads\/2019\/01\/art-blur-blurred-89732_blue.jpg|caption^null|alt^null|title^art-blur-blurred-89732_blue|description^null\u00a0\u00bb css=\u00a0\u00bb.vc_custom_1553760256209{margin-bottom: -36px !important;background-position: center !important;background-repeat: no-repeat !important;background-size: cover !important;}\u00a0\u00bb][vc_column]<div class=\"dt-fancy-separator title-left h1-size\" style=\"width: 100%;\"><div class=\"dt-fancy-title\" style=\"color: #ffffff;\"><span class=\"separator-holder separator-left\" style=\"border-color: #1e73be;\"><\/span>Projet d\u2019appartement en ``Haute D\u00e9finition`` personnalisable<span class=\"separator-holder separator-right\" style=\"border-color: #1e73be;\"><\/span><\/div><\/div>[vc_column_text]<span style=\"color: #ffffff;\">Solution id\u00e9ale pour tout type de projets.<\/span><br \/>\n<span style=\"color: #ffffff;\"><span style=\"color: #00c753; font-size: 22pt;\">\u221a<\/span> Solution tr\u00e8s \u00e9conomique avec un rendu professionnel;<br \/>\n<span style=\"color: #00c753; font-size: 22pt;\">\u221a<\/span> Possibilit\u00e9 de modifier les textures en direct par l&rsquo;utilisateur dans la visite virtuelle 3D;<br \/>\n<span style=\"color: #00c753; font-size: 22pt;\">\u221a<\/span> Int\u00e9gration sur votre site internet;<br \/>\n<span style=\"color: #00c753; font-size: 22pt;\">\u221a<\/span> Possibilit\u00e9 d&rsquo;int\u00e9grer une visite virtuelle \u00ab\u00a0en l&rsquo;\u00e9tat\u00a0\u00bb du bien existant dans le cas d&rsquo;une r\u00e9novation.<\/span>[\/vc_column_text][vc_column_text css=\u00a0\u00bb.vc_custom_1547666675646{border-radius: 4px !important;}\u00a0\u00bb]<iframe src=\"http:\/\/great3dthings.com\/mimoza\/#autoplay\" width=\"100%\" height=\"500\" frameborder=\"0\" allowfullscreen=\"allowfullscreen\"><\/iframe>[\/vc_column_text][vc_btn title=\u00a0\u00bbDemander un devis\u00a0\u00bb color=\u00a0\u00bbsky\u00a0\u00bb size=\u00a0\u00bblg\u00a0\u00bb align=\u00a0\u00bbcenter\u00a0\u00bb button_block=\u00a0\u00bbtrue\u00a0\u00bb link=\u00a0\u00bburl:mailto%3Afpech%40virtuapartner.com%3Fsubject%3DDemande%20de%20devis%20pour%20VR%20%C3%A0%20partir%20d&rsquo;un%20plan%20%3A%20Projet%20en%20Haute%20D%C3%A9finition%20personnalisable|||\u00a0\u00bb][\/vc_column][\/vc_row][vc_row type=\u00a0\u00bbvc_default\u00a0\u00bb full_width=\u00a0\u00bbstretch_row_content_no_spaces\u00a0\u00bb css=\u00a0\u00bb.vc_custom_1547659681516{margin-bottom: -27px !important;}\u00a0\u00bb][vc_column][vc_separator color=\u00a0\u00bbcustom\u00a0\u00bb border_width=\u00a0\u00bb8&Prime; accent_color=\u00a0\u00bb#aad4ff\u00a0\u00bb][\/vc_column][\/vc_row][vc_row type=\u00a0\u00bbvc_default\u00a0\u00bb full_width=\u00a0\u00bbstretch_row\u00a0\u00bb bg_type=\u00a0\u00bbimage\u00a0\u00bb parallax_style=\u00a0\u00bbvcpb-vz-jquery\u00a0\u00bb bg_image_new=\u00a0\u00bbid^1598|url^https:\/\/virtuapartner.com\/wp-content\/uploads\/2019\/03\/bckgrd_plans.jpg|caption^null|alt^null|title^bckgrd_plans|description^null\u00a0\u00bb][vc_column]<div class=\"dt-fancy-separator title-left h1-size\" style=\"width: 100%;\"><div class=\"dt-fancy-title\" style=\"color: #ffffff;\"><span class=\"separator-holder separator-left\" style=\"border-color: #1e73be;\"><\/span>Homestaging<span class=\"separator-holder separator-right\" style=\"border-color: #1e73be;\"><\/span><\/div><\/div>[vc_column_text]<span style=\"color: #ffffff;\">Offrez une visibilit\u00e9 du travail fini \u00e0 vos clients. Le Homestaging de chez <strong><span style=\"color: #3366ff;\">Virtua<\/span>Partner<\/strong> vous permettra de proposer des solutions visuelles et rassurer vos clients.<\/span><br \/>\n<span style=\"color: #ffffff;\"><span style=\"color: #00c753; font-size: 22pt;\">\u221a<\/span> Pour des projets immobiliers;<br \/>\n<span style=\"color: #00c753; font-size: 22pt;\">\u221a<\/span> Pour des travaux de r\u00e9novation;<br \/>\n<span style=\"color: #00c753; font-size: 22pt;\">\u221a<\/span> Pour des projets de d\u00e9coration;<br \/>\n<span style=\"color: #00c753; font-size: 22pt;\">\u221a<\/span> Pour des projets de r\u00e9am\u00e9nagement.<\/span>[\/vc_column_text][vc_row_inner][vc_column_inner width=\u00a0\u00bb1\/2&Prime;]<div class=\"twentytwenty-container\" data-orientation=\"horizontal\" data-offset=\"0.5\"><img fetchpriority=\"high\" decoding=\"async\" class=\"preload-me\" src=\"https:\/\/virtuapartner.com\/wp-content\/uploads\/2019\/03\/Monaco-Larvotto-21-Princesse-Grace-A1.jpg\" width=\"1920\" height=\"1080\"  title=\"No Homestaging\" alt=\"\"><img decoding=\"async\" class=\"preload-me\" src=\"https:\/\/virtuapartner.com\/wp-content\/uploads\/2019\/03\/Monaco-Larvotto-21-Princesse-Grace-A2b_1920.jpg\" width=\"1920\" height=\"1080\"  title=\"Homestaging\" alt=\"\"><\/div>[vc_empty_space][\/vc_column_inner][vc_column_inner width=\u00a0\u00bb1\/2&Prime;]<div class=\"twentytwenty-container\" data-orientation=\"horizontal\" data-offset=\"0.5\"><img decoding=\"async\" class=\"preload-me\" src=\"https:\/\/virtuapartner.com\/wp-content\/uploads\/2019\/03\/Monaco-Larvotto-21-Princesse-Grace-B1.jpg\" width=\"1920\" height=\"1080\"  title=\"No Homestaging\" alt=\"\"><img loading=\"lazy\" decoding=\"async\" class=\"preload-me\" src=\"https:\/\/virtuapartner.com\/wp-content\/uploads\/2019\/03\/Monaco-Larvotto-21-Princesse-Grace-B2.jpg\" width=\"1920\" height=\"1080\"  title=\"Homestaging\" alt=\"\"><\/div>[vc_empty_space][\/vc_column_inner][\/vc_row_inner][vc_btn title=\u00a0\u00bbDemander un devis\u00a0\u00bb color=\u00a0\u00bbsky\u00a0\u00bb size=\u00a0\u00bblg\u00a0\u00bb align=\u00a0\u00bbcenter\u00a0\u00bb button_block=\u00a0\u00bbtrue\u00a0\u00bb link=\u00a0\u00bburl:mailto%3Afpech%40virtuapartner.com%3Fsubject%3DDemande%20de%20devis%20pour%20Homestaging|||\u00a0\u00bb][\/vc_column][\/vc_row][vc_row type=\u00a0\u00bbvc_default\u00a0\u00bb full_width=\u00a0\u00bbstretch_row\u00a0\u00bb content_placement=\u00a0\u00bbmiddle\u00a0\u00bb css=\u00a0\u00bb.vc_custom_1489448727007{background-color: #000000 !important;}\u00a0\u00bb][vc_column width=\u00a0\u00bb1\/3&Prime;][vc_column_text]<span style=\"text-align: center;\"><iframe src=\"https:\/\/www.youtube.com\/embed\/bM-fd1MxyeQ?rel=0&amp;controls=0&amp;showinfo=0&amp;autoplay=1&amp;loop=1&amp;playlist=bM-fd1MxyeQ\" width=\"560\" height=\"355\" frameborder=\"0\" allowfullscreen=\"allowfullscreen\" data-mce-fragment=\"1\"><\/iframe><\/span>[\/vc_column_text][\/vc_column][vc_column width=\u00a0\u00bb2\/3&Prime;][vc_column_text]<\/p>\n<h1 style=\"text-align: left;\"><span style=\"color: #ffffff;\">D&rsquo;une simplicit\u00e9 incroyable<\/span><\/h1>\n<p>[\/vc_column_text][vc_column_text]<span style=\"color: #ffffff;\">Du bout des doigts, naviguez en toute libert\u00e9 dans ces espaces reconstitu\u00e9s en trois dimensions. Tr\u00e8s intuitive, notre solution saura s\u00e9duire vos clients en quelques clics.<\/span>[\/vc_column_text][\/vc_column][\/vc_row][vc_row type=\u00a0\u00bbvc_default\u00a0\u00bb full_width=\u00a0\u00bbstretch_row\u00a0\u00bb css=\u00a0\u00bb.vc_custom_1488838691241{background-color: #000000 !important;}\u00a0\u00bb][vc_column][vc_single_image image=\u00a0\u00bb228&Prime; img_size=\u00a0\u00bbfull\u00a0\u00bb alignment=\u00a0\u00bbcenter\u00a0\u00bb][\/vc_column][\/vc_row]<\/p>\n<\/div>","protected":false},"excerpt":{"rendered":"<p>[vc_row][vc_column][vc_column_text] La visite virtuelle 3D \u00e0 partir de plans 2D [\/vc_column_text][vc_column_text] Permettez \u00e0 vos clients de vivre ce que vous imaginez [\/vc_column_text][vc_separator style=\u00a0\u00bbshadow\u00a0\u00bb el_width=\u00a0\u00bb70&Prime;][\/vc_column][\/vc_row][vc_row type=\u00a0\u00bbvc_default\u00a0\u00bb full_width=\u00a0\u00bbstretch_row\u00a0\u00bb css=\u00a0\u00bb.vc_custom_1547721062142{margin-bottom: -36px !important;background-image: url(https:\/\/virtuapartner.com\/wp-content\/uploads\/2017\/02\/bckgrd_immo2-1.jpg?id=262) !important;background-position: center !important;background-repeat: no-repeat !important;background-size: cover !important;}\u00a0\u00bb][vc_column][vc_empty_space height=\u00a0\u00bb180px\u00a0\u00bb][vc_column_text] Solutions clef en main d\u00e9velopp\u00e9es sp\u00e9cifiquement pour les promoteurs immobiliers, les r\u00e9novateurs et professionnels du home-staging. [\/vc_column_text][vc_empty_space&hellip;<\/p>\n","protected":false},"author":6,"featured_media":1159,"parent":0,"menu_order":0,"comment_status":"closed","ping_status":"closed","template":"","meta":{"_exactmetrics_skip_tracking":false,"_exactmetrics_sitenote_active":false,"_exactmetrics_sitenote_note":"","_exactmetrics_sitenote_category":0,"footnotes":""},"class_list":["post-1190","page","type-page","status-publish","has-post-thumbnail","hentry","description-off"],"yoast_head":"<!-- This site is optimized with the Yoast SEO plugin v27.5 - https:\/\/yoast.com\/product\/yoast-seo-wordpress\/ -->\n<title>Projets immobiliers - Virtuapartner<\/title>\n<meta name=\"robots\" content=\"index, follow, max-snippet:-1, max-image-preview:large, max-video-preview:-1\" \/>\n<link rel=\"canonical\" href=\"https:\/\/virtuapartner.com\/en\/projets-immobiliers\/\" \/>\n<meta property=\"og:locale\" content=\"fr_FR\" \/>\n<meta property=\"og:type\" content=\"article\" \/>\n<meta property=\"og:title\" content=\"Projets immobiliers - Virtuapartner\" \/>\n<meta property=\"og:description\" content=\"[vc_row][vc_column][vc_column_text] La visite virtuelle 3D \u00e0 partir de plans 2D [\/vc_column_text][vc_column_text] Permettez \u00e0 vos clients de vivre ce que vous imaginez [\/vc_column_text][vc_separator style=\u00a0\u00bbshadow\u00a0\u00bb el_width=\u00a0\u00bb70&Prime;][\/vc_column][\/vc_row][vc_row type=\u00a0\u00bbvc_default\u00a0\u00bb full_width=\u00a0\u00bbstretch_row\u00a0\u00bb css=\u00a0\u00bb.vc_custom_1547721062142{margin-bottom: -36px !important;background-image: url(https:\/\/virtuapartner.com\/wp-content\/uploads\/2017\/02\/bckgrd_immo2-1.jpg?id=262) !important;background-position: center !important;background-repeat: no-repeat !important;background-size: cover !important;}\u00a0\u00bb][vc_column][vc_empty_space height=\u00a0\u00bb180px\u00a0\u00bb][vc_column_text] Solutions clef en main d\u00e9velopp\u00e9es sp\u00e9cifiquement pour les promoteurs immobiliers, les r\u00e9novateurs et professionnels du home-staging. [\/vc_column_text][vc_empty_space&hellip;\" \/>\n<meta property=\"og:url\" content=\"https:\/\/virtuapartner.com\/en\/projets-immobiliers\/\" \/>\n<meta property=\"og:site_name\" content=\"Virtuapartner\" \/>\n<meta property=\"article:modified_time\" content=\"2019-03-28T16:30:12+00:00\" \/>\n<meta property=\"og:image\" content=\"https:\/\/virtuapartner.com\/wp-content\/uploads\/2019\/01\/vrfrom2dplan.jpg\" \/>\n\t<meta property=\"og:image:width\" content=\"2052\" \/>\n\t<meta property=\"og:image:height\" content=\"910\" \/>\n\t<meta property=\"og:image:type\" content=\"image\/jpeg\" \/>\n<meta name=\"twitter:card\" content=\"summary_large_image\" \/>\n<meta name=\"twitter:label1\" content=\"Dur\u00e9e de lecture estim\u00e9e\" \/>\n\t<meta name=\"twitter:data1\" content=\"25 minutes\" \/>\n<script type=\"application\/ld+json\" class=\"yoast-schema-graph\">{\"@context\":\"https:\\\/\\\/schema.org\",\"@graph\":[{\"@type\":\"WebPage\",\"@id\":\"https:\\\/\\\/virtuapartner.com\\\/en\\\/projets-immobiliers\\\/\",\"url\":\"https:\\\/\\\/virtuapartner.com\\\/en\\\/projets-immobiliers\\\/\",\"name\":\"Projets immobiliers - Virtuapartner\",\"isPartOf\":{\"@id\":\"https:\\\/\\\/virtuapartner.com\\\/fr\\\/#website\"},\"primaryImageOfPage\":{\"@id\":\"https:\\\/\\\/virtuapartner.com\\\/en\\\/projets-immobiliers\\\/#primaryimage\"},\"image\":{\"@id\":\"https:\\\/\\\/virtuapartner.com\\\/en\\\/projets-immobiliers\\\/#primaryimage\"},\"thumbnailUrl\":\"https:\\\/\\\/virtuapartner.com\\\/wp-content\\\/uploads\\\/2019\\\/01\\\/vrfrom2dplan.jpg\",\"datePublished\":\"2019-01-16T14:58:15+00:00\",\"dateModified\":\"2019-03-28T16:30:12+00:00\",\"breadcrumb\":{\"@id\":\"https:\\\/\\\/virtuapartner.com\\\/en\\\/projets-immobiliers\\\/#breadcrumb\"},\"inLanguage\":\"fr-FR\",\"potentialAction\":[{\"@type\":\"ReadAction\",\"target\":[\"https:\\\/\\\/virtuapartner.com\\\/en\\\/projets-immobiliers\\\/\"]}]},{\"@type\":\"ImageObject\",\"inLanguage\":\"fr-FR\",\"@id\":\"https:\\\/\\\/virtuapartner.com\\\/en\\\/projets-immobiliers\\\/#primaryimage\",\"url\":\"https:\\\/\\\/virtuapartner.com\\\/wp-content\\\/uploads\\\/2019\\\/01\\\/vrfrom2dplan.jpg\",\"contentUrl\":\"https:\\\/\\\/virtuapartner.com\\\/wp-content\\\/uploads\\\/2019\\\/01\\\/vrfrom2dplan.jpg\",\"width\":2052,\"height\":910},{\"@type\":\"BreadcrumbList\",\"@id\":\"https:\\\/\\\/virtuapartner.com\\\/en\\\/projets-immobiliers\\\/#breadcrumb\",\"itemListElement\":[{\"@type\":\"ListItem\",\"position\":1,\"name\":\"Accueil\",\"item\":\"https:\\\/\\\/virtuapartner.com\\\/\"},{\"@type\":\"ListItem\",\"position\":2,\"name\":\"Real estate projects\"}]},{\"@type\":\"WebSite\",\"@id\":\"https:\\\/\\\/virtuapartner.com\\\/fr\\\/#website\",\"url\":\"https:\\\/\\\/virtuapartner.com\\\/fr\\\/\",\"name\":\"Virtuapartner\",\"description\":\"visite virtuelle - Visites virtuelles 360 interactives\",\"potentialAction\":[{\"@type\":\"SearchAction\",\"target\":{\"@type\":\"EntryPoint\",\"urlTemplate\":\"https:\\\/\\\/virtuapartner.com\\\/fr\\\/?s={search_term_string}\"},\"query-input\":{\"@type\":\"PropertyValueSpecification\",\"valueRequired\":true,\"valueName\":\"search_term_string\"}}],\"inLanguage\":\"fr-FR\"}]}<\/script>\n<!-- \/ Yoast SEO plugin. -->","yoast_head_json":{"title":"Projets immobiliers - Virtuapartner","robots":{"index":"index","follow":"follow","max-snippet":"max-snippet:-1","max-image-preview":"max-image-preview:large","max-video-preview":"max-video-preview:-1"},"canonical":"https:\/\/virtuapartner.com\/en\/projets-immobiliers\/","og_locale":"fr_FR","og_type":"article","og_title":"Projets immobiliers - Virtuapartner","og_description":"[vc_row][vc_column][vc_column_text] La visite virtuelle 3D \u00e0 partir de plans 2D [\/vc_column_text][vc_column_text] Permettez \u00e0 vos clients de vivre ce que vous imaginez [\/vc_column_text][vc_separator style=\u00a0\u00bbshadow\u00a0\u00bb el_width=\u00a0\u00bb70&Prime;][\/vc_column][\/vc_row][vc_row type=\u00a0\u00bbvc_default\u00a0\u00bb full_width=\u00a0\u00bbstretch_row\u00a0\u00bb css=\u00a0\u00bb.vc_custom_1547721062142{margin-bottom: -36px !important;background-image: url(https:\/\/virtuapartner.com\/wp-content\/uploads\/2017\/02\/bckgrd_immo2-1.jpg?id=262) !important;background-position: center !important;background-repeat: no-repeat !important;background-size: cover !important;}\u00a0\u00bb][vc_column][vc_empty_space height=\u00a0\u00bb180px\u00a0\u00bb][vc_column_text] Solutions clef en main d\u00e9velopp\u00e9es sp\u00e9cifiquement pour les promoteurs immobiliers, les r\u00e9novateurs et professionnels du home-staging. [\/vc_column_text][vc_empty_space&hellip;","og_url":"https:\/\/virtuapartner.com\/en\/projets-immobiliers\/","og_site_name":"Virtuapartner","article_modified_time":"2019-03-28T16:30:12+00:00","og_image":[{"width":2052,"height":910,"url":"https:\/\/virtuapartner.com\/wp-content\/uploads\/2019\/01\/vrfrom2dplan.jpg","type":"image\/jpeg"}],"twitter_card":"summary_large_image","twitter_misc":{"Dur\u00e9e de lecture estim\u00e9e":"25 minutes"},"schema":{"@context":"https:\/\/schema.org","@graph":[{"@type":"WebPage","@id":"https:\/\/virtuapartner.com\/en\/projets-immobiliers\/","url":"https:\/\/virtuapartner.com\/en\/projets-immobiliers\/","name":"Projets immobiliers - Virtuapartner","isPartOf":{"@id":"https:\/\/virtuapartner.com\/fr\/#website"},"primaryImageOfPage":{"@id":"https:\/\/virtuapartner.com\/en\/projets-immobiliers\/#primaryimage"},"image":{"@id":"https:\/\/virtuapartner.com\/en\/projets-immobiliers\/#primaryimage"},"thumbnailUrl":"https:\/\/virtuapartner.com\/wp-content\/uploads\/2019\/01\/vrfrom2dplan.jpg","datePublished":"2019-01-16T14:58:15+00:00","dateModified":"2019-03-28T16:30:12+00:00","breadcrumb":{"@id":"https:\/\/virtuapartner.com\/en\/projets-immobiliers\/#breadcrumb"},"inLanguage":"fr-FR","potentialAction":[{"@type":"ReadAction","target":["https:\/\/virtuapartner.com\/en\/projets-immobiliers\/"]}]},{"@type":"ImageObject","inLanguage":"fr-FR","@id":"https:\/\/virtuapartner.com\/en\/projets-immobiliers\/#primaryimage","url":"https:\/\/virtuapartner.com\/wp-content\/uploads\/2019\/01\/vrfrom2dplan.jpg","contentUrl":"https:\/\/virtuapartner.com\/wp-content\/uploads\/2019\/01\/vrfrom2dplan.jpg","width":2052,"height":910},{"@type":"BreadcrumbList","@id":"https:\/\/virtuapartner.com\/en\/projets-immobiliers\/#breadcrumb","itemListElement":[{"@type":"ListItem","position":1,"name":"Accueil","item":"https:\/\/virtuapartner.com\/"},{"@type":"ListItem","position":2,"name":"Real estate projects"}]},{"@type":"WebSite","@id":"https:\/\/virtuapartner.com\/fr\/#website","url":"https:\/\/virtuapartner.com\/fr\/","name":"Virtuapartner","description":"visite virtuelle - Visites virtuelles 360 interactives","potentialAction":[{"@type":"SearchAction","target":{"@type":"EntryPoint","urlTemplate":"https:\/\/virtuapartner.com\/fr\/?s={search_term_string}"},"query-input":{"@type":"PropertyValueSpecification","valueRequired":true,"valueName":"search_term_string"}}],"inLanguage":"fr-FR"}]}},"_links":{"self":[{"href":"https:\/\/virtuapartner.com\/fr\/wp-json\/wp\/v2\/pages\/1190","targetHints":{"allow":["GET"]}}],"collection":[{"href":"https:\/\/virtuapartner.com\/fr\/wp-json\/wp\/v2\/pages"}],"about":[{"href":"https:\/\/virtuapartner.com\/fr\/wp-json\/wp\/v2\/types\/page"}],"author":[{"embeddable":true,"href":"https:\/\/virtuapartner.com\/fr\/wp-json\/wp\/v2\/users\/6"}],"replies":[{"embeddable":true,"href":"https:\/\/virtuapartner.com\/fr\/wp-json\/wp\/v2\/comments?post=1190"}],"version-history":[{"count":38,"href":"https:\/\/virtuapartner.com\/fr\/wp-json\/wp\/v2\/pages\/1190\/revisions"}],"predecessor-version":[{"id":1222,"href":"https:\/\/virtuapartner.com\/fr\/wp-json\/wp\/v2\/pages\/1190\/revisions\/1222"}],"wp:featuredmedia":[{"embeddable":true,"href":"https:\/\/virtuapartner.com\/fr\/wp-json\/wp\/v2\/media\/1159"}],"wp:attachment":[{"href":"https:\/\/virtuapartner.com\/fr\/wp-json\/wp\/v2\/media?parent=1190"}],"curies":[{"name":"wp","href":"https:\/\/api.w.org\/{rel}","templated":true}]}}