{"id":44,"date":"2017-02-24T12:33:00","date_gmt":"2017-02-24T11:33:00","guid":{"rendered":"http:\/\/virtuapartner.com\/?page_id=44"},"modified":"2018-04-24T19:17:10","modified_gmt":"2018-04-24T17:17:10","slug":"tourisme","status":"publish","type":"page","link":"https:\/\/virtuapartner.com\/es\/tourisme\/","title":{"rendered":"Turismo"},"content":{"rendered":"<div class=\"wpb-content-wrapper\"><p>[vc_row][vc_column][vc_column_text]<\/p>\n<h1 style=\"text-align: center;\">Planea tus vacaciones con tranquilidad<\/h1>\n<p>[\/vc_column_text][vc_column_text]<\/p>\n<p style=\"text-align: center;\">\u00bfTienes un hotel, una casa rural o incluso un apartamento tur\u00edstico? Gracias a nuestras visitas virtuales inmersivas, podr\u00e1s dar a conocer tu establecimiento y ganarte la confianza de tus futuros clientes.<\/p>\n<p>[\/vc_column_text][vc_separator style=&#8221;shadow&#8221; el_width=&#8221;70&#8243;][vc_empty_space][\/vc_column][\/vc_row][vc_row type=&#8221;vc_default&#8221; full_width=&#8221;stretch_row&#8221; css=&#8221;.vc_custom_1488554584973{background-image: url(http:\/\/virtuapartner.com\/wp-content\/uploads\/2017\/02\/bckgrd_virtuatourisme2.jpg?id=155) !important;}&#8221;][vc_column width=&#8221;5\/6&#8243;][vc_empty_space height=&#8221;180px&#8221;][vc_column_text]<\/p>\n<h6><span style=\"color: #ffffff;\">\u00ab Gracias a la visita virtual <\/span><span style=\"color: #348abc; font-family: raleway; font-weight: 200; font-size: 34px;\">Virtua<\/span><span style=\"color: #ffffff; font-family: raleway; font-weight: 200; font-size: 34px;\">Partner<\/span><span style=\"color: #ffffff; font-family: raleway; font-weight: 200; font-size: 20px;\"><sup>\u00a9<\/sup><\/span><span style=\"color: #ffffff;\">, pude asegurarme que el alojamiento correspondiera exactamente a mis expectativas. \u00a1Y lo confirm\u00e9 una vez all\u00ed! \u00bb<\/span><\/h6>\n<p>[\/vc_column_text][vc_column_text]<\/p>\n<p style=\"text-align: right;\"><em><span style=\"color: #ffffff;\">Cliente de un hotel que confi\u00f3 en <span style=\"color: #348abc;\">Virtua<\/span>Partner<\/span><\/em><\/p>\n<p>[\/vc_column_text][vc_empty_space height=&#8221;150px&#8221;][\/vc_column][vc_column width=&#8221;1\/6&#8243;][\/vc_column][\/vc_row][vc_row][vc_column][vc_empty_space height=&#8221;52px&#8221;][\/vc_column][\/vc_row][vc_row][vc_column][vc_column_text]<\/p>\n<h2><span style=\"color: #000000;\">El secreto para unas vacaciones fant\u00e1sticas: \u00a1Tomar las decisiones correctas!<\/span><\/h2>\n<p>[\/vc_column_text][\/vc_column][\/vc_row][vc_row type=&#8221;vc_default&#8221; content_placement=&#8221;middle&#8221;][vc_column width=&#8221;1\/3&#8243;][vc_single_image image=&#8221;98&#8243; img_size=&#8221;full&#8221; style=&#8221;vc_box_shadow_circle_2&#8243;][\/vc_column][vc_column width=&#8221;1\/3&#8243;][vc_column_text]<\/p>\n<h5>Para los alojamientos\u00a0:<\/h5>\n<p>[\/vc_column_text]<div class=\"standard-arrow bullet-top\"><ul>\n<li>Presenta tu alojamiento de forma innovadora<\/li>\n<li>Ofrecemos herramientas adicionales de ventas para profesionales del turismo (plataformas de reservas, portales, agencias, etc.).<\/li>\n<li>Atrae a futuros clientes<\/li>\n<\/ul>\n<\/div>[\/vc_column][vc_column width=&#8221;1\/3&#8243;][vc_column_text]Para los hu\u00e9spedes :<\/p>\n<p>[\/vc_column_text]<div class=\"standard-arrow bullet-top\"><ul>\n<li>Tranquilidad y confianza al momento de la reserva<\/li>\n<li>Reproducci\u00f3n conforme a la realidad<\/li>\n<li>Satisfacer las expectativas de los clientes<\/li>\n<li>No hay malas sorpresas<\/li>\n<\/ul>\n<\/div>[\/vc_column][\/vc_row][vc_row][vc_column][vc_empty_space height=&#8221;52px&#8221;][\/vc_column][\/vc_row][vc_row type=&#8221;vc_default&#8221; full_width=&#8221;stretch_row&#8221; content_placement=&#8221;middle&#8221; css=&#8221;.vc_custom_1488369736495{background-image: url(http:\/\/virtuapartner.com\/wp-content\/uploads\/2017\/02\/bckgrd_tourisme.jpg?id=102) !important;}&#8221;][vc_column width=&#8221;1\/2&#8243;][vc_column_text]<\/p>\n<h2 style=\"text-align: center;\"><span style=\"color: #ffffff;\">La realidad virtual <span style=\"color: #348abc;\">Virtua<\/span>Partner<span style=\"color: #ffffff; font-family: raleway; font-weight: 200; font-size: 20px;\"><sup>\u00a9<\/sup><\/span>, \u00a1Una garant\u00eda de compromiso!<\/span><\/h2>\n<p>[\/vc_column_text][vc_column_text]<span style=\"color: #ffffff;\">Con <span style=\"color: #348abc;\">Virtua<\/span>Partner<span style=\"color: #ffffff; font-family: raleway; font-weight: 200; font-size: 20px;\"><sup>\u00a9<\/sup><\/span>, tus clientes podr\u00e1n caminar por el establecimiento con total libertad cuando quieran, desde su ordenador, tablet, smartphone o con gafas 3D. Es un compromiso de confianza que creas con tus futuros clientes, que estar\u00e1n encantados de mostrar estas visitas virtuales al regresar de sus vacaciones.<\/span>[\/vc_column_text][vc_single_image image=&#8221;163&#8243; img_size=&#8221;medium&#8221; alignment=&#8221;center&#8221;][\/vc_column][vc_column width=&#8221;1\/2&#8243;][vc_column_text]<\/p>\n<p style=\"text-align: center;\"><iframe src=\"https:\/\/my.matterport.com\/show\/?m=opTVcTSrm3x&amp;play=1\" width=\"450\" height=\"450\" frameborder=\"0\" allowfullscreen=\"allowfullscreen\"><\/iframe><\/p>\n<p>[\/vc_column_text][\/vc_column][\/vc_row][vc_row type=&#8221;vc_default&#8221; full_width=&#8221;stretch_row&#8221; css=&#8221;.vc_custom_1489100439331{background-image: url(http:\/\/virtuapartner.com\/wp-content\/uploads\/2017\/02\/vr_wow.jpg?id=105) !important;background-position: center !important;background-repeat: no-repeat !important;background-size: cover !important;}&#8221;][vc_column width=&#8221;1\/4&#8243;][\/vc_column][vc_column width=&#8221;3\/4&#8243;][vc_empty_space][vc_column_text css=&#8221;.vc_custom_1521482232266{padding-top: 10px !important;padding-right: 10px !important;padding-bottom: 10px !important;padding-left: 10px !important;background-color: rgba(255,255,255,0.3) !important;*background-color: rgb(255,255,255) !important;}&#8221;]<\/p>\n<h2 style=\"text-align: center;\">\u00a1Se pionero, escoge <span style=\"color: #348abc;\">Virtua<\/span>partner<span style=\"font-size: 26px;\"><sup>\u00a9<\/sup><\/span> !<\/h2>\n<p>[\/vc_column_text][vc_column_text css=&#8221;.vc_custom_1521482287114{padding-top: 10px !important;padding-right: 10px !important;padding-bottom: 10px !important;padding-left: 10px !important;background-color: rgba(255,255,255,0.3) !important;*background-color: rgb(255,255,255) !important;}&#8221;]<\/p>\n<p style=\"text-align: center;\"><span style=\"color: #000000;\">Dest\u00e1cate de sus competidores ofreciendo a los usuarios soluciones con visitas virtuales <span style=\"color: #348abc;\">Virtua<\/span>Partner<sup>\u00a9<\/sup>. Integramos las visitas en tus social media (redes sociales, web, aplicaci\u00f3n para m\u00f3viles, etc.), para llegar al mayor n\u00famero de personas posible.<\/span><\/p>\n<p>[\/vc_column_text][vc_empty_space height=&#8221;80px&#8221;]<div class=\"text-centered\"><a href=\"http:\/\/virtuapartner.com\/index.php\/contact\/\" class=\"btn-shortcode dt-btn-l dt-btn default-btn-color default-btn-hover-color default-btn-bg-color default-btn-bg-hover-color\" id=\"dt-btn-3\"><span>Cont\u00e1ctenos<\/span><\/a><\/div>[vc_empty_space height=&#8221;80px&#8221;][\/vc_column][\/vc_row][vc_row][vc_column width=&#8221;1\/2&#8243;][vc_progress_bar values=&#8221;%5B%7B%22label%22%3A%22Reservar%20online%22%2C%22value%22%3A%2279%22%2C%22color%22%3A%22mulled-wine%22%7D%2C%7B%22label%22%3A%22Reserva%20online%20a%20trav%C3%A9s%20de%20smartphone%20y%20tabletas%22%2C%22value%22%3A%2235%22%2C%22color%22%3A%22bar_orange%22%7D%2C%7B%22label%22%3A%22Importancia%20de%20las%20im%C3%A1genes%22%2C%22value%22%3A%2295%22%2C%22color%22%3A%22bar_red%22%7D%2C%7B%22label%22%3A%22importancia%20de%20la%20visita%20virtual%22%2C%22value%22%3A%2285%22%2C%22color%22%3A%22bar_green%22%7D%5D&#8221; bgcolor=&#8221;custom&#8221; title=&#8221;Algunas datos*&#8221;][vc_column_text]<span style=\"font-size: xx-small;\">* El desarrollo del turismo online (mercado de consumo y quejas de los consumidores)<\/span>[\/vc_column_text][\/vc_column][vc_column width=&#8221;1\/2&#8243;][vc_column_text]<\/p>\n<h4>Las nuevas tecnolog\u00edas<\/h4>\n<p>[\/vc_column_text][vc_column_text]La importancia de las nuevas tecnolog\u00edas en el entorno tur\u00edstico ya est\u00e1 demostrada. Las reservas online son la nueva tendencia, y con la oportunidad de visitar el alojamiento a distancia, aumentar\u00e1s la tasa de conversi\u00f3n.[\/vc_column_text][vc_column_text]<\/p>\n<h1 style=\"text-align: center;\">La RV, la clave del \u00e9xito<\/h1>\n<p>[\/vc_column_text][\/vc_column][\/vc_row][vc_row type=&#8221;vc_default&#8221; full_width=&#8221;stretch_row_content&#8221; content_placement=&#8221;middle&#8221; video_bg=&#8221;yes&#8221; video_bg_url=&#8221;https:\/\/www.youtube.com\/watch?v=lvfH96UbSZw&#8221; css=&#8221;.vc_custom_1489099858743{background-image: url(http:\/\/virtuapartner.com\/wp-content\/uploads\/2017\/02\/encart1-vid.jpg?id=288) !important;background-position: center !important;background-repeat: no-repeat !important;background-size: cover !important;}&#8221;][vc_column css=&#8221;.vc_custom_1489077121988{background-color: rgba(0,0,0,0.65) !important;*background-color: rgb(0,0,0) !important;}&#8221;][vc_empty_space height=&#8221;160px&#8221;][vc_column_text]<\/p>\n<h2 style=\"text-align: center;\"><span style=\"color: #ffffff;\"><span style=\"color: #348abc;\">Virtua<\/span>Partner<sup>\u00a9<\/sup>no es s\u00f3lo una visita virtual,<\/span><\/h2>\n<h2 style=\"text-align: center;\"><span style=\"color: #ffffff;\">\u00a1Tambi\u00e9n realizamos videos profesionales de gran calidad!<\/span><\/h2>\n<p>[\/vc_column_text][vc_column_text]<\/p>\n<p style=\"text-align: center;\"><span style=\"color: #ffffff;\">No dudes en utilizar todas las herramientas posibles para seducir a tus clientes. Adem\u00e1s de las visitas virtuales sin igual hasta hoy, <span style=\"color: #348abc;\">Virtua<\/span>Partner<sup>\u00a9<\/sup> ofrece <\/span><\/p>\n<p style=\"text-align: center;\"><span style=\"color: #ffffff;\">videos de presentaci\u00f3n de tus alojamientos que seducir\u00e1n a tus clientes.<\/span><\/p>\n<p>[\/vc_column_text]<div class=\"text-centered\"><a href=\"http:\/\/virtuapartner.com\/index.php\/contact\/\" class=\"btn-shortcode dt-btn-l dt-btn default-btn-color default-btn-hover-color default-btn-bg-color default-btn-bg-hover-color\" id=\"dt-btn-4\"><span>Cont\u00e1ctanos<\/span><\/a><\/div>[vc_empty_space height=&#8221;110px&#8221;][\/vc_column][\/vc_row][vc_row type=&#8221;vc_default&#8221; full_width=&#8221;stretch_row&#8221; content_placement=&#8221;middle&#8221; css=&#8221;.vc_custom_1489448727007{background-color: #000000 !important;}&#8221;][vc_column width=&#8221;1\/3&#8243;][vc_column_text]<span style=\"text-align: center;\"><iframe src=\"https:\/\/www.youtube.com\/embed\/bM-fd1MxyeQ?rel=0&amp;controls=0&amp;showinfo=0&amp;autoplay=1&amp;loop=1&amp;playlist=bM-fd1MxyeQ\" width=\"560\" height=\"355\" frameborder=\"0\" allowfullscreen=\"allowfullscreen\"><\/iframe><\/span>[\/vc_column_text][\/vc_column][vc_column width=&#8221;2\/3&#8243;][vc_column_text]<\/p>\n<h1 style=\"text-align: left;\"><span style=\"color: #ffffff;\">Incre\u00edblemente f\u00e1cil<\/span><\/h1>\n<p>[\/vc_column_text][vc_column_text]<span style=\"color: #ffffff;\">Con las yemas de los dedos, navega libremente en estos espacios reconstruidos en tres dimensiones. Muy intuitivo, nuestra soluci\u00f3n seducir\u00e1 a tus clientes en unos pocos clics.<\/span>[\/vc_column_text][\/vc_column][\/vc_row][vc_row type=&#8221;vc_default&#8221; full_width=&#8221;stretch_row&#8221; css=&#8221;.vc_custom_1488838691241{background-color: #000000 !important;}&#8221;][vc_column][vc_single_image image=&#8221;228&#8243; img_size=&#8221;full&#8221; alignment=&#8221;center&#8221;][\/vc_column][\/vc_row]<\/p>\n<\/div>","protected":false},"excerpt":{"rendered":"<p>[vc_row][vc_column][vc_column_text] Planea tus vacaciones con tranquilidad [\/vc_column_text][vc_column_text] \u00bfTienes un hotel, una casa rural o incluso un apartamento tur\u00edstico? Gracias a nuestras visitas virtuales inmersivas, podr\u00e1s dar a conocer tu establecimiento y ganarte la confianza de tus futuros clientes. [\/vc_column_text][vc_separator style=&#8221;shadow&#8221; el_width=&#8221;70&#8243;][vc_empty_space][\/vc_column][\/vc_row][vc_row type=&#8221;vc_default&#8221; full_width=&#8221;stretch_row&#8221; css=&#8221;.vc_custom_1488554584973{background-image: url(http:\/\/virtuapartner.com\/wp-content\/uploads\/2017\/02\/bckgrd_virtuatourisme2.jpg?id=155) !important;}&#8221;][vc_column width=&#8221;5\/6&#8243;][vc_empty_space height=&#8221;180px&#8221;][vc_column_text] \u00ab Gracias a la visita virtual VirtuaPartner\u00a9,&hellip;<\/p>\n","protected":false},"author":1,"featured_media":0,"parent":0,"menu_order":0,"comment_status":"closed","ping_status":"open","template":"","meta":{"_exactmetrics_skip_tracking":false,"_exactmetrics_sitenote_active":false,"_exactmetrics_sitenote_note":"","_exactmetrics_sitenote_category":0,"footnotes":""},"class_list":["post-44","page","type-page","status-publish","hentry","description-off"],"yoast_head":"<!-- This site is optimized with the Yoast SEO plugin v27.5 - https:\/\/yoast.com\/product\/yoast-seo-wordpress\/ -->\n<title>Turismo - Virtuapartner<\/title>\n<meta name=\"robots\" content=\"index, follow, max-snippet:-1, max-image-preview:large, max-video-preview:-1\" \/>\n<link rel=\"canonical\" href=\"https:\/\/virtuapartner.com\/fr\/tourisme\/\" \/>\n<meta property=\"og:locale\" content=\"es_ES\" \/>\n<meta property=\"og:type\" content=\"article\" \/>\n<meta property=\"og:title\" content=\"Turismo - Virtuapartner\" \/>\n<meta property=\"og:description\" content=\"[vc_row][vc_column][vc_column_text] Planea tus vacaciones con tranquilidad [\/vc_column_text][vc_column_text] \u00bfTienes un hotel, una casa rural o incluso un apartamento tur\u00edstico? Gracias a nuestras visitas virtuales inmersivas, podr\u00e1s dar a conocer tu establecimiento y ganarte la confianza de tus futuros clientes. [\/vc_column_text][vc_separator style=&#8221;shadow&#8221; el_width=&#8221;70&#8243;][vc_empty_space][\/vc_column][\/vc_row][vc_row type=&#8221;vc_default&#8221; full_width=&#8221;stretch_row&#8221; css=&#8221;.vc_custom_1488554584973{background-image: url(http:\/\/virtuapartner.com\/wp-content\/uploads\/2017\/02\/bckgrd_virtuatourisme2.jpg?id=155) !important;}&#8221;][vc_column width=&#8221;5\/6&#8243;][vc_empty_space height=&#8221;180px&#8221;][vc_column_text] \u00ab Gracias a la visita virtual VirtuaPartner\u00a9,&hellip;\" \/>\n<meta property=\"og:url\" content=\"https:\/\/virtuapartner.com\/fr\/tourisme\/\" \/>\n<meta property=\"og:site_name\" content=\"Virtuapartner\" \/>\n<meta property=\"article:modified_time\" content=\"2018-04-24T17:17:10+00:00\" \/>\n<meta name=\"twitter:card\" content=\"summary_large_image\" \/>\n<meta name=\"twitter:label1\" content=\"Tiempo de lectura\" \/>\n\t<meta name=\"twitter:data1\" content=\"22 minutes\" \/>\n<script type=\"application\/ld+json\" class=\"yoast-schema-graph\">{\"@context\":\"https:\\\/\\\/schema.org\",\"@graph\":[{\"@type\":\"WebPage\",\"@id\":\"https:\\\/\\\/virtuapartner.com\\\/fr\\\/tourisme\\\/\",\"url\":\"https:\\\/\\\/virtuapartner.com\\\/fr\\\/tourisme\\\/\",\"name\":\"Turismo - Virtuapartner\",\"isPartOf\":{\"@id\":\"https:\\\/\\\/virtuapartner.com\\\/fr\\\/#website\"},\"datePublished\":\"2017-02-24T11:33:00+00:00\",\"dateModified\":\"2018-04-24T17:17:10+00:00\",\"breadcrumb\":{\"@id\":\"https:\\\/\\\/virtuapartner.com\\\/fr\\\/tourisme\\\/#breadcrumb\"},\"inLanguage\":\"es-ES\",\"potentialAction\":[{\"@type\":\"ReadAction\",\"target\":[\"https:\\\/\\\/virtuapartner.com\\\/fr\\\/tourisme\\\/\"]}]},{\"@type\":\"BreadcrumbList\",\"@id\":\"https:\\\/\\\/virtuapartner.com\\\/fr\\\/tourisme\\\/#breadcrumb\",\"itemListElement\":[{\"@type\":\"ListItem\",\"position\":1,\"name\":\"Accueil\",\"item\":\"https:\\\/\\\/virtuapartner.com\\\/\"},{\"@type\":\"ListItem\",\"position\":2,\"name\":\"Tourisme\"}]},{\"@type\":\"WebSite\",\"@id\":\"https:\\\/\\\/virtuapartner.com\\\/fr\\\/#website\",\"url\":\"https:\\\/\\\/virtuapartner.com\\\/fr\\\/\",\"name\":\"Virtuapartner\",\"description\":\"Experiencia de inmersi\u00f3n\",\"potentialAction\":[{\"@type\":\"SearchAction\",\"target\":{\"@type\":\"EntryPoint\",\"urlTemplate\":\"https:\\\/\\\/virtuapartner.com\\\/fr\\\/?s={search_term_string}\"},\"query-input\":{\"@type\":\"PropertyValueSpecification\",\"valueRequired\":true,\"valueName\":\"search_term_string\"}}],\"inLanguage\":\"es-ES\"}]}<\/script>\n<!-- \/ Yoast SEO plugin. -->","yoast_head_json":{"title":"Turismo - Virtuapartner","robots":{"index":"index","follow":"follow","max-snippet":"max-snippet:-1","max-image-preview":"max-image-preview:large","max-video-preview":"max-video-preview:-1"},"canonical":"https:\/\/virtuapartner.com\/fr\/tourisme\/","og_locale":"es_ES","og_type":"article","og_title":"Turismo - Virtuapartner","og_description":"[vc_row][vc_column][vc_column_text] Planea tus vacaciones con tranquilidad [\/vc_column_text][vc_column_text] \u00bfTienes un hotel, una casa rural o incluso un apartamento tur\u00edstico? Gracias a nuestras visitas virtuales inmersivas, podr\u00e1s dar a conocer tu establecimiento y ganarte la confianza de tus futuros clientes. [\/vc_column_text][vc_separator style=&#8221;shadow&#8221; el_width=&#8221;70&#8243;][vc_empty_space][\/vc_column][\/vc_row][vc_row type=&#8221;vc_default&#8221; full_width=&#8221;stretch_row&#8221; css=&#8221;.vc_custom_1488554584973{background-image: url(http:\/\/virtuapartner.com\/wp-content\/uploads\/2017\/02\/bckgrd_virtuatourisme2.jpg?id=155) !important;}&#8221;][vc_column width=&#8221;5\/6&#8243;][vc_empty_space height=&#8221;180px&#8221;][vc_column_text] \u00ab Gracias a la visita virtual VirtuaPartner\u00a9,&hellip;","og_url":"https:\/\/virtuapartner.com\/fr\/tourisme\/","og_site_name":"Virtuapartner","article_modified_time":"2018-04-24T17:17:10+00:00","twitter_card":"summary_large_image","twitter_misc":{"Tiempo de lectura":"22 minutes"},"schema":{"@context":"https:\/\/schema.org","@graph":[{"@type":"WebPage","@id":"https:\/\/virtuapartner.com\/fr\/tourisme\/","url":"https:\/\/virtuapartner.com\/fr\/tourisme\/","name":"Turismo - Virtuapartner","isPartOf":{"@id":"https:\/\/virtuapartner.com\/fr\/#website"},"datePublished":"2017-02-24T11:33:00+00:00","dateModified":"2018-04-24T17:17:10+00:00","breadcrumb":{"@id":"https:\/\/virtuapartner.com\/fr\/tourisme\/#breadcrumb"},"inLanguage":"es-ES","potentialAction":[{"@type":"ReadAction","target":["https:\/\/virtuapartner.com\/fr\/tourisme\/"]}]},{"@type":"BreadcrumbList","@id":"https:\/\/virtuapartner.com\/fr\/tourisme\/#breadcrumb","itemListElement":[{"@type":"ListItem","position":1,"name":"Accueil","item":"https:\/\/virtuapartner.com\/"},{"@type":"ListItem","position":2,"name":"Tourisme"}]},{"@type":"WebSite","@id":"https:\/\/virtuapartner.com\/fr\/#website","url":"https:\/\/virtuapartner.com\/fr\/","name":"Virtuapartner","description":"Experiencia de inmersi\u00f3n","potentialAction":[{"@type":"SearchAction","target":{"@type":"EntryPoint","urlTemplate":"https:\/\/virtuapartner.com\/fr\/?s={search_term_string}"},"query-input":{"@type":"PropertyValueSpecification","valueRequired":true,"valueName":"search_term_string"}}],"inLanguage":"es-ES"}]}},"_links":{"self":[{"href":"https:\/\/virtuapartner.com\/es\/wp-json\/wp\/v2\/pages\/44","targetHints":{"allow":["GET"]}}],"collection":[{"href":"https:\/\/virtuapartner.com\/es\/wp-json\/wp\/v2\/pages"}],"about":[{"href":"https:\/\/virtuapartner.com\/es\/wp-json\/wp\/v2\/types\/page"}],"author":[{"embeddable":true,"href":"https:\/\/virtuapartner.com\/es\/wp-json\/wp\/v2\/users\/1"}],"replies":[{"embeddable":true,"href":"https:\/\/virtuapartner.com\/es\/wp-json\/wp\/v2\/comments?post=44"}],"version-history":[{"count":67,"href":"https:\/\/virtuapartner.com\/es\/wp-json\/wp\/v2\/pages\/44\/revisions"}],"predecessor-version":[{"id":794,"href":"https:\/\/virtuapartner.com\/es\/wp-json\/wp\/v2\/pages\/44\/revisions\/794"}],"wp:attachment":[{"href":"https:\/\/virtuapartner.com\/es\/wp-json\/wp\/v2\/media?parent=44"}],"curies":[{"name":"wp","href":"https:\/\/api.w.org\/{rel}","templated":true}]}}