{"id":39,"date":"2017-02-24T12:32:19","date_gmt":"2017-02-24T11:32:19","guid":{"rendered":"http:\/\/virtuapartner.com\/?page_id=39"},"modified":"2018-04-24T19:14:34","modified_gmt":"2018-04-24T17:14:34","slug":"immobilier","status":"publish","type":"page","link":"https:\/\/virtuapartner.com\/es\/immobilier\/","title":{"rendered":"Immobiliario"},"content":{"rendered":"<div class=\"wpb-content-wrapper\"><p>[vc_row][vc_column][vc_column_text]<\/p>\n<h1 style=\"text-align: center;\">El tour virtual, la revoluci\u00f3n inmobiliaria<\/h1>\n<p>[\/vc_column_text][vc_column_text]<\/p>\n<p style=\"text-align: center;\">Inmersivo, econ\u00f3mico e interactivo, optimiza tu tiempo y vende mejor<\/p>\n<p>[\/vc_column_text][vc_separator style=&#8221;shadow&#8221; el_width=&#8221;70&#8243;][\/vc_column][\/vc_row][vc_row type=&#8221;vc_default&#8221; full_width=&#8221;stretch_row&#8221; css=&#8221;.vc_custom_1489010792192{background-image: url(http:\/\/virtuapartner.com\/wp-content\/uploads\/2017\/02\/chambre-wireframe_recadre-plusclair.jpg?id=249) !important;background-position: center !important;background-repeat: no-repeat !important;background-size: cover !important;}&#8221;][vc_column][vc_empty_space height=&#8221;300px&#8221;][vc_column_text]<\/p>\n<h1 style=\"text-align: center;\"><span style=\"color: #ffffff; weight: 200;\">Descubre nuestras soluciones clave desarrolladas espec\u00edficamente para agencias inmobiliarias y agentes inmobiliarios<\/span><\/h1>\n<p>[\/vc_column_text][vc_empty_space height=&#8221;180px&#8221;][\/vc_column][\/vc_row][vc_row type=&#8221;vc_default&#8221; full_width=&#8221;stretch_row&#8221; content_placement=&#8221;middle&#8221; css=&#8221;.vc_custom_1488796623954{background-color: #000000 !important;}&#8221;][vc_column width=&#8221;1\/2&#8243;][vc_column_text]<span style=\"text-align: center;\"><iframe src=\"https:\/\/www.youtube.com\/embed\/rlf6LeVc7Sk?rel=0&amp;controls=0&amp;showinfo=0&amp;autoplay=1&amp;loop=1&amp;playlist=rlf6LeVc7Sk\" width=\"560\" height=\"315\" frameborder=\"0\" allowfullscreen=\"allowfullscreen\"><\/iframe><\/span>[\/vc_column_text][\/vc_column][vc_column width=&#8221;1\/2&#8243;][vc_single_image image=&#8221;58&#8243; alignment=&#8221;center&#8221;][vc_empty_space][vc_column_text css=&#8221;.vc_custom_1521480934658{padding-top: 10px !important;padding-right: 10px !important;padding-bottom: 10px !important;padding-left: 10px !important;background-color: rgba(0,0,0,0.53) !important;*background-color: rgb(0,0,0) !important;}&#8221;]<\/p>\n<p style=\"text-align: center;\"><span style=\"color: #ffffff;\">Equipado con unas gafas de realidad virtual, visita con una inmersi\u00f3n total, tus inmuebles. Mu\u00e9vete de habitaci\u00f3n en habitaci\u00f3n, observa todos los detalles y realiza una visita completa a distancia.<\/span><\/p>\n<p>[\/vc_column_text][vc_single_image image=&#8221;228&#8243; img_size=&#8221;medium&#8221; alignment=&#8221;center&#8221;][\/vc_column][\/vc_row][vc_row type=&#8221;vc_default&#8221; full_width=&#8221;stretch_row&#8221; css=&#8221;.vc_custom_1488839970795{background-image: url(http:\/\/virtuapartner.com\/wp-content\/uploads\/2017\/02\/bckgrd_vrspace2.jpg?id=135) !important;background-position: center !important;background-repeat: no-repeat !important;background-size: cover !important;}&#8221;][vc_column][vc_column_text]<\/p>\n<h1><span style=\"color: #ffffff;\">La visita virtual <\/span><span style=\"color: #348abc; font-family: raleway; font-weight: 200;\">Virtua<\/span><span style=\"color: #ffffff; font-family: raleway; font-weight: 200;\">Partner<\/span><span style=\"color: #ffffff; font-family: raleway; font-weight: 200; font-size: 20px;\"><sup>\u00a9<\/sup><\/span><\/h1>\n<p>[\/vc_column_text][vc_column_text]<span style=\"color: #ffffff;\">Visita esta lujosa villa en Marrakech. Simplemente clica en la imagen 3D para entrar y a continuaci\u00f3n mu\u00e9vete a trav\u00e9s de los c\u00edrculos blancos. \u00a1Disfruta la visita!<br \/>\n<\/span>[\/vc_column_text][vc_column_text]<\/p>\n<p style=\"text-align: center;\"><iframe src=\"https:\/\/my.matterport.com\/show\/?m=R1BotdqoEdh&amp;play=1\" width=\"100%\" height=\"450\" frameborder=\"0\" allowfullscreen=\"allowfullscreen\"><\/iframe><\/p>\n<p>[\/vc_column_text][\/vc_column][\/vc_row][vc_row type=&#8221;vc_default&#8221; content_placement=&#8221;middle&#8221;][vc_column width=&#8221;2\/3&#8243;][vc_column_text]<\/p>\n<h1>Tu propiedad en 3D<\/h1>\n<p>[\/vc_column_text][vc_column_text]Gracias a la tecnolog\u00eda \u00fanica, tu propiedad se escanea completamente en 3D. Este esc\u00e1ner 3D permite reproducir fielmente todo el inmueble, generar un plano 2D y tener un modelado 3D.[\/vc_column_text][\/vc_column][vc_column width=&#8221;1\/3&#8243;][vc_single_image image=&#8221;187&#8243; img_size=&#8221;full&#8221; alignment=&#8221;center&#8221; style=&#8221;vc_box_rounded&#8221;][\/vc_column][\/vc_row][vc_row][vc_column][vc_column_text]<\/p>\n<p>[\/vc_column_text][\/vc_column][\/vc_row][vc_row type=&#8221;vc_default&#8221; full_width=&#8221;stretch_row&#8221; content_placement=&#8221;middle&#8221; css=&#8221;.vc_custom_1488833708541{background-image: url(http:\/\/virtuapartner.com\/wp-content\/uploads\/2017\/02\/fondiamantbleu.jpg?id=190) !important;background-position: center !important;background-repeat: no-repeat !important;background-size: cover !important;}&#8221;][vc_column width=&#8221;1\/3&#8243;][vc_single_image image=&#8221;130&#8243; img_size=&#8221;full&#8221; alignment=&#8221;center&#8221; style=&#8221;vc_box_rounded&#8221;][\/vc_column][vc_column width=&#8221;2\/3&#8243;][vc_column_text]<\/p>\n<h1><span style=\"color: #ffffff;\">Ahorra tiempo en visitas e despl\u00e1zate solamente para visitas potenciales<\/span><\/h1>\n<p>[\/vc_column_text][vc_column_text]<span style=\"color: #ffffff;\">Econ\u00f3mico, ecol\u00f3gico y interactivo, optimiza tu tiempo y vende mejor<\/span>[\/vc_column_text][\/vc_column][\/vc_row][vc_row][vc_column][vc_column_text]<\/p>\n<h1>Las\u00a0vantajas :<\/h1>\n<p>[\/vc_column_text][vc_column_text]<\/p>\n<h5>Para la agencia :<\/h5>\n<p>[\/vc_column_text][\/vc_column][\/vc_row][vc_row][vc_column width=&#8221;1\/2&#8243;]<div class=\"standard-arrow list-divider bullet-top\"><ul>\n<li>Transici\u00f3n digital: lleva tu agencia a la era de la realidad virtual<\/li>\n<li>Imagen innovadora de tu empresa<\/li>\n<li>Ahorra tiempo en visitas. Reduce el n\u00famero de visitas reales innecesarias para aquellos pisos que se eliminar\u00e1n de un vistazo y recibe solamente a compradores potenciales<\/li>\n<li>Venta de 7 a 8% m\u00e1s caro. La imagen virtual de la vivienda permanece en la memoria de forma m\u00e1s clara. La negociaci\u00f3n es menos fuerte que durante una visita cl\u00e1sica, ya que, el cliente, ha integrado mejor el precio del inmueble<\/li>\n<li>Desarrollo sostenible, optimiza el impacto medioambiental de tu negocio limitando los viajes y las emisiones de gases de efecto invernadero<\/li>\n<li>Instantaneidad, la comunicaci\u00f3n se realiza en tiempo real, tan pronto como se escanea un inmueble, se puede visitar inmediatamente<\/li>\n<\/ul>\n<\/div>[vc_empty_space height=&#8221;52px&#8221;][\/vc_column][vc_column width=&#8221;1\/2&#8243;]<div class=\"standard-arrow list-divider bullet-top\"><ul>\n<li>Movilidad, nuestra soluci\u00f3n es 100% m\u00f3vil, sin necesidad de llevar el ordenador, puedes visitar a tu cliente para presentarle tus inmuebles.<\/li>\n<li>Mostrar\u00e1s m\u00e1s propiedades incluyendo aquellos que el comprador no hubiera tenido tiempo de visitar<\/li>\n<li>Fideliza a tus clientes, con el equipo de gafas 3D que ofrecen una ventaja decisiva respecto a la competencia<\/li>\n<li>Incrementa las ventas, tus clientes pueden descubrir tu oferta desde cualquier parte del mundo<\/li>\n<li>Obt\u00e9n m\u00e1s exclusivas ofreciendo una visita virtual y capta nuevos clientes<\/li>\n<\/ul>\n<\/div>[vc_empty_space height=&#8221;52px&#8221;][\/vc_column][\/vc_row][vc_row][vc_column width=&#8221;1\/2&#8243;][vc_column_text]<\/p>\n<h5>Para el vendedor :<\/h5>\n<p>[\/vc_column_text]<div class=\"standard-arrow list-divider bullet-top\"><ul>\n<li>Ahorra visitas innecesarias y optimiza tiempo. Realiza visitas virtuales para ayudar a definir las necesidades de tus clientes y preseleccionar opciones m\u00e1s acordes a sus necesidades<\/li>\n<li>Vende mejor y m\u00e1s r\u00e1pido, multiplicando visitas<\/li>\n<li>Aumenta el atractivo de la vivienda present\u00e1ndola de manera innovadora<\/li>\n<li>Ya no dependes de la meteorolog\u00eda, que puede disminuir el atractivo de la propiedad<\/li>\n<\/ul>\n<\/div>[\/vc_column][vc_column width=&#8221;1\/2&#8243;][vc_column_text]<\/p>\n<h5>Para el comprador :<\/h5>\n<p>[\/vc_column_text]<div class=\"standard-arrow list-divider bullet-top\"><ul>\n<li>En lugar de pasar horas haciendo docenas de visitas, una cita es suficiente para hacer una selecci\u00f3n m\u00e1s acertada<\/li>\n<li>No hay la necesidad de desplazarse, se pueden visitar los inmuebles a miles de kil\u00f3metros<\/li>\n<li>Optimizaci\u00f3n de las visitas, el comprador s\u00f3lo se mover\u00e1 para los inmuebles que realmente satisfacen sus expectativas<\/li>\n<li>Comodidad, las visitas virtuales se llevan a cabo c\u00f3modamente en la agencia o en cualquier lugar, permitiendo adem\u00e1s m\u00e1s intercambios con el agente para entender mejor las expectativas de los clientes<\/li>\n<li>Visita 24\/7, sin restricciones de tiempo.<\/li>\n<li>Revisita las propiedades tantas veces como desees.<\/li>\n<\/ul>\n<\/div>[\/vc_column][\/vc_row][vc_row type=&#8221;vc_default&#8221; full_width=&#8221;stretch_row&#8221; content_placement=&#8221;middle&#8221; css=&#8221;.vc_custom_1489014145308{background-image: url(http:\/\/virtuapartner.com\/wp-content\/uploads\/2017\/02\/googlecard-logovp_ld.jpg?id=266) !important;background-position: center !important;background-repeat: no-repeat !important;background-size: cover !important;}&#8221;][vc_column width=&#8221;1\/4&#8243;][\/vc_column][vc_column width=&#8221;3\/4&#8243;][vc_empty_space height=&#8221;70px&#8221;][vc_column_text css=&#8221;.vc_custom_1521481663480{padding-top: 10px !important;padding-right: 10px !important;padding-bottom: 10px !important;padding-left: 10px !important;background-color: rgba(255,255,255,0.29) !important;*background-color: rgb(255,255,255) !important;}&#8221;]<\/p>\n<h2 style=\"text-align: center;\">Fideliza a tus clientes permiti\u00e9ndoles visitar en cualquier momento, desde un ordenador o un Smartphone, su piso ideal<\/h2>\n<p>[\/vc_column_text][vc_column_text css=&#8221;.vc_custom_1521481770000{padding-top: 10px !important;padding-right: 10px !important;padding-bottom: 10px !important;padding-left: 10px !important;background-color: rgba(255,255,255,0.29) !important;*background-color: rgb(255,255,255) !important;}&#8221;]<\/p>\n<p style=\"text-align: center;\"><span style=\"color: #000000;\">Una cardboard son unas gafas de realidad virtual que funcionan con cualquier smartphone.<\/span><\/p>\n<p style=\"text-align: center;\"><span style=\"color: #000000;\">Innovador, inmersivo, original, barato. Ofrece a tus clientes una carboard con tus colores corporativos y la oportunidad de visitar la propiedad de acuerdo con su disponibilidad de tiempo<\/span><\/p>\n<p>[\/vc_column_text][vc_empty_space height=&#8221;70px&#8221;][\/vc_column][\/vc_row][vc_row type=&#8221;vc_default&#8221; full_width=&#8221;stretch_row&#8221; content_placement=&#8221;middle&#8221; css=&#8221;.vc_custom_1489448727007{background-color: #000000 !important;}&#8221;][vc_column width=&#8221;1\/3&#8243;][vc_column_text]<span style=\"text-align: center;\"><iframe src=\"https:\/\/www.youtube.com\/embed\/bM-fd1MxyeQ?rel=0&amp;controls=0&amp;showinfo=0&amp;autoplay=1&amp;loop=1&amp;playlist=bM-fd1MxyeQ\" width=\"560\" height=\"355\" frameborder=\"0\" allowfullscreen=\"allowfullscreen\"><\/iframe><\/span>[\/vc_column_text][\/vc_column][vc_column width=&#8221;2\/3&#8243;][vc_column_text]<\/p>\n<h1 style=\"text-align: left;\"><span style=\"color: #ffffff;\">Incre\u00edblemente f\u00e1cil<\/span><\/h1>\n<p>[\/vc_column_text][vc_column_text]<span style=\"color: #ffffff;\">Con las yemas de los dedos, navega libremente en estos espacios reconstruidos en tres dimensiones. Muy intuitivo, nuestra soluci\u00f3n seducir\u00e1 a tus clientes en unos pocos clics.<\/span>[\/vc_column_text][\/vc_column][\/vc_row][vc_row type=&#8221;vc_default&#8221; full_width=&#8221;stretch_row&#8221; css=&#8221;.vc_custom_1488838691241{background-color: #000000 !important;}&#8221;][vc_column][vc_single_image image=&#8221;228&#8243; img_size=&#8221;full&#8221; alignment=&#8221;center&#8221;][\/vc_column][\/vc_row]<\/p>\n<\/div>","protected":false},"excerpt":{"rendered":"<p>[vc_row][vc_column][vc_column_text] El tour virtual, la revoluci\u00f3n inmobiliaria [\/vc_column_text][vc_column_text] Inmersivo, econ\u00f3mico e interactivo, optimiza tu tiempo y vende mejor [\/vc_column_text][vc_separator style=&#8221;shadow&#8221; el_width=&#8221;70&#8243;][\/vc_column][\/vc_row][vc_row type=&#8221;vc_default&#8221; full_width=&#8221;stretch_row&#8221; css=&#8221;.vc_custom_1489010792192{background-image: url(http:\/\/virtuapartner.com\/wp-content\/uploads\/2017\/02\/chambre-wireframe_recadre-plusclair.jpg?id=249) !important;background-position: center !important;background-repeat: no-repeat !important;background-size: cover !important;}&#8221;][vc_column][vc_empty_space height=&#8221;300px&#8221;][vc_column_text] Descubre nuestras soluciones clave desarrolladas espec\u00edficamente para agencias inmobiliarias y agentes inmobiliarios [\/vc_column_text][vc_empty_space height=&#8221;180px&#8221;][\/vc_column][\/vc_row][vc_row type=&#8221;vc_default&#8221; full_width=&#8221;stretch_row&#8221; content_placement=&#8221;middle&#8221; css=&#8221;.vc_custom_1488796623954{background-color: #000000 !important;}&#8221;][vc_column width=&#8221;1\/2&#8243;][vc_column_text][\/vc_column_text][\/vc_column][vc_column width=&#8221;1\/2&#8243;][vc_single_image&hellip;<\/p>\n","protected":false},"author":1,"featured_media":0,"parent":0,"menu_order":0,"comment_status":"closed","ping_status":"open","template":"","meta":{"_exactmetrics_skip_tracking":false,"_exactmetrics_sitenote_active":false,"_exactmetrics_sitenote_note":"","_exactmetrics_sitenote_category":0,"footnotes":""},"class_list":["post-39","page","type-page","status-publish","hentry","description-off"],"yoast_head":"<!-- This site is optimized with the Yoast SEO plugin v27.5 - https:\/\/yoast.com\/product\/yoast-seo-wordpress\/ -->\n<title>Immobiliario - Virtuapartner<\/title>\n<meta name=\"robots\" content=\"index, follow, max-snippet:-1, max-image-preview:large, max-video-preview:-1\" \/>\n<link rel=\"canonical\" href=\"https:\/\/virtuapartner.com\/en\/immobilier\/\" \/>\n<meta property=\"og:locale\" content=\"es_ES\" \/>\n<meta property=\"og:type\" content=\"article\" \/>\n<meta property=\"og:title\" content=\"Immobiliario - Virtuapartner\" \/>\n<meta property=\"og:description\" content=\"[vc_row][vc_column][vc_column_text] El tour virtual, la revoluci\u00f3n inmobiliaria [\/vc_column_text][vc_column_text] Inmersivo, econ\u00f3mico e interactivo, optimiza tu tiempo y vende mejor [\/vc_column_text][vc_separator style=&#8221;shadow&#8221; el_width=&#8221;70&#8243;][\/vc_column][\/vc_row][vc_row type=&#8221;vc_default&#8221; full_width=&#8221;stretch_row&#8221; css=&#8221;.vc_custom_1489010792192{background-image: url(http:\/\/virtuapartner.com\/wp-content\/uploads\/2017\/02\/chambre-wireframe_recadre-plusclair.jpg?id=249) !important;background-position: center !important;background-repeat: no-repeat !important;background-size: cover !important;}&#8221;][vc_column][vc_empty_space height=&#8221;300px&#8221;][vc_column_text] Descubre nuestras soluciones clave desarrolladas espec\u00edficamente para agencias inmobiliarias y agentes inmobiliarios [\/vc_column_text][vc_empty_space height=&#8221;180px&#8221;][\/vc_column][\/vc_row][vc_row type=&#8221;vc_default&#8221; full_width=&#8221;stretch_row&#8221; content_placement=&#8221;middle&#8221; css=&#8221;.vc_custom_1488796623954{background-color: #000000 !important;}&#8221;][vc_column width=&#8221;1\/2&#8243;][vc_column_text][\/vc_column_text][\/vc_column][vc_column width=&#8221;1\/2&#8243;][vc_single_image&hellip;\" \/>\n<meta property=\"og:url\" content=\"https:\/\/virtuapartner.com\/en\/immobilier\/\" \/>\n<meta property=\"og:site_name\" content=\"Virtuapartner\" \/>\n<meta property=\"article:modified_time\" content=\"2018-04-24T17:14:34+00:00\" \/>\n<meta name=\"twitter:card\" content=\"summary_large_image\" \/>\n<meta name=\"twitter:label1\" content=\"Tiempo de lectura\" \/>\n\t<meta name=\"twitter:data1\" content=\"26 minutes\" \/>\n<script type=\"application\/ld+json\" class=\"yoast-schema-graph\">{\"@context\":\"https:\\\/\\\/schema.org\",\"@graph\":[{\"@type\":\"WebPage\",\"@id\":\"https:\\\/\\\/virtuapartner.com\\\/en\\\/immobilier\\\/\",\"url\":\"https:\\\/\\\/virtuapartner.com\\\/en\\\/immobilier\\\/\",\"name\":\"Immobiliario - Virtuapartner\",\"isPartOf\":{\"@id\":\"https:\\\/\\\/virtuapartner.com\\\/fr\\\/#website\"},\"datePublished\":\"2017-02-24T11:32:19+00:00\",\"dateModified\":\"2018-04-24T17:14:34+00:00\",\"breadcrumb\":{\"@id\":\"https:\\\/\\\/virtuapartner.com\\\/en\\\/immobilier\\\/#breadcrumb\"},\"inLanguage\":\"es-ES\",\"potentialAction\":[{\"@type\":\"ReadAction\",\"target\":[\"https:\\\/\\\/virtuapartner.com\\\/en\\\/immobilier\\\/\"]}]},{\"@type\":\"BreadcrumbList\",\"@id\":\"https:\\\/\\\/virtuapartner.com\\\/en\\\/immobilier\\\/#breadcrumb\",\"itemListElement\":[{\"@type\":\"ListItem\",\"position\":1,\"name\":\"Accueil\",\"item\":\"https:\\\/\\\/virtuapartner.com\\\/\"},{\"@type\":\"ListItem\",\"position\":2,\"name\":\"Real Estate\"}]},{\"@type\":\"WebSite\",\"@id\":\"https:\\\/\\\/virtuapartner.com\\\/fr\\\/#website\",\"url\":\"https:\\\/\\\/virtuapartner.com\\\/fr\\\/\",\"name\":\"Virtuapartner\",\"description\":\"Experiencia de inmersi\u00f3n\",\"potentialAction\":[{\"@type\":\"SearchAction\",\"target\":{\"@type\":\"EntryPoint\",\"urlTemplate\":\"https:\\\/\\\/virtuapartner.com\\\/fr\\\/?s={search_term_string}\"},\"query-input\":{\"@type\":\"PropertyValueSpecification\",\"valueRequired\":true,\"valueName\":\"search_term_string\"}}],\"inLanguage\":\"es-ES\"}]}<\/script>\n<!-- \/ Yoast SEO plugin. -->","yoast_head_json":{"title":"Immobiliario - Virtuapartner","robots":{"index":"index","follow":"follow","max-snippet":"max-snippet:-1","max-image-preview":"max-image-preview:large","max-video-preview":"max-video-preview:-1"},"canonical":"https:\/\/virtuapartner.com\/en\/immobilier\/","og_locale":"es_ES","og_type":"article","og_title":"Immobiliario - Virtuapartner","og_description":"[vc_row][vc_column][vc_column_text] El tour virtual, la revoluci\u00f3n inmobiliaria [\/vc_column_text][vc_column_text] Inmersivo, econ\u00f3mico e interactivo, optimiza tu tiempo y vende mejor [\/vc_column_text][vc_separator style=&#8221;shadow&#8221; el_width=&#8221;70&#8243;][\/vc_column][\/vc_row][vc_row type=&#8221;vc_default&#8221; full_width=&#8221;stretch_row&#8221; css=&#8221;.vc_custom_1489010792192{background-image: url(http:\/\/virtuapartner.com\/wp-content\/uploads\/2017\/02\/chambre-wireframe_recadre-plusclair.jpg?id=249) !important;background-position: center !important;background-repeat: no-repeat !important;background-size: cover !important;}&#8221;][vc_column][vc_empty_space height=&#8221;300px&#8221;][vc_column_text] Descubre nuestras soluciones clave desarrolladas espec\u00edficamente para agencias inmobiliarias y agentes inmobiliarios [\/vc_column_text][vc_empty_space height=&#8221;180px&#8221;][\/vc_column][\/vc_row][vc_row type=&#8221;vc_default&#8221; full_width=&#8221;stretch_row&#8221; content_placement=&#8221;middle&#8221; css=&#8221;.vc_custom_1488796623954{background-color: #000000 !important;}&#8221;][vc_column width=&#8221;1\/2&#8243;][vc_column_text][\/vc_column_text][\/vc_column][vc_column width=&#8221;1\/2&#8243;][vc_single_image&hellip;","og_url":"https:\/\/virtuapartner.com\/en\/immobilier\/","og_site_name":"Virtuapartner","article_modified_time":"2018-04-24T17:14:34+00:00","twitter_card":"summary_large_image","twitter_misc":{"Tiempo de lectura":"26 minutes"},"schema":{"@context":"https:\/\/schema.org","@graph":[{"@type":"WebPage","@id":"https:\/\/virtuapartner.com\/en\/immobilier\/","url":"https:\/\/virtuapartner.com\/en\/immobilier\/","name":"Immobiliario - Virtuapartner","isPartOf":{"@id":"https:\/\/virtuapartner.com\/fr\/#website"},"datePublished":"2017-02-24T11:32:19+00:00","dateModified":"2018-04-24T17:14:34+00:00","breadcrumb":{"@id":"https:\/\/virtuapartner.com\/en\/immobilier\/#breadcrumb"},"inLanguage":"es-ES","potentialAction":[{"@type":"ReadAction","target":["https:\/\/virtuapartner.com\/en\/immobilier\/"]}]},{"@type":"BreadcrumbList","@id":"https:\/\/virtuapartner.com\/en\/immobilier\/#breadcrumb","itemListElement":[{"@type":"ListItem","position":1,"name":"Accueil","item":"https:\/\/virtuapartner.com\/"},{"@type":"ListItem","position":2,"name":"Real Estate"}]},{"@type":"WebSite","@id":"https:\/\/virtuapartner.com\/fr\/#website","url":"https:\/\/virtuapartner.com\/fr\/","name":"Virtuapartner","description":"Experiencia de inmersi\u00f3n","potentialAction":[{"@type":"SearchAction","target":{"@type":"EntryPoint","urlTemplate":"https:\/\/virtuapartner.com\/fr\/?s={search_term_string}"},"query-input":{"@type":"PropertyValueSpecification","valueRequired":true,"valueName":"search_term_string"}}],"inLanguage":"es-ES"}]}},"_links":{"self":[{"href":"https:\/\/virtuapartner.com\/es\/wp-json\/wp\/v2\/pages\/39","targetHints":{"allow":["GET"]}}],"collection":[{"href":"https:\/\/virtuapartner.com\/es\/wp-json\/wp\/v2\/pages"}],"about":[{"href":"https:\/\/virtuapartner.com\/es\/wp-json\/wp\/v2\/types\/page"}],"author":[{"embeddable":true,"href":"https:\/\/virtuapartner.com\/es\/wp-json\/wp\/v2\/users\/1"}],"replies":[{"embeddable":true,"href":"https:\/\/virtuapartner.com\/es\/wp-json\/wp\/v2\/comments?post=39"}],"version-history":[{"count":63,"href":"https:\/\/virtuapartner.com\/es\/wp-json\/wp\/v2\/pages\/39\/revisions"}],"predecessor-version":[{"id":793,"href":"https:\/\/virtuapartner.com\/es\/wp-json\/wp\/v2\/pages\/39\/revisions\/793"}],"wp:attachment":[{"href":"https:\/\/virtuapartner.com\/es\/wp-json\/wp\/v2\/media?parent=39"}],"curies":[{"name":"wp","href":"https:\/\/api.w.org\/{rel}","templated":true}]}}