{"id":291,"date":"2017-03-10T14:06:38","date_gmt":"2017-03-10T13:06:38","guid":{"rendered":"http:\/\/virtuapartner.com\/?page_id=291"},"modified":"2018-04-24T19:20:54","modified_gmt":"2018-04-24T17:20:54","slug":"yachts-et-jets-prive","status":"publish","type":"page","link":"https:\/\/virtuapartner.com\/es\/yachts-et-jets-prive\/","title":{"rendered":"Yachts &#038; Jets"},"content":{"rendered":"<div class=\"wpb-content-wrapper\"><p>[vc_row][vc_column][vc_column_text]<\/p>\n<h2 style=\"text-align: center;\">Emb\u00e1rcate en la nueva era de la comunicaci\u00f3n<\/h2>\n<p>[\/vc_column_text][vc_column_text]<\/p>\n<p style=\"text-align: center;\">La elecci\u00f3n de la soluci\u00f3n <span style=\"color: #348abc; font-family: raleway; font-weight: 200;\">Virtua<\/span><span style=\"color: #000000; font-family: raleway; font-weight: 200;\">Partner<\/span><span style=\"color: #000000; font-family: raleway; font-weight: 200;\"><sup>\u00a9<\/sup> significa entrar en el mundo de la comunicaci\u00f3n digital innovadora.<\/span><\/p>\n<p>[\/vc_column_text][vc_separator style=&#8221;shadow&#8221; el_width=&#8221;70&#8243;][\/vc_column][\/vc_row][vc_row type=&#8221;vc_default&#8221; full_width=&#8221;stretch_row_content_no_spaces&#8221; css=&#8221;.vc_custom_1489403640380{background-image: url(http:\/\/virtuapartner.com\/wp-content\/uploads\/2017\/03\/jetprive.jpg?id=301) !important;background-position: center !important;background-repeat: no-repeat !important;background-size: cover !important;}&#8221;][vc_column css=&#8221;.vc_custom_1489403619074{background-color: rgba(0,0,0,0.5) !important;*background-color: rgb(0,0,0) !important;}&#8221;][vc_empty_space height=&#8221;180px&#8221;][vc_column_text]<\/p>\n<h1 style=\"text-align: center;\"><span style=\"color: #ffffff;\">El arte de sublimar el lujo<\/span><\/h1>\n<p>[\/vc_column_text][vc_empty_space height=&#8221;180px&#8221;][\/vc_column][\/vc_row][vc_row][vc_column][vc_column_text]<\/p>\n<h1>Tu propiedad visible para todos, en todas partes<\/h1>\n<p>[\/vc_column_text][\/vc_column][\/vc_row][vc_row type=&#8221;vc_default&#8221; content_placement=&#8221;middle&#8221;][vc_column width=&#8221;1\/3&#8243;][vc_single_image image=&#8221;302&#8243; img_size=&#8221;full&#8221; alignment=&#8221;center&#8221;][\/vc_column][vc_column width=&#8221;2\/3&#8243;]<div class=\"standard-arrow list-divider bullet-top\"><ul>\n<li>Deja que<strong> exploren todos tus viajeros,<\/strong> arrendatarios y clientes.<\/li>\n<li>Vende\u00a0tus servicios de una manera original <strong>a todos los rincones del mundo.<\/strong><\/li>\n<li><strong>Integrable f\u00e1cilmente<\/strong>\u00a0en tu Web y en tus redes sociales.<\/li>\n<li><strong>Aumenta la\u00a0visibilidad\u00a0<\/strong>de tus yates y jets<\/li>\n<li>Comun\u00edcate de <strong>manera\u00a0innovadora y moderna.<\/strong><\/li>\n<li><strong>Presenta la calidad y comodidad<\/strong> de tus productos y servicios<\/li>\n<\/ul>\n<\/div>[\/vc_column][\/vc_row][vc_row type=&#8221;vc_default&#8221; full_width=&#8221;stretch_row&#8221; content_placement=&#8221;middle&#8221; css=&#8221;.vc_custom_1488994291973{background-color: #000000 !important;}&#8221;][vc_column width=&#8221;1\/2&#8243;][vc_column_text]<span style=\"text-align: center;\"><iframe src=\"https:\/\/www.youtube.com\/embed\/HuBbgzECcK0?rel=0&amp;controls=0&amp;showinfo=0&amp;autoplay=1&amp;loop=1&amp;playlist=HuBbgzECcK0\" width=\"560\" height=\"315\" frameborder=\"0\" allowfullscreen=\"allowfullscreen\"><\/iframe><\/span>[\/vc_column_text][\/vc_column][vc_column width=&#8221;1\/2&#8243;][vc_single_image image=&#8221;58&#8243; img_size=&#8221;full&#8221; alignment=&#8221;center&#8221;][vc_empty_space height=&#8221;10px&#8221;][vc_column_text]<\/p>\n<p style=\"text-align: center;\"><span style=\"color: #ffffff;\">Equipado con unas gafas de realidad virtual, o simplemente con tu smartphone, visita con total inmersi\u00f3n este extraordinario yate. Mu\u00e9vete de habitaci\u00f3n en habitaci\u00f3n y observa cada detalle, realizando una visita completa a distancia.<\/span><\/p>\n<p>[\/vc_column_text][vc_single_image image=&#8221;228&#8243; img_size=&#8221;medium&#8221; alignment=&#8221;center&#8221;][\/vc_column][\/vc_row][vc_row type=&#8221;vc_default&#8221; full_width=&#8221;stretch_row&#8221; css=&#8221;.vc_custom_1488839958158{background-image: url(http:\/\/virtuapartner.com\/wp-content\/uploads\/2017\/02\/bckgrd_vrspace2.jpg?id=135) !important;background-position: center !important;background-repeat: no-repeat !important;background-size: cover !important;}&#8221;][vc_column][vc_column_text]<\/p>\n<h1><span style=\"color: #ffffff;\">La visita virtual <\/span><span style=\"color: #348abc; font-family: raleway; font-weight: 200;\">Virtua<\/span><span style=\"color: #ffffff; font-family: raleway; font-weight: 200;\">Partner<\/span><span style=\"color: #ffffff; font-family: raleway; font-weight: 200; font-size: 20px;\"><sup>\u00a9<\/sup><\/span><\/h1>\n<p>[\/vc_column_text][vc_column_text]<span style=\"color: #ffffff;\">Pasea en este extraordinario yate y todos sus rincones, apreciando el m\u00ednimo detalle. Simplemente clica en esta representaci\u00f3n 3D y luego mu\u00e9vete a trav\u00e9s de las marcas de navegaci\u00f3n \u00a1Disfruta de la visita!<\/span>[\/vc_column_text][vc_column_text]<\/p>\n<p style=\"text-align: center;\"><iframe src=\"https:\/\/my.matterport.com\/show\/?m=FyCDM9wJ8Bn&amp;play=1\" width=\"100%\" height=\"450\" frameborder=\"0\" allowfullscreen=\"allowfullscreen\"><\/iframe><\/p>\n<p>[\/vc_column_text][\/vc_column][\/vc_row][vc_row type=&#8221;vc_default&#8221; content_placement=&#8221;middle&#8221;][vc_column width=&#8221;2\/3&#8243;][vc_column_text]<\/p>\n<h1>La realidad virtual te invita al mar y al cielo<\/h1>\n<p>[\/vc_column_text][vc_column_text]Yates de lujo, barcos de recreo, veleros o jets privados<strong>, todo ser\u00e1\u00a0visible con gran calidad.<\/strong> La fiel reproducci\u00f3n de los interiores permitir\u00e1 que los futuros clientes se proyecten en el confort propuesto.<br \/>\n<strong>Integraci\u00f3n\u00a0de la informaci\u00f3n<\/strong>\u00a0para hacer\u00a0la visita lo m\u00e1s inmersiva posible e informar a tus clientes de todos los servicios ofrecidos.<br \/>\n<strong>Digitaliza tus productos<\/strong> para\u00a0llegar a tantas personas como sea posible.<\/p>\n<p>La soluci\u00f3n <span style=\"color: #348abc; font-family: raleway; font-weight: 200;\">Virtua<\/span><span style=\"color: #000000; font-family: raleway; font-weight: 200;\">Partner<\/span><span style=\"color: #000000; font-family: raleway; font-weight: 200;\"><sup>\u00a9<\/sup><\/span> te da visibilidad simult\u00e1nea gracias a <strong>una integraci\u00f3n simple<\/strong> y r\u00e1pida en <strong>tus redes sociales<\/strong> y en tu web.[\/vc_column_text][\/vc_column][vc_column width=&#8221;1\/3&#8243;][vc_single_image image=&#8221;312&#8243; img_size=&#8221;full&#8221; alignment=&#8221;center&#8221;][\/vc_column][\/vc_row][vc_row type=&#8221;vc_default&#8221; full_width=&#8221;stretch_row_content_no_spaces&#8221; content_placement=&#8221;middle&#8221; css=&#8221;.vc_custom_1489447956564{background-image: url(http:\/\/virtuapartner.com\/wp-content\/uploads\/2017\/03\/fd-proue.jpg?id=314) !important;background-position: center !important;background-repeat: no-repeat !important;background-size: cover !important;}&#8221;][vc_column css=&#8221;.vc_custom_1489447933870{background-color: rgba(0,0,0,0.51) !important;*background-color: rgb(0,0,0) !important;}&#8221;][vc_empty_space height=&#8221;180px&#8221;][vc_column_text]<\/p>\n<h1 style=\"text-align: center;\"><span style=\"color: #ffffff;\">Del vuelo a la navegaci\u00f3n digital<\/span><\/h1>\n<p>[\/vc_column_text][vc_empty_space height=&#8221;180px&#8221;][\/vc_column][\/vc_row][vc_row type=&#8221;vc_default&#8221; full_width=&#8221;stretch_row&#8221; content_placement=&#8221;middle&#8221; css=&#8221;.vc_custom_1489448727007{background-color: #000000 !important;}&#8221;][vc_column width=&#8221;1\/3&#8243;][vc_column_text]<span style=\"text-align: center;\"><iframe src=\"https:\/\/www.youtube.com\/embed\/bM-fd1MxyeQ?rel=0&amp;controls=0&amp;showinfo=0&amp;autoplay=1&amp;loop=1&amp;playlist=bM-fd1MxyeQ\" width=\"560\" height=\"355\" frameborder=\"0\" allowfullscreen=\"allowfullscreen\"><\/iframe><\/span>[\/vc_column_text][\/vc_column][vc_column width=&#8221;2\/3&#8243;][vc_column_text]<\/p>\n<h1 style=\"text-align: left;\"><span style=\"color: #ffffff;\">Incre\u00edblemente f\u00e1cil<\/span><\/h1>\n<p>[\/vc_column_text][vc_column_text]<span style=\"color: #ffffff;\">Con las yemas de los dedos, navega libremente en estos espacios reconstruidos en tres dimensiones. Muy intuitivo, nuestra soluci\u00f3n seducir\u00e1 a tus clientes en unos pocos clics.<\/span>[\/vc_column_text][\/vc_column][\/vc_row][vc_row type=&#8221;vc_default&#8221; full_width=&#8221;stretch_row&#8221; css=&#8221;.vc_custom_1488838691241{background-color: #000000 !important;}&#8221;][vc_column][vc_single_image image=&#8221;228&#8243; img_size=&#8221;full&#8221; alignment=&#8221;center&#8221;][\/vc_column][\/vc_row]<\/p>\n<\/div>","protected":false},"excerpt":{"rendered":"<p>[vc_row][vc_column][vc_column_text] Emb\u00e1rcate en la nueva era de la comunicaci\u00f3n [\/vc_column_text][vc_column_text] La elecci\u00f3n de la soluci\u00f3n VirtuaPartner\u00a9 significa entrar en el mundo de la comunicaci\u00f3n digital innovadora. [\/vc_column_text][vc_separator style=&#8221;shadow&#8221; el_width=&#8221;70&#8243;][\/vc_column][\/vc_row][vc_row type=&#8221;vc_default&#8221; full_width=&#8221;stretch_row_content_no_spaces&#8221; css=&#8221;.vc_custom_1489403640380{background-image: url(http:\/\/virtuapartner.com\/wp-content\/uploads\/2017\/03\/jetprive.jpg?id=301) !important;background-position: center !important;background-repeat: no-repeat !important;background-size: cover !important;}&#8221;][vc_column css=&#8221;.vc_custom_1489403619074{background-color: rgba(0,0,0,0.5) !important;*background-color: rgb(0,0,0) !important;}&#8221;][vc_empty_space height=&#8221;180px&#8221;][vc_column_text] El arte de sublimar el lujo [\/vc_column_text][vc_empty_space height=&#8221;180px&#8221;][\/vc_column][\/vc_row][vc_row][vc_column][vc_column_text] Tu&hellip;<\/p>\n","protected":false},"author":1,"featured_media":0,"parent":0,"menu_order":0,"comment_status":"closed","ping_status":"closed","template":"","meta":{"_exactmetrics_skip_tracking":false,"_exactmetrics_sitenote_active":false,"_exactmetrics_sitenote_note":"","_exactmetrics_sitenote_category":0,"footnotes":""},"class_list":["post-291","page","type-page","status-publish","hentry","description-off"],"yoast_head":"<!-- This site is optimized with the Yoast SEO plugin v27.5 - https:\/\/yoast.com\/product\/yoast-seo-wordpress\/ -->\n<title>Yachts &amp; Jets - Virtuapartner<\/title>\n<meta name=\"robots\" content=\"index, follow, max-snippet:-1, max-image-preview:large, max-video-preview:-1\" \/>\n<link rel=\"canonical\" href=\"https:\/\/virtuapartner.com\/es\/yachts-et-jets-prive\/\" \/>\n<meta property=\"og:locale\" content=\"es_ES\" \/>\n<meta property=\"og:type\" content=\"article\" \/>\n<meta property=\"og:title\" content=\"Yachts &amp; Jets - Virtuapartner\" \/>\n<meta property=\"og:description\" content=\"[vc_row][vc_column][vc_column_text] Emb\u00e1rcate en la nueva era de la comunicaci\u00f3n [\/vc_column_text][vc_column_text] La elecci\u00f3n de la soluci\u00f3n VirtuaPartner\u00a9 significa entrar en el mundo de la comunicaci\u00f3n digital innovadora. [\/vc_column_text][vc_separator style=&#8221;shadow&#8221; el_width=&#8221;70&#8243;][\/vc_column][\/vc_row][vc_row type=&#8221;vc_default&#8221; full_width=&#8221;stretch_row_content_no_spaces&#8221; css=&#8221;.vc_custom_1489403640380{background-image: url(http:\/\/virtuapartner.com\/wp-content\/uploads\/2017\/03\/jetprive.jpg?id=301) !important;background-position: center !important;background-repeat: no-repeat !important;background-size: cover !important;}&#8221;][vc_column css=&#8221;.vc_custom_1489403619074{background-color: rgba(0,0,0,0.5) !important;*background-color: rgb(0,0,0) !important;}&#8221;][vc_empty_space height=&#8221;180px&#8221;][vc_column_text] El arte de sublimar el lujo [\/vc_column_text][vc_empty_space height=&#8221;180px&#8221;][\/vc_column][\/vc_row][vc_row][vc_column][vc_column_text] Tu&hellip;\" \/>\n<meta property=\"og:url\" content=\"https:\/\/virtuapartner.com\/es\/yachts-et-jets-prive\/\" \/>\n<meta property=\"og:site_name\" content=\"Virtuapartner\" \/>\n<meta property=\"article:modified_time\" content=\"2018-04-24T17:20:54+00:00\" \/>\n<meta name=\"twitter:card\" content=\"summary_large_image\" \/>\n<meta name=\"twitter:label1\" content=\"Tiempo de lectura\" \/>\n\t<meta name=\"twitter:data1\" content=\"15 minutes\" \/>\n<script type=\"application\/ld+json\" class=\"yoast-schema-graph\">{\"@context\":\"https:\\\/\\\/schema.org\",\"@graph\":[{\"@type\":\"WebPage\",\"@id\":\"https:\\\/\\\/virtuapartner.com\\\/es\\\/yachts-et-jets-prive\\\/\",\"url\":\"https:\\\/\\\/virtuapartner.com\\\/es\\\/yachts-et-jets-prive\\\/\",\"name\":\"Yachts & Jets - Virtuapartner\",\"isPartOf\":{\"@id\":\"https:\\\/\\\/virtuapartner.com\\\/fr\\\/#website\"},\"datePublished\":\"2017-03-10T13:06:38+00:00\",\"dateModified\":\"2018-04-24T17:20:54+00:00\",\"breadcrumb\":{\"@id\":\"https:\\\/\\\/virtuapartner.com\\\/es\\\/yachts-et-jets-prive\\\/#breadcrumb\"},\"inLanguage\":\"es-ES\",\"potentialAction\":[{\"@type\":\"ReadAction\",\"target\":[\"https:\\\/\\\/virtuapartner.com\\\/es\\\/yachts-et-jets-prive\\\/\"]}]},{\"@type\":\"BreadcrumbList\",\"@id\":\"https:\\\/\\\/virtuapartner.com\\\/es\\\/yachts-et-jets-prive\\\/#breadcrumb\",\"itemListElement\":[{\"@type\":\"ListItem\",\"position\":1,\"name\":\"Accueil\",\"item\":\"https:\\\/\\\/virtuapartner.com\\\/\"},{\"@type\":\"ListItem\",\"position\":2,\"name\":\"Yachts &#038; Jets\"}]},{\"@type\":\"WebSite\",\"@id\":\"https:\\\/\\\/virtuapartner.com\\\/fr\\\/#website\",\"url\":\"https:\\\/\\\/virtuapartner.com\\\/fr\\\/\",\"name\":\"Virtuapartner\",\"description\":\"Experiencia de inmersi\u00f3n\",\"potentialAction\":[{\"@type\":\"SearchAction\",\"target\":{\"@type\":\"EntryPoint\",\"urlTemplate\":\"https:\\\/\\\/virtuapartner.com\\\/fr\\\/?s={search_term_string}\"},\"query-input\":{\"@type\":\"PropertyValueSpecification\",\"valueRequired\":true,\"valueName\":\"search_term_string\"}}],\"inLanguage\":\"es-ES\"}]}<\/script>\n<!-- \/ Yoast SEO plugin. -->","yoast_head_json":{"title":"Yachts & Jets - Virtuapartner","robots":{"index":"index","follow":"follow","max-snippet":"max-snippet:-1","max-image-preview":"max-image-preview:large","max-video-preview":"max-video-preview:-1"},"canonical":"https:\/\/virtuapartner.com\/es\/yachts-et-jets-prive\/","og_locale":"es_ES","og_type":"article","og_title":"Yachts & Jets - Virtuapartner","og_description":"[vc_row][vc_column][vc_column_text] Emb\u00e1rcate en la nueva era de la comunicaci\u00f3n [\/vc_column_text][vc_column_text] La elecci\u00f3n de la soluci\u00f3n VirtuaPartner\u00a9 significa entrar en el mundo de la comunicaci\u00f3n digital innovadora. [\/vc_column_text][vc_separator style=&#8221;shadow&#8221; el_width=&#8221;70&#8243;][\/vc_column][\/vc_row][vc_row type=&#8221;vc_default&#8221; full_width=&#8221;stretch_row_content_no_spaces&#8221; css=&#8221;.vc_custom_1489403640380{background-image: url(http:\/\/virtuapartner.com\/wp-content\/uploads\/2017\/03\/jetprive.jpg?id=301) !important;background-position: center !important;background-repeat: no-repeat !important;background-size: cover !important;}&#8221;][vc_column css=&#8221;.vc_custom_1489403619074{background-color: rgba(0,0,0,0.5) !important;*background-color: rgb(0,0,0) !important;}&#8221;][vc_empty_space height=&#8221;180px&#8221;][vc_column_text] El arte de sublimar el lujo [\/vc_column_text][vc_empty_space height=&#8221;180px&#8221;][\/vc_column][\/vc_row][vc_row][vc_column][vc_column_text] Tu&hellip;","og_url":"https:\/\/virtuapartner.com\/es\/yachts-et-jets-prive\/","og_site_name":"Virtuapartner","article_modified_time":"2018-04-24T17:20:54+00:00","twitter_card":"summary_large_image","twitter_misc":{"Tiempo de lectura":"15 minutes"},"schema":{"@context":"https:\/\/schema.org","@graph":[{"@type":"WebPage","@id":"https:\/\/virtuapartner.com\/es\/yachts-et-jets-prive\/","url":"https:\/\/virtuapartner.com\/es\/yachts-et-jets-prive\/","name":"Yachts & Jets - Virtuapartner","isPartOf":{"@id":"https:\/\/virtuapartner.com\/fr\/#website"},"datePublished":"2017-03-10T13:06:38+00:00","dateModified":"2018-04-24T17:20:54+00:00","breadcrumb":{"@id":"https:\/\/virtuapartner.com\/es\/yachts-et-jets-prive\/#breadcrumb"},"inLanguage":"es-ES","potentialAction":[{"@type":"ReadAction","target":["https:\/\/virtuapartner.com\/es\/yachts-et-jets-prive\/"]}]},{"@type":"BreadcrumbList","@id":"https:\/\/virtuapartner.com\/es\/yachts-et-jets-prive\/#breadcrumb","itemListElement":[{"@type":"ListItem","position":1,"name":"Accueil","item":"https:\/\/virtuapartner.com\/"},{"@type":"ListItem","position":2,"name":"Yachts &#038; Jets"}]},{"@type":"WebSite","@id":"https:\/\/virtuapartner.com\/fr\/#website","url":"https:\/\/virtuapartner.com\/fr\/","name":"Virtuapartner","description":"Experiencia de inmersi\u00f3n","potentialAction":[{"@type":"SearchAction","target":{"@type":"EntryPoint","urlTemplate":"https:\/\/virtuapartner.com\/fr\/?s={search_term_string}"},"query-input":{"@type":"PropertyValueSpecification","valueRequired":true,"valueName":"search_term_string"}}],"inLanguage":"es-ES"}]}},"_links":{"self":[{"href":"https:\/\/virtuapartner.com\/es\/wp-json\/wp\/v2\/pages\/291","targetHints":{"allow":["GET"]}}],"collection":[{"href":"https:\/\/virtuapartner.com\/es\/wp-json\/wp\/v2\/pages"}],"about":[{"href":"https:\/\/virtuapartner.com\/es\/wp-json\/wp\/v2\/types\/page"}],"author":[{"embeddable":true,"href":"https:\/\/virtuapartner.com\/es\/wp-json\/wp\/v2\/users\/1"}],"replies":[{"embeddable":true,"href":"https:\/\/virtuapartner.com\/es\/wp-json\/wp\/v2\/comments?post=291"}],"version-history":[{"count":28,"href":"https:\/\/virtuapartner.com\/es\/wp-json\/wp\/v2\/pages\/291\/revisions"}],"predecessor-version":[{"id":796,"href":"https:\/\/virtuapartner.com\/es\/wp-json\/wp\/v2\/pages\/291\/revisions\/796"}],"wp:attachment":[{"href":"https:\/\/virtuapartner.com\/es\/wp-json\/wp\/v2\/media?parent=291"}],"curies":[{"name":"wp","href":"https:\/\/api.w.org\/{rel}","templated":true}]}}