{"id":167,"date":"2017-03-03T17:45:32","date_gmt":"2017-03-03T16:45:32","guid":{"rendered":"http:\/\/virtuapartner.com\/?page_id=167"},"modified":"2018-04-24T19:18:33","modified_gmt":"2018-04-24T17:18:33","slug":"showrooms-lieux-publics","status":"publish","type":"page","link":"https:\/\/virtuapartner.com\/es\/showrooms-lieux-publics\/","title":{"rendered":"Showrooms"},"content":{"rendered":"<div class=\"wpb-content-wrapper\"><p>[vc_row][vc_column][vc_column_text]<\/p>\n<h2 style=\"text-align: center;\">Aumenta tu espacio de exposici\u00f3n.<\/h2>\n<p>[\/vc_column_text][vc_column_text]<\/p>\n<p style=\"text-align: center;\">Al elegir la soluci\u00f3n VIRTUARTEXPO de <span style=\"color: #348abc; font-family: raleway; font-weight: 200;\">Virtua<\/span><span style=\"color: #000000; font-family: raleway; font-weight: 200;\">Partner<\/span><span style=\"color: #000000; font-family: raleway; font-weight: 200;\"><sup>\u00a9<\/sup> est\u00e1s entrando en el universo de la comunicaci\u00f3n digital innovadora.<\/span><\/p>\n<p>[\/vc_column_text][vc_separator style=&#8221;shadow&#8221; el_width=&#8221;70&#8243;][\/vc_column][\/vc_row][vc_row type=&#8221;vc_default&#8221; full_width=&#8221;stretch_row&#8221; css=&#8221;.vc_custom_1488837371909{background-image: url(http:\/\/virtuapartner.com\/wp-content\/uploads\/2017\/02\/encart1_virtuartexpo.jpg?id=203) !important;background-position: center !important;background-repeat: no-repeat !important;background-size: cover !important;}&#8221;][vc_column][vc_empty_space height=&#8221;180px&#8221;][vc_column_text]<\/p>\n<h1 style=\"text-align: center;\"><span style=\"color: #ffffff;\">El arte de la visibilidad digital<\/span><\/h1>\n<p>[\/vc_column_text][vc_empty_space height=&#8221;180px&#8221;][\/vc_column][\/vc_row][vc_row][vc_column][vc_column_text]<\/p>\n<h1>La galer\u00eda port\u00e1til y 24h<\/h1>\n<p>[\/vc_column_text][\/vc_column][\/vc_row][vc_row type=&#8221;vc_default&#8221; content_placement=&#8221;middle&#8221;][vc_column width=&#8221;1\/3&#8243;][vc_single_image image=&#8221;204&#8243; img_size=&#8221;full&#8221; alignment=&#8221;center&#8221;][\/vc_column][vc_column width=&#8221;2\/3&#8243;]<div class=\"standard-arrow list-divider bullet-top\"><ul>\n<li>Tus exposiciones llegar\u00e1n a todos tus coleccionistas y visitantes<\/li>\n<li>Vende tus obras en la web y genera ingresos adicionales<\/li>\n<li>Integrable f\u00e1cilmente en tu Web y en tus redes sociales<\/li>\n<li>Aumenta la visibilidad de tus artistas<\/li>\n<li>Comun\u00edcate de manera innovadora y moderna<\/li>\n<\/ul>\n<\/div>[\/vc_column][\/vc_row][vc_row type=&#8221;vc_default&#8221; full_width=&#8221;stretch_row&#8221; content_placement=&#8221;middle&#8221; css=&#8221;.vc_custom_1488994291973{background-color: #000000 !important;}&#8221;][vc_column width=&#8221;1\/2&#8243;][vc_column_text]<span style=\"text-align: center;\"><iframe src=\"https:\/\/www.youtube.com\/embed\/AxyH2C7jwBg?rel=0&amp;controls=0&amp;showinfo=0&amp;autoplay=1&amp;loop=1&amp;playlist=AxyH2C7jwBg\" width=\"560\" height=\"315\" frameborder=\"0\" allowfullscreen=\"allowfullscreen\"><\/iframe><\/span>[\/vc_column_text][\/vc_column][vc_column width=&#8221;1\/2&#8243;][vc_single_image image=&#8221;58&#8243; img_size=&#8221;full&#8221; alignment=&#8221;center&#8221;][vc_empty_space height=&#8221;10px&#8221;][vc_column_text]<\/p>\n<p style=\"text-align: center;\"><span style=\"color: #ffffff;\">Equipado con gafas de realidad virtual, visita con total inmersi\u00f3n las galer\u00edas de arte. Mu\u00e9vete de sala en sala, observa cada detalle, cada obra de arte y realiza una visita completa a distancia.<\/span><\/p>\n<p>[\/vc_column_text][vc_single_image image=&#8221;228&#8243; img_size=&#8221;medium&#8221; alignment=&#8221;center&#8221;][\/vc_column][\/vc_row][vc_row type=&#8221;vc_default&#8221; full_width=&#8221;stretch_row&#8221; content_placement=&#8221;middle&#8221; css=&#8221;.vc_custom_1489449975365{background-image: url(http:\/\/virtuapartner.com\/wp-content\/uploads\/2017\/02\/bckgrd_vrspace2.jpg?id=135) !important;background-position: center !important;background-repeat: no-repeat !important;background-size: cover !important;}&#8221;][vc_column][vc_column_text]<\/p>\n<h1><span style=\"color: #ffffff;\">La visita virtual <\/span><span style=\"color: #348abc; font-family: raleway; font-weight: 200;\">Virtua<\/span><span style=\"color: #ffffff; font-family: raleway; font-weight: 200;\">Partner<\/span><span style=\"color: #ffffff; font-family: raleway; font-weight: 200; font-size: 20px;\"><sup>\u00a9<\/sup><\/span><\/h1>\n<p>[\/vc_column_text][vc_column_text]<span style=\"color: #ffffff;\">Visita esta hermosa galer\u00eda y admira todas las obras de arte y sus detalles. Simplemente clica en esta representaci\u00f3n 3D y luego mu\u00e9vete a trav\u00e9s de las marcas de navegaci\u00f3n. \u00a1Disfruta la visita!<\/span>[\/vc_column_text][vc_column_text]<\/p>\n<p style=\"text-align: center;\"><iframe src=\"https:\/\/my.matterport.com\/show\/?m=bGUgumJN37b&amp;play=1\" width=\"100%\" height=\"450\" frameborder=\"0\" allowfullscreen=\"allowfullscreen\"><\/iframe><\/p>\n<p>[\/vc_column_text][\/vc_column][\/vc_row][vc_row type=&#8221;vc_default&#8221; content_placement=&#8221;middle&#8221;][vc_column width=&#8221;2\/3&#8243;][vc_column_text]<\/p>\n<h1>Arte para todos<\/h1>\n<p>[\/vc_column_text]<div class=\"standard-arrow list-divider bullet-top\"><ul>\n<li>Escultura, pintura, fotograf\u00eda y nuevas expresiones art\u00edsticas, todo ser\u00e1 visible con la mejor calidad.<\/li>\n<li>Integraci\u00f3n de informaci\u00f3n sobre obras y artistas para hacer la visita lo m\u00e1s inmersiva posible.<\/li>\n<li>Digitaliza tu galer\u00eda o lugar de exposici\u00f3n para llegar a tantas personas como sea posible.<\/li>\n<\/ul>\n<\/div>[vc_column_text]La soluci\u00f3n VIRTUARTEXPO de <span style=\"color: #348abc; font-family: raleway; font-weight: 200;\">Virtua<\/span><span style=\"color: #000000; font-family: raleway; font-weight: 200;\">Partner<\/span><span style=\"color: #000000; font-family: raleway; font-weight: 200;\"><sup>\u00a9<\/sup><\/span> te da visibilidad simult\u00e1nea, gracias a una integraci\u00f3n simple y r\u00e1pida, en tus redes sociales y web.[\/vc_column_text][\/vc_column][vc_column width=&#8221;1\/3&#8243;][vc_single_image image=&#8221;212&#8243; img_size=&#8221;full&#8221; alignment=&#8221;center&#8221;][\/vc_column][\/vc_row][vc_row type=&#8221;vc_default&#8221; full_width=&#8221;stretch_row&#8221; content_placement=&#8221;middle&#8221; css=&#8221;.vc_custom_1489449996837{background-image: url(http:\/\/virtuapartner.com\/wp-content\/uploads\/2017\/03\/encart1_arts.jpg?id=213) !important;background-position: center !important;background-repeat: no-repeat !important;background-size: cover !important;}&#8221;][vc_column][vc_empty_space height=&#8221;180px&#8221;][vc_column_text]<\/p>\n<h1 style=\"text-align: center;\"><span style=\"color: #ffffff;\">De lo temporal a lo permanente<\/span><\/h1>\n<p>[\/vc_column_text][vc_empty_space height=&#8221;180px&#8221;][\/vc_column][\/vc_row][vc_row type=&#8221;vc_default&#8221; content_placement=&#8221;middle&#8221;][vc_column width=&#8221;1\/3&#8243;][vc_single_image image=&#8221;215&#8243; img_size=&#8221;full&#8221; alignment=&#8221;center&#8221;][\/vc_column][vc_column width=&#8221;2\/3&#8243;][vc_column_text]<\/p>\n<h1>Digitalizaci\u00f3n de tu espacio<\/h1>\n<p>[\/vc_column_text][vc_column_text]Desde una inauguraci\u00f3n hasta la exposici\u00f3n temporal, la presentaci\u00f3n de j\u00f3venes artistas, o la exposici\u00f3n permanente, todo es posible con VIRTUARTEXPO. El modelado de realidad virtual 3D de tu galer\u00eda de arte, museo o atelier ser\u00e1 el activo clave de tu comunicaci\u00f3n. La posibilidad de generar ingresos adicionales tambi\u00e9n es posible con VIRTUARTEXPO.[\/vc_column_text][\/vc_column][\/vc_row][vc_row type=&#8221;vc_default&#8221; full_width=&#8221;stretch_row&#8221; content_placement=&#8221;middle&#8221; css=&#8221;.vc_custom_1489448727007{background-color: #000000 !important;}&#8221;][vc_column width=&#8221;1\/3&#8243;][vc_column_text]<span style=\"text-align: center;\"><iframe src=\"https:\/\/www.youtube.com\/embed\/bM-fd1MxyeQ?rel=0&amp;controls=0&amp;showinfo=0&amp;autoplay=1&amp;loop=1&amp;playlist=bM-fd1MxyeQ\" width=\"560\" height=\"355\" frameborder=\"0\" allowfullscreen=\"allowfullscreen\"><\/iframe><\/span>[\/vc_column_text][\/vc_column][vc_column width=&#8221;2\/3&#8243;][vc_column_text]<\/p>\n<h1 style=\"text-align: left;\"><span style=\"color: #ffffff;\">Incre\u00edblemente f\u00e1cil<\/span><\/h1>\n<p>[\/vc_column_text][vc_column_text]<span style=\"color: #ffffff;\">Con las yemas de los dedos, navega libremente en estos espacios reconstruidos en tres dimensiones. Muy intuitivo, nuestra soluci\u00f3n seducir\u00e1 a tus clientes en unos pocos clics.<\/span>[\/vc_column_text][\/vc_column][\/vc_row][vc_row type=&#8221;vc_default&#8221; full_width=&#8221;stretch_row&#8221; css=&#8221;.vc_custom_1488838691241{background-color: #000000 !important;}&#8221;][vc_column][vc_single_image image=&#8221;228&#8243; img_size=&#8221;full&#8221; alignment=&#8221;center&#8221;][\/vc_column][\/vc_row]<\/p>\n<\/div>","protected":false},"excerpt":{"rendered":"<p>[vc_row][vc_column][vc_column_text] Aumenta tu espacio de exposici\u00f3n. [\/vc_column_text][vc_column_text] Al elegir la soluci\u00f3n VIRTUARTEXPO de VirtuaPartner\u00a9 est\u00e1s entrando en el universo de la comunicaci\u00f3n digital innovadora. [\/vc_column_text][vc_separator style=&#8221;shadow&#8221; el_width=&#8221;70&#8243;][\/vc_column][\/vc_row][vc_row type=&#8221;vc_default&#8221; full_width=&#8221;stretch_row&#8221; css=&#8221;.vc_custom_1488837371909{background-image: url(http:\/\/virtuapartner.com\/wp-content\/uploads\/2017\/02\/encart1_virtuartexpo.jpg?id=203) !important;background-position: center !important;background-repeat: no-repeat !important;background-size: cover !important;}&#8221;][vc_column][vc_empty_space height=&#8221;180px&#8221;][vc_column_text] El arte de la visibilidad digital [\/vc_column_text][vc_empty_space height=&#8221;180px&#8221;][\/vc_column][\/vc_row][vc_row][vc_column][vc_column_text] La galer\u00eda port\u00e1til y 24h [\/vc_column_text][\/vc_column][\/vc_row][vc_row type=&#8221;vc_default&#8221; content_placement=&#8221;middle&#8221;][vc_column&hellip;<\/p>\n","protected":false},"author":1,"featured_media":0,"parent":0,"menu_order":0,"comment_status":"closed","ping_status":"closed","template":"","meta":{"_exactmetrics_skip_tracking":false,"_exactmetrics_sitenote_active":false,"_exactmetrics_sitenote_note":"","_exactmetrics_sitenote_category":0,"footnotes":""},"class_list":["post-167","page","type-page","status-publish","hentry","description-off"],"yoast_head":"<!-- This site is optimized with the Yoast SEO plugin v27.5 - https:\/\/yoast.com\/product\/yoast-seo-wordpress\/ -->\n<title>Showrooms - Virtuapartner<\/title>\n<meta name=\"robots\" content=\"index, follow, max-snippet:-1, max-image-preview:large, max-video-preview:-1\" \/>\n<link rel=\"canonical\" href=\"https:\/\/virtuapartner.com\/en\/showrooms-lieux-publics\/\" \/>\n<meta property=\"og:locale\" content=\"es_ES\" \/>\n<meta property=\"og:type\" content=\"article\" \/>\n<meta property=\"og:title\" content=\"Showrooms - Virtuapartner\" \/>\n<meta property=\"og:description\" content=\"[vc_row][vc_column][vc_column_text] Aumenta tu espacio de exposici\u00f3n. [\/vc_column_text][vc_column_text] Al elegir la soluci\u00f3n VIRTUARTEXPO de VirtuaPartner\u00a9 est\u00e1s entrando en el universo de la comunicaci\u00f3n digital innovadora. [\/vc_column_text][vc_separator style=&#8221;shadow&#8221; el_width=&#8221;70&#8243;][\/vc_column][\/vc_row][vc_row type=&#8221;vc_default&#8221; full_width=&#8221;stretch_row&#8221; css=&#8221;.vc_custom_1488837371909{background-image: url(http:\/\/virtuapartner.com\/wp-content\/uploads\/2017\/02\/encart1_virtuartexpo.jpg?id=203) !important;background-position: center !important;background-repeat: no-repeat !important;background-size: cover !important;}&#8221;][vc_column][vc_empty_space height=&#8221;180px&#8221;][vc_column_text] El arte de la visibilidad digital [\/vc_column_text][vc_empty_space height=&#8221;180px&#8221;][\/vc_column][\/vc_row][vc_row][vc_column][vc_column_text] La galer\u00eda port\u00e1til y 24h [\/vc_column_text][\/vc_column][\/vc_row][vc_row type=&#8221;vc_default&#8221; content_placement=&#8221;middle&#8221;][vc_column&hellip;\" \/>\n<meta property=\"og:url\" content=\"https:\/\/virtuapartner.com\/en\/showrooms-lieux-publics\/\" \/>\n<meta property=\"og:site_name\" content=\"Virtuapartner\" \/>\n<meta property=\"article:modified_time\" content=\"2018-04-24T17:18:33+00:00\" \/>\n<meta name=\"twitter:card\" content=\"summary_large_image\" \/>\n<meta name=\"twitter:label1\" content=\"Tiempo de lectura\" \/>\n\t<meta name=\"twitter:data1\" content=\"16 minutes\" \/>\n<script type=\"application\/ld+json\" class=\"yoast-schema-graph\">{\"@context\":\"https:\\\/\\\/schema.org\",\"@graph\":[{\"@type\":\"WebPage\",\"@id\":\"https:\\\/\\\/virtuapartner.com\\\/en\\\/showrooms-lieux-publics\\\/\",\"url\":\"https:\\\/\\\/virtuapartner.com\\\/en\\\/showrooms-lieux-publics\\\/\",\"name\":\"Showrooms - Virtuapartner\",\"isPartOf\":{\"@id\":\"https:\\\/\\\/virtuapartner.com\\\/fr\\\/#website\"},\"datePublished\":\"2017-03-03T16:45:32+00:00\",\"dateModified\":\"2018-04-24T17:18:33+00:00\",\"breadcrumb\":{\"@id\":\"https:\\\/\\\/virtuapartner.com\\\/en\\\/showrooms-lieux-publics\\\/#breadcrumb\"},\"inLanguage\":\"es-ES\",\"potentialAction\":[{\"@type\":\"ReadAction\",\"target\":[\"https:\\\/\\\/virtuapartner.com\\\/en\\\/showrooms-lieux-publics\\\/\"]}]},{\"@type\":\"BreadcrumbList\",\"@id\":\"https:\\\/\\\/virtuapartner.com\\\/en\\\/showrooms-lieux-publics\\\/#breadcrumb\",\"itemListElement\":[{\"@type\":\"ListItem\",\"position\":1,\"name\":\"Accueil\",\"item\":\"https:\\\/\\\/virtuapartner.com\\\/\"},{\"@type\":\"ListItem\",\"position\":2,\"name\":\"Showrooms\"}]},{\"@type\":\"WebSite\",\"@id\":\"https:\\\/\\\/virtuapartner.com\\\/fr\\\/#website\",\"url\":\"https:\\\/\\\/virtuapartner.com\\\/fr\\\/\",\"name\":\"Virtuapartner\",\"description\":\"Experiencia de inmersi\u00f3n\",\"potentialAction\":[{\"@type\":\"SearchAction\",\"target\":{\"@type\":\"EntryPoint\",\"urlTemplate\":\"https:\\\/\\\/virtuapartner.com\\\/fr\\\/?s={search_term_string}\"},\"query-input\":{\"@type\":\"PropertyValueSpecification\",\"valueRequired\":true,\"valueName\":\"search_term_string\"}}],\"inLanguage\":\"es-ES\"}]}<\/script>\n<!-- \/ Yoast SEO plugin. -->","yoast_head_json":{"title":"Showrooms - Virtuapartner","robots":{"index":"index","follow":"follow","max-snippet":"max-snippet:-1","max-image-preview":"max-image-preview:large","max-video-preview":"max-video-preview:-1"},"canonical":"https:\/\/virtuapartner.com\/en\/showrooms-lieux-publics\/","og_locale":"es_ES","og_type":"article","og_title":"Showrooms - Virtuapartner","og_description":"[vc_row][vc_column][vc_column_text] Aumenta tu espacio de exposici\u00f3n. [\/vc_column_text][vc_column_text] Al elegir la soluci\u00f3n VIRTUARTEXPO de VirtuaPartner\u00a9 est\u00e1s entrando en el universo de la comunicaci\u00f3n digital innovadora. [\/vc_column_text][vc_separator style=&#8221;shadow&#8221; el_width=&#8221;70&#8243;][\/vc_column][\/vc_row][vc_row type=&#8221;vc_default&#8221; full_width=&#8221;stretch_row&#8221; css=&#8221;.vc_custom_1488837371909{background-image: url(http:\/\/virtuapartner.com\/wp-content\/uploads\/2017\/02\/encart1_virtuartexpo.jpg?id=203) !important;background-position: center !important;background-repeat: no-repeat !important;background-size: cover !important;}&#8221;][vc_column][vc_empty_space height=&#8221;180px&#8221;][vc_column_text] El arte de la visibilidad digital [\/vc_column_text][vc_empty_space height=&#8221;180px&#8221;][\/vc_column][\/vc_row][vc_row][vc_column][vc_column_text] La galer\u00eda port\u00e1til y 24h [\/vc_column_text][\/vc_column][\/vc_row][vc_row type=&#8221;vc_default&#8221; content_placement=&#8221;middle&#8221;][vc_column&hellip;","og_url":"https:\/\/virtuapartner.com\/en\/showrooms-lieux-publics\/","og_site_name":"Virtuapartner","article_modified_time":"2018-04-24T17:18:33+00:00","twitter_card":"summary_large_image","twitter_misc":{"Tiempo de lectura":"16 minutes"},"schema":{"@context":"https:\/\/schema.org","@graph":[{"@type":"WebPage","@id":"https:\/\/virtuapartner.com\/en\/showrooms-lieux-publics\/","url":"https:\/\/virtuapartner.com\/en\/showrooms-lieux-publics\/","name":"Showrooms - Virtuapartner","isPartOf":{"@id":"https:\/\/virtuapartner.com\/fr\/#website"},"datePublished":"2017-03-03T16:45:32+00:00","dateModified":"2018-04-24T17:18:33+00:00","breadcrumb":{"@id":"https:\/\/virtuapartner.com\/en\/showrooms-lieux-publics\/#breadcrumb"},"inLanguage":"es-ES","potentialAction":[{"@type":"ReadAction","target":["https:\/\/virtuapartner.com\/en\/showrooms-lieux-publics\/"]}]},{"@type":"BreadcrumbList","@id":"https:\/\/virtuapartner.com\/en\/showrooms-lieux-publics\/#breadcrumb","itemListElement":[{"@type":"ListItem","position":1,"name":"Accueil","item":"https:\/\/virtuapartner.com\/"},{"@type":"ListItem","position":2,"name":"Showrooms"}]},{"@type":"WebSite","@id":"https:\/\/virtuapartner.com\/fr\/#website","url":"https:\/\/virtuapartner.com\/fr\/","name":"Virtuapartner","description":"Experiencia de inmersi\u00f3n","potentialAction":[{"@type":"SearchAction","target":{"@type":"EntryPoint","urlTemplate":"https:\/\/virtuapartner.com\/fr\/?s={search_term_string}"},"query-input":{"@type":"PropertyValueSpecification","valueRequired":true,"valueName":"search_term_string"}}],"inLanguage":"es-ES"}]}},"_links":{"self":[{"href":"https:\/\/virtuapartner.com\/es\/wp-json\/wp\/v2\/pages\/167","targetHints":{"allow":["GET"]}}],"collection":[{"href":"https:\/\/virtuapartner.com\/es\/wp-json\/wp\/v2\/pages"}],"about":[{"href":"https:\/\/virtuapartner.com\/es\/wp-json\/wp\/v2\/types\/page"}],"author":[{"embeddable":true,"href":"https:\/\/virtuapartner.com\/es\/wp-json\/wp\/v2\/users\/1"}],"replies":[{"embeddable":true,"href":"https:\/\/virtuapartner.com\/es\/wp-json\/wp\/v2\/comments?post=167"}],"version-history":[{"count":27,"href":"https:\/\/virtuapartner.com\/es\/wp-json\/wp\/v2\/pages\/167\/revisions"}],"predecessor-version":[{"id":795,"href":"https:\/\/virtuapartner.com\/es\/wp-json\/wp\/v2\/pages\/167\/revisions\/795"}],"wp:attachment":[{"href":"https:\/\/virtuapartner.com\/es\/wp-json\/wp\/v2\/media?parent=167"}],"curies":[{"name":"wp","href":"https:\/\/api.w.org\/{rel}","templated":true}]}}